{"id":740,"date":"2021-01-04T19:01:06","date_gmt":"2021-01-04T19:01:06","guid":{"rendered":"https:\/\/cunizab.edu.gt\/?page_id=740"},"modified":"2023-05-06T17:41:12","modified_gmt":"2023-05-06T17:41:12","slug":"orientacion-vocacional","status":"publish","type":"page","link":"https:\/\/cunizab.edu.gt\/index.php\/orientacion-vocacional\/","title":{"rendered":"Orientaci\u00f3n Vocacional"},"content":{"rendered":"\t\t<div data-elementor-type=\"wp-page\" data-elementor-id=\"740\" class=\"elementor elementor-740\" data-elementor-settings=\"[]\">\n\t\t\t\t\t\t<div class=\"elementor-inner\">\n\t\t\t\t\t\t\t<div class=\"elementor-section-wrap\">\n\t\t\t\t\t\t\t<section class=\"elementor-section elementor-top-section elementor-element elementor-element-159be63 elementor-section-boxed elementor-section-height-default elementor-section-height-default\" data-id=\"159be63\" data-element_type=\"section\">\n\t\t\t\t\t\t<div class=\"elementor-container elementor-column-gap-default\">\n\t\t\t\t\t\t\t<div class=\"elementor-row\">\n\t\t\t\t\t<div class=\"elementor-column elementor-col-100 elementor-top-column elementor-element elementor-element-b52d391\" data-id=\"b52d391\" data-element_type=\"column\">\n\t\t\t<div class=\"elementor-column-wrap elementor-element-populated\">\n\t\t\t\t\t\t\t<div class=\"elementor-widget-wrap\">\n\t\t\t\t\t\t<div class=\"elementor-element elementor-element-458f81c elementor-widget elementor-widget-heading\" data-id=\"458f81c\" data-element_type=\"widget\" data-widget_type=\"heading.default\">\n\t\t\t\t<div class=\"elementor-widget-container\">\n\t\t\t<h3 class=\"elementor-heading-title elementor-size-default\"><h1 style=\"-webkit-font-smoothing: antialiased; font-family: &quot;Google Sans&quot;, Ubuntu, arial, sans-serif; color: var(--dark-primary-color); font-size: 2em; margin-bottom: 16px; font-weight: 600; line-height: 1.25; border-bottom: 1px solid rgba(139, 139, 139, 0.36); padding-bottom: 0.3em; font-style: normal; white-space: normal;\">Pasos para asignarse a las Pruebas de Orientaci\u00f3n Vocacional<\/h1><\/h3>\t\t<\/div>\n\t\t\t\t<\/div>\n\t\t\t\t\t\t<\/div>\n\t\t\t\t\t<\/div>\n\t\t<\/div>\n\t\t\t\t\t\t\t\t<\/div>\n\t\t\t\t\t<\/div>\n\t\t<\/section>\n\t\t\t\t<section class=\"elementor-section elementor-top-section elementor-element elementor-element-6514b6a elementor-section-boxed elementor-section-height-default elementor-section-height-default\" data-id=\"6514b6a\" data-element_type=\"section\">\n\t\t\t\t\t\t<div class=\"elementor-container elementor-column-gap-default\">\n\t\t\t\t\t\t\t<div class=\"elementor-row\">\n\t\t\t\t\t<div class=\"elementor-column elementor-col-100 elementor-top-column elementor-element elementor-element-d0b43a6\" data-id=\"d0b43a6\" data-element_type=\"column\">\n\t\t\t<div class=\"elementor-column-wrap elementor-element-populated\">\n\t\t\t\t\t\t\t<div class=\"elementor-widget-wrap\">\n\t\t\t\t\t\t<div class=\"elementor-element elementor-element-2fd3693 elementor-widget elementor-widget-eael-adv-accordion\" data-id=\"2fd3693\" data-element_type=\"widget\" data-widget_type=\"eael-adv-accordion.default\">\n\t\t\t\t<div class=\"elementor-widget-container\">\n\t\t\t        <div class=\"eael-adv-accordion\" id=\"eael-adv-accordion-2fd3693\" data-scroll-on-click=\"no\" data-scroll-speed=\"300\" data-accordion-id=\"2fd3693\" data-accordion-type=\"toggle\" data-toogle-speed=\"300\">\n    <div class=\"eael-accordion-list\">\n                <div id=\"orientavocpaso1\" class=\"elementor-tab-title eael-accordion-header active-default\" tabindex=\"0\" data-tab=\"1\" aria-controls=\"elementor-tab-content-5011\"><span class=\"fa-accordion-icon fa-accordion-icon-svg eaa-svg eael-advanced-accordion-icon-closed\"><svg xmlns=\"http:\/\/www.w3.org\/2000\/svg\" xmlns:xlink=\"http:\/\/www.w3.org\/1999\/xlink\" id=\"Layer_1\" x=\"0px\" y=\"0px\" viewBox=\"0 0 122.88 122.88\" style=\"enable-background:new 0 0 122.88 122.88\" xml:space=\"preserve\"><g><path d=\"M61.44,0c16.97,0,32.33,6.88,43.44,18c11.12,11.12,18,26.48,18,43.44c0,16.97-6.88,32.33-18,43.44 c-11.12,11.12-26.48,18-43.44,18c-16.97,0-32.33-6.88-43.44-18C6.88,93.77,0,78.41,0,61.44C0,44.47,6.88,29.11,18,18 C29.11,6.88,44.47,0,61.44,0L61.44,0z M75.59,36.31v50.27H61.72V53.68c-2.24,1.7-4.42,3.07-6.53,4.12 c-2.11,1.05-4.74,2.06-7.91,3.02V49.63c4.67-1.52,8.31-3.34,10.89-5.45c2.59-2.13,4.61-4.75,6.08-7.87H75.59L75.59,36.31z M100.75,22.13C90.69,12.07,76.79,5.85,61.44,5.85c-15.35,0-29.25,6.22-39.31,16.28C12.07,32.19,5.85,46.09,5.85,61.44 c0,15.35,6.22,29.25,16.28,39.31c10.06,10.06,23.96,16.28,39.31,16.28c15.35,0,29.25-6.22,39.31-16.28 c10.06-10.06,16.28-23.96,16.28-39.31C117.03,46.09,110.81,32.19,100.75,22.13L100.75,22.13z\"><\/path><\/g><\/svg><\/span><span class=\"fa-accordion-icon fa-accordion-icon-svg eaa-svg eael-advanced-accordion-icon-opened\"><svg xmlns=\"http:\/\/www.w3.org\/2000\/svg\" xmlns:xlink=\"http:\/\/www.w3.org\/1999\/xlink\" id=\"Layer_1\" x=\"0px\" y=\"0px\" viewBox=\"0 0 122.88 122.88\" style=\"enable-background:new 0 0 122.88 122.88\" xml:space=\"preserve\"><g><path d=\"M61.44,0c16.97,0,32.33,6.88,43.44,18c11.12,11.12,18,26.48,18,43.44c0,16.97-6.88,32.33-18,43.44 c-11.12,11.12-26.48,18-43.44,18c-16.97,0-32.33-6.88-43.44-18C6.88,93.77,0,78.41,0,61.44C0,44.47,6.88,29.11,18,18 C29.11,6.88,44.47,0,61.44,0L61.44,0z M75.59,36.31v50.27H61.72V53.68c-2.24,1.7-4.42,3.07-6.53,4.12 c-2.11,1.05-4.74,2.06-7.91,3.02V49.63c4.67-1.52,8.31-3.34,10.89-5.45c2.59-2.13,4.61-4.75,6.08-7.87H75.59L75.59,36.31z M100.75,22.13C90.69,12.07,76.79,5.85,61.44,5.85c-15.35,0-29.25,6.22-39.31,16.28C12.07,32.19,5.85,46.09,5.85,61.44 c0,15.35,6.22,29.25,16.28,39.31c10.06,10.06,23.96,16.28,39.31,16.28c15.35,0,29.25-6.22,39.31-16.28 c10.06-10.06,16.28-23.96,16.28-39.31C117.03,46.09,110.81,32.19,100.75,22.13L100.75,22.13z\"><\/path><\/g><\/svg><\/span><span class=\"eael-accordion-tab-title\">Paso 1: Generaci\u00f3n de orden de pago<\/span><i aria-hidden=\"true\" class=\"fa-toggle fas fa-angle-right\"><\/i><\/div><div id=\"elementor-tab-content-5011\" class=\"eael-accordion-content clearfix active-default\" data-tab=\"1\" aria-labelledby=\"orientavocpaso1\"><ul><li>Ingrese al sitio web:\u00a0<a href=\"https:\/\/vocacional.usac.edu.gt\/\">vocacional.usac.edu.gt<\/a><\/li><li>Pulse en\u00a0<strong>Inscripci\u00f3n<\/strong>, luego en\u00a0<strong>Generar orden de pago<\/strong><\/li><li>Ingrese su nombre y apellidos\u00a0<strong>completos<\/strong>, n\u00famero de CUI o pasaporte (para extranjeros) y pulse el bot\u00f3n\u00a0<strong>Generar orden de pago<\/strong>. Cancele Q70.00 en cualquiera de las agencias\u00a0<a href=\"https:\/\/www.banrural.com.gt\/\" target=\"_blank\" rel=\"noopener noreferrer\">BANRURAL<\/a>,\u00a0<a href=\"https:\/\/www.gtc.com.gt\/\" target=\"_blank\" rel=\"noopener noreferrer\">GTC (G&amp;T)<\/a>\u00a0o\u00a0<a href=\"https:\/\/www.bantrab.com.gt\/\" target=\"_blank\" rel=\"noopener noreferrer\">BANTRAB<\/a>(al imprimir la orden de pago tendr\u00e1 vigencia de siete d\u00edas para pagarla). La boleta, una vez pagada, solo tendr\u00e1 validez el mismo a\u00f1o que se genere.<\/li><\/ul><\/div>\n                <\/div><div class=\"eael-accordion-list\">\n                <div id=\"orientavocpaso2\" class=\"elementor-tab-title eael-accordion-header active-default\" tabindex=\"0\" data-tab=\"2\" aria-controls=\"elementor-tab-content-5012\"><span class=\"fa-accordion-icon fa-accordion-icon-svg eaa-svg eael-advanced-accordion-icon-closed\"><svg xmlns=\"http:\/\/www.w3.org\/2000\/svg\" xmlns:xlink=\"http:\/\/www.w3.org\/1999\/xlink\" id=\"Layer_1\" x=\"0px\" y=\"0px\" viewBox=\"0 0 122.88 122.88\" style=\"enable-background:new 0 0 122.88 122.88\" xml:space=\"preserve\"><g><path d=\"M61.44,0c16.97,0,32.33,6.88,43.44,18c11.12,11.12,18,26.48,18,43.44c0,16.97-6.88,32.33-18,43.44 c-11.12,11.12-26.48,18-43.44,18c-16.97,0-32.33-6.88-43.44-18C6.88,93.77,0,78.41,0,61.44C0,44.47,6.88,29.11,18,18 C29.11,6.88,44.47,0,61.44,0L61.44,0z M82.15,86.69H40.73c0.47-4.08,1.92-7.93,4.32-11.53c2.41-3.61,6.91-7.86,13.53-12.77 c4.05-3.01,6.64-5.28,7.78-6.85c1.13-1.56,1.7-3.04,1.7-4.44c0-1.51-0.56-2.81-1.68-3.89c-1.12-1.08-2.53-1.61-4.23-1.61 c-1.76,0-3.2,0.56-4.32,1.67c-1.12,1.12-1.87,3.08-2.25,5.9l-13.81-1.12c0.54-3.9,1.54-6.93,2.98-9.11 c1.45-2.19,3.48-3.85,6.1-5.02c2.64-1.17,6.28-1.75,10.93-1.75c4.86,0,8.63,0.55,11.33,1.67c2.69,1.1,4.82,2.8,6.36,5.09 c1.55,2.3,2.32,4.87,2.32,7.71c0,3.02-0.89,5.91-2.66,8.67c-1.77,2.75-5,5.78-9.68,9.08c-2.78,1.92-4.64,3.27-5.57,4.04 c-0.94,0.77-2.04,1.77-3.31,3.02h21.56V86.69L82.15,86.69z M100.75,22.13C90.69,12.07,76.79,5.85,61.44,5.85 c-15.35,0-29.25,6.22-39.31,16.28C12.07,32.19,5.85,46.09,5.85,61.44c0,15.35,6.22,29.25,16.28,39.31 c10.06,10.06,23.96,16.28,39.31,16.28c15.35,0,29.25-6.22,39.31-16.28c10.06-10.06,16.28-23.96,16.28-39.31 C117.03,46.09,110.81,32.19,100.75,22.13L100.75,22.13z\"><\/path><\/g><\/svg><\/span><span class=\"fa-accordion-icon fa-accordion-icon-svg eaa-svg eael-advanced-accordion-icon-opened\"><svg xmlns=\"http:\/\/www.w3.org\/2000\/svg\" xmlns:xlink=\"http:\/\/www.w3.org\/1999\/xlink\" id=\"Layer_1\" x=\"0px\" y=\"0px\" viewBox=\"0 0 122.88 122.88\" style=\"enable-background:new 0 0 122.88 122.88\" xml:space=\"preserve\"><g><path d=\"M61.44,0c16.97,0,32.33,6.88,43.44,18c11.12,11.12,18,26.48,18,43.44c0,16.97-6.88,32.33-18,43.44 c-11.12,11.12-26.48,18-43.44,18c-16.97,0-32.33-6.88-43.44-18C6.88,93.77,0,78.41,0,61.44C0,44.47,6.88,29.11,18,18 C29.11,6.88,44.47,0,61.44,0L61.44,0z M82.15,86.69H40.73c0.47-4.08,1.92-7.93,4.32-11.53c2.41-3.61,6.91-7.86,13.53-12.77 c4.05-3.01,6.64-5.28,7.78-6.85c1.13-1.56,1.7-3.04,1.7-4.44c0-1.51-0.56-2.81-1.68-3.89c-1.12-1.08-2.53-1.61-4.23-1.61 c-1.76,0-3.2,0.56-4.32,1.67c-1.12,1.12-1.87,3.08-2.25,5.9l-13.81-1.12c0.54-3.9,1.54-6.93,2.98-9.11 c1.45-2.19,3.48-3.85,6.1-5.02c2.64-1.17,6.28-1.75,10.93-1.75c4.86,0,8.63,0.55,11.33,1.67c2.69,1.1,4.82,2.8,6.36,5.09 c1.55,2.3,2.32,4.87,2.32,7.71c0,3.02-0.89,5.91-2.66,8.67c-1.77,2.75-5,5.78-9.68,9.08c-2.78,1.92-4.64,3.27-5.57,4.04 c-0.94,0.77-2.04,1.77-3.31,3.02h21.56V86.69L82.15,86.69z M100.75,22.13C90.69,12.07,76.79,5.85,61.44,5.85 c-15.35,0-29.25,6.22-39.31,16.28C12.07,32.19,5.85,46.09,5.85,61.44c0,15.35,6.22,29.25,16.28,39.31 c10.06,10.06,23.96,16.28,39.31,16.28c15.35,0,29.25-6.22,39.31-16.28c10.06-10.06,16.28-23.96,16.28-39.31 C117.03,46.09,110.81,32.19,100.75,22.13L100.75,22.13z\"><\/path><\/g><\/svg><\/span><span class=\"eael-accordion-tab-title\">Paso 2: Proceso de Asignaci\u00f3n<\/span><i aria-hidden=\"true\" class=\"fa-toggle fas fa-angle-right\"><\/i><\/div><div id=\"elementor-tab-content-5012\" class=\"eael-accordion-content clearfix active-default\" data-tab=\"2\" aria-labelledby=\"orientavocpaso2\"><ul><li><p>Ingrese nuevamente a\u00a0<a href=\"https:\/\/vocacional.usac.edu.gt\/\">vocacional.usac.edu.gt<\/a><\/p><\/li><li><p>Pulse en\u00a0<strong>Inscripci\u00f3n<\/strong>, luego pulse en\u00a0<strong>Asignaci\u00f3n en l\u00ednea<\/strong><\/p><\/li><li><p>Ingrese los datos que se solicitan:<\/p><ul><li>N\u00famero de orden de pago (obligatorio).<\/li><li>C\u00f3digo \u00danico de Identificaci\u00f3n (CUI) o No. de pasaporte\u00a0<em>(para extranjeros)<\/em>. Este dato lo puede encontrar en la certificaci\u00f3n de nacimiento o en el Documento Personal de Identificaci\u00f3n (DPI), extendidos por el Registro Nacional de las Personas RENAP (obligatorio).<\/li><li>Correo electr\u00f3nico personal (obligatorio).<\/li><li>Fecha de nacimiento (obligatorio).<\/li><li>Seleccione el lugar de evaluaci\u00f3n (obligatorio).<\/li><li>Seleccione la sede\/centro en d\u00f3nde va a evaluarse (obligatorio).<\/li><li>Seleccione el centro educativo d\u00f3nde se gradu\u00f3\/graduar\u00e1 (obligatorio).<\/li><\/ul><\/li><li><p>Pulse\u00a0<strong>Asignarse<\/strong><\/p><\/li><li><p>Se le mostrar\u00e1 una constancia de asignaci\u00f3n con la\u00a0<strong>fecha y hora de su evaluaci\u00f3n<\/strong>, gu\u00e1rdela como PDF. Tambi\u00e9n se le enviar\u00e1 una copia a su correo electr\u00f3nico.<\/p><\/li><li><p>Complete su perfil ingresando a\u00a0<a href=\"https:\/\/vocacional.usac.edu.gt\/profile\">https:\/\/vocacional.usac.edu.gt\/profile<\/a><\/p><\/li><li><p>Cuando finalice de completar su perfil, presione el bot\u00f3n\u00a0<strong>Guardar<\/strong>.<\/p><\/li><li><p>Espere la fecha y hora de su evaluaci\u00f3n.\u00a0<strong>Debe ser puntual<\/strong>.<\/p><\/li><\/ul><\/div>\n                <\/div><div class=\"eael-accordion-list\">\n                <div id=\"orientavocpaso3\" class=\"elementor-tab-title eael-accordion-header active-default\" tabindex=\"0\" data-tab=\"3\" aria-controls=\"elementor-tab-content-5013\"><span class=\"fa-accordion-icon fa-accordion-icon-svg eaa-svg eael-advanced-accordion-icon-closed\"><svg xmlns=\"http:\/\/www.w3.org\/2000\/svg\" xmlns:xlink=\"http:\/\/www.w3.org\/1999\/xlink\" id=\"Layer_1\" x=\"0px\" y=\"0px\" viewBox=\"0 0 122.88 122.88\" style=\"enable-background:new 0 0 122.88 122.88\" xml:space=\"preserve\"><g><path d=\"M61.44,0c16.97,0,32.33,6.88,43.44,18c11.12,11.12,18,26.48,18,43.44c0,16.97-6.88,32.33-18,43.44 c-11.12,11.12-26.48,18-43.44,18c-16.97,0-32.33-6.88-43.44-18C6.88,93.77,0,78.41,0,61.44C0,44.47,6.88,29.11,18,18 C29.11,6.88,44.47,0,61.44,0L61.44,0z M54.83,51.45l-12.88-2.29c1.07-4.1,3.12-7.24,6.16-9.43c3.04-2.18,7.34-3.28,12.9-3.28 c6.39,0,11,1.19,13.86,3.57c2.84,2.39,4.27,5.39,4.27,9c0,2.11-0.58,4.03-1.74,5.74c-1.15,1.71-2.89,3.22-5.22,4.51 c1.89,0.47,3.34,1.02,4.34,1.64c1.63,1,2.89,2.33,3.79,3.96c0.9,1.64,1.36,3.6,1.36,5.87c0,2.85-0.74,5.59-2.24,8.22 c-1.5,2.61-3.64,4.63-6.45,6.05c-2.81,1.42-6.5,2.12-11.07,2.12c-4.45,0-7.97-0.53-10.54-1.58c-2.58-1.05-4.69-2.58-6.36-4.6 c-1.66-2.02-2.93-4.57-3.82-7.63l13.63-1.82c0.54,2.75,1.36,4.67,2.49,5.73c1.12,1.06,2.55,1.6,4.29,1.6 c1.82,0,3.33-0.67,4.55-2.01c1.21-1.34,1.82-3.12,1.82-5.35c0-2.27-0.58-4.03-1.75-5.29c-1.16-1.24-2.75-1.87-4.75-1.87 c-1.06,0-2.53,0.26-4.4,0.8l0.71-9.74c0.74,0.11,1.32,0.17,1.75,0.17c1.76,0,3.23-0.57,4.41-1.7s1.77-2.47,1.77-4.02 c0-1.5-0.45-2.68-1.32-3.56c-0.89-0.89-2.11-1.34-3.65-1.34c-1.6,0-2.89,0.48-3.89,1.45C55.86,47.35,55.18,49.04,54.83,51.45 L54.83,51.45z M100.75,22.13C90.69,12.07,76.79,5.85,61.44,5.85c-15.35,0-29.25,6.22-39.31,16.28 C12.07,32.19,5.85,46.09,5.85,61.44c0,15.35,6.22,29.25,16.28,39.31c10.06,10.06,23.96,16.28,39.31,16.28 c15.35,0,29.25-6.22,39.31-16.28c10.06-10.06,16.28-23.96,16.28-39.31C117.03,46.09,110.81,32.19,100.75,22.13L100.75,22.13z\"><\/path><\/g><\/svg><\/span><span class=\"fa-accordion-icon fa-accordion-icon-svg eaa-svg eael-advanced-accordion-icon-opened\"><svg xmlns=\"http:\/\/www.w3.org\/2000\/svg\" xmlns:xlink=\"http:\/\/www.w3.org\/1999\/xlink\" id=\"Layer_1\" x=\"0px\" y=\"0px\" viewBox=\"0 0 122.88 122.88\" style=\"enable-background:new 0 0 122.88 122.88\" xml:space=\"preserve\"><g><path d=\"M61.44,0c16.97,0,32.33,6.88,43.44,18c11.12,11.12,18,26.48,18,43.44c0,16.97-6.88,32.33-18,43.44 c-11.12,11.12-26.48,18-43.44,18c-16.97,0-32.33-6.88-43.44-18C6.88,93.77,0,78.41,0,61.44C0,44.47,6.88,29.11,18,18 C29.11,6.88,44.47,0,61.44,0L61.44,0z M54.83,51.45l-12.88-2.29c1.07-4.1,3.12-7.24,6.16-9.43c3.04-2.18,7.34-3.28,12.9-3.28 c6.39,0,11,1.19,13.86,3.57c2.84,2.39,4.27,5.39,4.27,9c0,2.11-0.58,4.03-1.74,5.74c-1.15,1.71-2.89,3.22-5.22,4.51 c1.89,0.47,3.34,1.02,4.34,1.64c1.63,1,2.89,2.33,3.79,3.96c0.9,1.64,1.36,3.6,1.36,5.87c0,2.85-0.74,5.59-2.24,8.22 c-1.5,2.61-3.64,4.63-6.45,6.05c-2.81,1.42-6.5,2.12-11.07,2.12c-4.45,0-7.97-0.53-10.54-1.58c-2.58-1.05-4.69-2.58-6.36-4.6 c-1.66-2.02-2.93-4.57-3.82-7.63l13.63-1.82c0.54,2.75,1.36,4.67,2.49,5.73c1.12,1.06,2.55,1.6,4.29,1.6 c1.82,0,3.33-0.67,4.55-2.01c1.21-1.34,1.82-3.12,1.82-5.35c0-2.27-0.58-4.03-1.75-5.29c-1.16-1.24-2.75-1.87-4.75-1.87 c-1.06,0-2.53,0.26-4.4,0.8l0.71-9.74c0.74,0.11,1.32,0.17,1.75,0.17c1.76,0,3.23-0.57,4.41-1.7s1.77-2.47,1.77-4.02 c0-1.5-0.45-2.68-1.32-3.56c-0.89-0.89-2.11-1.34-3.65-1.34c-1.6,0-2.89,0.48-3.89,1.45C55.86,47.35,55.18,49.04,54.83,51.45 L54.83,51.45z M100.75,22.13C90.69,12.07,76.79,5.85,61.44,5.85c-15.35,0-29.25,6.22-39.31,16.28 C12.07,32.19,5.85,46.09,5.85,61.44c0,15.35,6.22,29.25,16.28,39.31c10.06,10.06,23.96,16.28,39.31,16.28 c15.35,0,29.25-6.22,39.31-16.28c10.06-10.06,16.28-23.96,16.28-39.31C117.03,46.09,110.81,32.19,100.75,22.13L100.75,22.13z\"><\/path><\/g><\/svg><\/span><span class=\"eael-accordion-tab-title\">Paso 3: Proceso para realizar la Prueba en L\u00ednea<\/span><i aria-hidden=\"true\" class=\"fa-toggle fas fa-angle-right\"><\/i><\/div><div id=\"elementor-tab-content-5013\" class=\"eael-accordion-content clearfix active-default\" data-tab=\"3\" aria-labelledby=\"orientavocpaso3\"><ul><li><p>Ingrese al sitio web:\u00a0<a href=\"https:\/\/vocacional.usac.edu.gt\/\">vocacional.usac.edu.gt<\/a><\/p><\/li><li><p>Ingrese a\u00a0<strong>Prueba de Orientaci\u00f3n Vocacional<\/strong>.<\/p><\/li><li><p>Si no ha iniciado sesi\u00f3n, se le pedir\u00e1 que ingrese su n\u00famero de CUI o n\u00famero de pasaporte -si es extranjero- y fecha de nacimiento. Luego, haga clic en\u00a0<strong>INICIAR SESI\u00d3N<\/strong>.<\/p><\/li><li><p>Verifique que sus datos est\u00e9n correctos en su perfil, antes de iniciar la prueba. Luego haga clic en\u00a0<strong>GUARDAR<\/strong>\u00a0y luego clic en\u00a0<strong>IR A REALIZAR PRUEBA<\/strong>.<\/p><\/li><li><p>Para iniciar la prueba, haga clic en\u00a0<strong>REALIZAR PRUEBA<\/strong>.<\/p><\/li><li><p>Lea bien las instrucciones y los ejemplos, para interactuar de forma correcta con el sistema. En las instrucciones se le indicar\u00e1 el tiempo que tendr\u00e1 para realizar la prueba. Cuando est\u00e9 listo, haga clic en\u00a0<strong>REALIZAR PRUEBA<\/strong>.<\/p><\/li><li><p>Al finalizar, podr\u00e1 ver sus resultados preliminares haciendo clic en\u00a0<strong>VER RESULTADOS<\/strong>.<\/p><\/li><li><p>Aparecer\u00e1 su resultado preliminar, el cual le servir\u00e1 para la interpretaci\u00f3n de resultados con el orientador vocacional en modalidad virtual. Es requisito que finalice esta actividad para poder habilitar el perfil de resultados, lo que le permitir\u00e1 continuar con su proceso de ingreso.<\/p><\/li><li><p>El reporte generado tendr\u00e1 un C\u00f3digo QR para verificar la veracidad de los resultados.<\/p><\/li><li><p>Puede descargar su informe haciendo clic en\u00a0<strong>DESCARGAR PDF<\/strong>.<\/p><\/li><\/ul><blockquote><p>NOTA: Revise sus datos, si hay alg\u00fan error en la asignaci\u00f3n y su lugar de evaluaci\u00f3n es Campus Central, escriba al Messenger de la\u00a0<a href=\"https:\/\/m.me\/ExamenVocacionalUSAC\">P\u00e1gina de Facebook Examen Vocacional USAC<\/a>; si realiz\u00f3 su asignaci\u00f3n en un Centro Universitario, debe consultar el Directorio de Centros Universitarios de la Secci\u00f3n de Orientaci\u00f3n Vocacional, en donde encontrar\u00e1 los contactos para hacer su solicitud en cuanto al cambio correspondiente.<\/p><\/blockquote><\/div>\n                <\/div><\/div>\t\t<\/div>\n\t\t\t\t<\/div>\n\t\t\t\t\t\t<\/div>\n\t\t\t\t\t<\/div>\n\t\t<\/div>\n\t\t\t\t\t\t\t\t<\/div>\n\t\t\t\t\t<\/div>\n\t\t<\/section>\n\t\t\t\t\t\t<\/div>\n\t\t\t\t\t\t<\/div>\n\t\t\t\t\t<\/div>\n\t\t ","protected":false},"excerpt":{"rendered":"<p>Pasos para asignarse a las Pruebas de Orientaci\u00f3n Vocacional Paso 1: Generaci\u00f3n de orden de pago Ingrese al sitio web:\u00a0vocacional.usac.edu.gt Pulse en\u00a0Inscripci\u00f3n, luego en\u00a0Generar orden de pago Ingrese su nombre y apellidos\u00a0completos, n\u00famero de CUI o pasaporte (para extranjeros) y pulse el bot\u00f3n\u00a0Generar orden de pago. Cancele Q70.00 en cualquiera de las agencias\u00a0BANRURAL,\u00a0GTC (G&amp;T)\u00a0o\u00a0BANTRAB(al imprimir &hellip;<\/p>\n<p class=\"read-more\"> <a class=\"\" href=\"https:\/\/cunizab.edu.gt\/index.php\/orientacion-vocacional\/\"> <span class=\"screen-reader-text\">Orientaci\u00f3n Vocacional<\/span> Read More &raquo;<\/a><\/p>\n","protected":false},"author":2,"featured_media":0,"parent":0,"menu_order":0,"comment_status":"closed","ping_status":"closed","template":"","meta":{"footnotes":""},"class_list":["post-740","page","type-page","status-publish","hentry"],"_links":{"self":[{"href":"https:\/\/cunizab.edu.gt\/index.php\/wp-json\/wp\/v2\/pages\/740","targetHints":{"allow":["GET"]}}],"collection":[{"href":"https:\/\/cunizab.edu.gt\/index.php\/wp-json\/wp\/v2\/pages"}],"about":[{"href":"https:\/\/cunizab.edu.gt\/index.php\/wp-json\/wp\/v2\/types\/page"}],"author":[{"embeddable":true,"href":"https:\/\/cunizab.edu.gt\/index.php\/wp-json\/wp\/v2\/users\/2"}],"replies":[{"embeddable":true,"href":"https:\/\/cunizab.edu.gt\/index.php\/wp-json\/wp\/v2\/comments?post=740"}],"version-history":[{"count":95,"href":"https:\/\/cunizab.edu.gt\/index.php\/wp-json\/wp\/v2\/pages\/740\/revisions"}],"predecessor-version":[{"id":5879,"href":"https:\/\/cunizab.edu.gt\/index.php\/wp-json\/wp\/v2\/pages\/740\/revisions\/5879"}],"wp:attachment":[{"href":"https:\/\/cunizab.edu.gt\/index.php\/wp-json\/wp\/v2\/media?parent=740"}],"curies":[{"name":"wp","href":"https:\/\/api.w.org\/{rel}","templated":true}]}}