{"id":5251,"date":"2024-12-14T15:43:19","date_gmt":"2024-12-14T15:43:19","guid":{"rendered":"https:\/\/cunizab.edu.gt\/?page_id=5251"},"modified":"2024-12-14T16:13:06","modified_gmt":"2024-12-14T16:13:06","slug":"docenteslicenciaturacontaduriapublicaauditoria","status":"publish","type":"page","link":"https:\/\/cunizab.edu.gt\/index.php\/docenteslicenciaturacontaduriapublicaauditoria\/","title":{"rendered":"DocentesLicenciaturaContaduriaPublicaAuditoria"},"content":{"rendered":"\t\t<div data-elementor-type=\"wp-page\" data-elementor-id=\"5251\" class=\"elementor elementor-5251\" data-elementor-settings=\"[]\">\n\t\t\t\t\t\t<div class=\"elementor-inner\">\n\t\t\t\t\t\t\t<div class=\"elementor-section-wrap\">\n\t\t\t\t\t\t\t<section class=\"elementor-section elementor-top-section elementor-element elementor-element-6ed14f28 elementor-section-height-min-height elementor-section-boxed elementor-section-height-default elementor-section-items-middle\" data-id=\"6ed14f28\" data-element_type=\"section\" data-settings=\"{&quot;background_background&quot;:&quot;classic&quot;}\">\n\t\t\t\t\t\t\t<div class=\"elementor-background-overlay\"><\/div>\n\t\t\t\t\t\t\t<div class=\"elementor-container elementor-column-gap-default\">\n\t\t\t\t\t\t\t<div class=\"elementor-row\">\n\t\t\t\t\t<div class=\"elementor-column elementor-col-100 elementor-top-column elementor-element elementor-element-6c3ba920 elementor-invisible\" data-id=\"6c3ba920\" data-element_type=\"column\" data-settings=\"{&quot;animation&quot;:&quot;slideInUp&quot;}\">\n\t\t\t<div class=\"elementor-column-wrap elementor-element-populated\">\n\t\t\t\t\t\t\t<div class=\"elementor-widget-wrap\">\n\t\t\t\t\t\t<div class=\"elementor-element elementor-element-7c207e3e elementor-widget elementor-widget-heading\" data-id=\"7c207e3e\" data-element_type=\"widget\" data-widget_type=\"heading.default\">\n\t\t\t\t<div class=\"elementor-widget-container\">\n\t\t\t<h1 class=\"elementor-heading-title elementor-size-default\">Docentes de Licenciatura en Contadur\u00eda P\u00fablica y Auditor\u00eda<\/h1>\t\t<\/div>\n\t\t\t\t<\/div>\n\t\t\t\t<div class=\"elementor-element elementor-element-475d98b8 elementor-widget-divider--view-line elementor-widget elementor-widget-divider\" data-id=\"475d98b8\" data-element_type=\"widget\" data-widget_type=\"divider.default\">\n\t\t\t\t<div class=\"elementor-widget-container\">\n\t\t\t\t\t<div class=\"elementor-divider\">\n\t\t\t<span class=\"elementor-divider-separator\">\n\t\t\t\t\t\t<\/span>\n\t\t<\/div>\n\t\t\t\t<\/div>\n\t\t\t\t<\/div>\n\t\t\t\t\t\t<\/div>\n\t\t\t\t\t<\/div>\n\t\t<\/div>\n\t\t\t\t\t\t\t\t<\/div>\n\t\t\t\t\t<\/div>\n\t\t<\/section>\n\t\t\t\t<section class=\"elementor-section elementor-top-section elementor-element elementor-element-6ae45db1 elementor-section-boxed elementor-section-height-default elementor-section-height-default\" data-id=\"6ae45db1\" data-element_type=\"section\">\n\t\t\t\t\t\t<div class=\"elementor-container elementor-column-gap-default\">\n\t\t\t\t\t\t\t<div class=\"elementor-row\">\n\t\t\t\t\t<div class=\"elementor-column elementor-col-25 elementor-top-column elementor-element elementor-element-cbdfc1b\" data-id=\"cbdfc1b\" data-element_type=\"column\">\n\t\t\t<div class=\"elementor-column-wrap elementor-element-populated\">\n\t\t\t\t\t\t\t<div class=\"elementor-widget-wrap\">\n\t\t\t\t\t\t<div class=\"elementor-element elementor-element-299856c elementor-position-top elementor-vertical-align-top elementor-widget elementor-widget-image-box\" data-id=\"299856c\" data-element_type=\"widget\" data-widget_type=\"image-box.default\">\n\t\t\t\t<div class=\"elementor-widget-container\">\n\t\t\t<div class=\"elementor-image-box-wrapper\"><figure class=\"elementor-image-box-img\"><img loading=\"lazy\" decoding=\"async\" width=\"602\" height=\"676\" src=\"https:\/\/cunizab.edu.gt\/wp-content\/uploads\/2024\/12\/3.png\" class=\"elementor-animation-shrink attachment-full size-full\" alt=\"\" srcset=\"https:\/\/cunizab.edu.gt\/wp-content\/uploads\/2024\/12\/3.png 602w, https:\/\/cunizab.edu.gt\/wp-content\/uploads\/2024\/12\/3-267x300.png 267w, https:\/\/cunizab.edu.gt\/wp-content\/uploads\/2024\/12\/3-600x674.png 600w, https:\/\/cunizab.edu.gt\/wp-content\/uploads\/2024\/12\/3-64x72.png 64w\" sizes=\"auto, (max-width: 602px) 100vw, 602px\" \/><\/figure><div class=\"elementor-image-box-content\"><h3 class=\"elementor-image-box-title\">Lic. C\u00e9sar Anibal Rodas V\u00e9liz<\/h3><p class=\"elementor-image-box-description\">Licenciado en Contadur\u00eda P\u00fablica y Auditor\u00eda<\/p><\/div><\/div>\t\t<\/div>\n\t\t\t\t<\/div>\n\t\t\t\t\t\t<\/div>\n\t\t\t\t\t<\/div>\n\t\t<\/div>\n\t\t\t\t<div class=\"elementor-column elementor-col-25 elementor-top-column elementor-element elementor-element-79a48db\" data-id=\"79a48db\" data-element_type=\"column\">\n\t\t\t<div class=\"elementor-column-wrap elementor-element-populated\">\n\t\t\t\t\t\t\t<div class=\"elementor-widget-wrap\">\n\t\t\t\t\t\t<div class=\"elementor-element elementor-element-bbd58d5 elementor-position-top elementor-vertical-align-top elementor-widget elementor-widget-image-box\" data-id=\"bbd58d5\" data-element_type=\"widget\" data-widget_type=\"image-box.default\">\n\t\t\t\t<div class=\"elementor-widget-container\">\n\t\t\t<div class=\"elementor-image-box-wrapper\"><figure class=\"elementor-image-box-img\"><img loading=\"lazy\" decoding=\"async\" width=\"602\" height=\"676\" src=\"https:\/\/cunizab.edu.gt\/wp-content\/uploads\/2024\/12\/1-1.png\" class=\"elementor-animation-shrink attachment-full size-full\" alt=\"\" srcset=\"https:\/\/cunizab.edu.gt\/wp-content\/uploads\/2024\/12\/1-1.png 602w, https:\/\/cunizab.edu.gt\/wp-content\/uploads\/2024\/12\/1-1-267x300.png 267w, https:\/\/cunizab.edu.gt\/wp-content\/uploads\/2024\/12\/1-1-600x674.png 600w, https:\/\/cunizab.edu.gt\/wp-content\/uploads\/2024\/12\/1-1-64x72.png 64w\" sizes=\"auto, (max-width: 602px) 100vw, 602px\" \/><\/figure><div class=\"elementor-image-box-content\"><h3 class=\"elementor-image-box-title\">Lic. Luis Enrique Sagastume Chew<\/h3><p class=\"elementor-image-box-description\">M.A. Lcdo. Contador P\u00fablico y Auditor<\/p><\/div><\/div>\t\t<\/div>\n\t\t\t\t<\/div>\n\t\t\t\t\t\t<\/div>\n\t\t\t\t\t<\/div>\n\t\t<\/div>\n\t\t\t\t<div class=\"elementor-column elementor-col-25 elementor-top-column elementor-element elementor-element-5416381\" data-id=\"5416381\" data-element_type=\"column\">\n\t\t\t<div class=\"elementor-column-wrap elementor-element-populated\">\n\t\t\t\t\t\t\t<div class=\"elementor-widget-wrap\">\n\t\t\t\t\t\t<div class=\"elementor-element elementor-element-e331143 elementor-position-top elementor-vertical-align-top elementor-widget elementor-widget-image-box\" data-id=\"e331143\" data-element_type=\"widget\" data-widget_type=\"image-box.default\">\n\t\t\t\t<div class=\"elementor-widget-container\">\n\t\t\t<div class=\"elementor-image-box-wrapper\"><figure class=\"elementor-image-box-img\"><img loading=\"lazy\" decoding=\"async\" width=\"602\" height=\"676\" src=\"https:\/\/cunizab.edu.gt\/wp-content\/uploads\/2024\/12\/2-1.png\" class=\"elementor-animation-shrink attachment-full size-full\" alt=\"\" srcset=\"https:\/\/cunizab.edu.gt\/wp-content\/uploads\/2024\/12\/2-1.png 602w, https:\/\/cunizab.edu.gt\/wp-content\/uploads\/2024\/12\/2-1-267x300.png 267w, https:\/\/cunizab.edu.gt\/wp-content\/uploads\/2024\/12\/2-1-600x674.png 600w, https:\/\/cunizab.edu.gt\/wp-content\/uploads\/2024\/12\/2-1-64x72.png 64w\" sizes=\"auto, (max-width: 602px) 100vw, 602px\" \/><\/figure><div class=\"elementor-image-box-content\"><h3 class=\"elementor-image-box-title\">Lic. Marcelino Cayetano Bo Caal<\/h3><p class=\"elementor-image-box-description\">Licenciado en Contadur\u00eda P\u00fablica y Auditor\u00eda<\/p><\/div><\/div>\t\t<\/div>\n\t\t\t\t<\/div>\n\t\t\t\t\t\t<\/div>\n\t\t\t\t\t<\/div>\n\t\t<\/div>\n\t\t\t\t<div class=\"elementor-column elementor-col-25 elementor-top-column elementor-element elementor-element-ea4b29a\" data-id=\"ea4b29a\" data-element_type=\"column\">\n\t\t\t<div class=\"elementor-column-wrap elementor-element-populated\">\n\t\t\t\t\t\t\t<div class=\"elementor-widget-wrap\">\n\t\t\t\t\t\t<div class=\"elementor-element elementor-element-a73a587 elementor-position-top elementor-vertical-align-top elementor-widget elementor-widget-image-box\" data-id=\"a73a587\" data-element_type=\"widget\" data-widget_type=\"image-box.default\">\n\t\t\t\t<div class=\"elementor-widget-container\">\n\t\t\t<div class=\"elementor-image-box-wrapper\"><figure class=\"elementor-image-box-img\"><img loading=\"lazy\" decoding=\"async\" width=\"602\" height=\"676\" src=\"https:\/\/cunizab.edu.gt\/wp-content\/uploads\/2024\/12\/4.png\" class=\"elementor-animation-shrink attachment-full size-full\" alt=\"\" srcset=\"https:\/\/cunizab.edu.gt\/wp-content\/uploads\/2024\/12\/4.png 602w, https:\/\/cunizab.edu.gt\/wp-content\/uploads\/2024\/12\/4-267x300.png 267w, https:\/\/cunizab.edu.gt\/wp-content\/uploads\/2024\/12\/4-600x674.png 600w, https:\/\/cunizab.edu.gt\/wp-content\/uploads\/2024\/12\/4-64x72.png 64w\" sizes=\"auto, (max-width: 602px) 100vw, 602px\" \/><\/figure><div class=\"elementor-image-box-content\"><h3 class=\"elementor-image-box-title\">Lic. Rafael Edgardo Nova Ram\u00edrez<\/h3><p class=\"elementor-image-box-description\">Licenciado en Contadur\u00eda P\u00fablica y Auditor\u00eda<\/p><\/div><\/div>\t\t<\/div>\n\t\t\t\t<\/div>\n\t\t\t\t\t\t<\/div>\n\t\t\t\t\t<\/div>\n\t\t<\/div>\n\t\t\t\t\t\t\t\t<\/div>\n\t\t\t\t\t<\/div>\n\t\t<\/section>\n\t\t\t\t<section class=\"elementor-section elementor-top-section elementor-element elementor-element-a648328 elementor-section-boxed elementor-section-height-default elementor-section-height-default\" data-id=\"a648328\" data-element_type=\"section\">\n\t\t\t\t\t\t<div class=\"elementor-container elementor-column-gap-default\">\n\t\t\t\t\t\t\t<div class=\"elementor-row\">\n\t\t\t\t\t<div class=\"elementor-column elementor-col-25 elementor-top-column elementor-element elementor-element-50a24f4\" data-id=\"50a24f4\" data-element_type=\"column\">\n\t\t\t<div class=\"elementor-column-wrap elementor-element-populated\">\n\t\t\t\t\t\t\t<div class=\"elementor-widget-wrap\">\n\t\t\t\t\t\t<div class=\"elementor-element elementor-element-87ac36e elementor-position-top elementor-vertical-align-top elementor-widget elementor-widget-image-box\" data-id=\"87ac36e\" data-element_type=\"widget\" data-widget_type=\"image-box.default\">\n\t\t\t\t<div class=\"elementor-widget-container\">\n\t\t\t<div class=\"elementor-image-box-wrapper\"><figure class=\"elementor-image-box-img\"><img loading=\"lazy\" decoding=\"async\" width=\"602\" height=\"676\" src=\"https:\/\/cunizab.edu.gt\/wp-content\/uploads\/2024\/12\/5.png\" class=\"elementor-animation-shrink attachment-full size-full\" alt=\"\" srcset=\"https:\/\/cunizab.edu.gt\/wp-content\/uploads\/2024\/12\/5.png 602w, https:\/\/cunizab.edu.gt\/wp-content\/uploads\/2024\/12\/5-267x300.png 267w, https:\/\/cunizab.edu.gt\/wp-content\/uploads\/2024\/12\/5-600x674.png 600w, https:\/\/cunizab.edu.gt\/wp-content\/uploads\/2024\/12\/5-64x72.png 64w\" sizes=\"auto, (max-width: 602px) 100vw, 602px\" \/><\/figure><div class=\"elementor-image-box-content\"><h3 class=\"elementor-image-box-title\">Lcda. Ilce Nohem\u00ed Morales Cer\u00f3n<\/h3><p class=\"elementor-image-box-description\">Licenciada en Administraci\u00f3n de Empresas<\/p><\/div><\/div>\t\t<\/div>\n\t\t\t\t<\/div>\n\t\t\t\t\t\t<\/div>\n\t\t\t\t\t<\/div>\n\t\t<\/div>\n\t\t\t\t<div class=\"elementor-column elementor-col-25 elementor-top-column elementor-element elementor-element-e423ee9\" data-id=\"e423ee9\" data-element_type=\"column\">\n\t\t\t<div class=\"elementor-column-wrap elementor-element-populated\">\n\t\t\t\t\t\t\t<div class=\"elementor-widget-wrap\">\n\t\t\t\t\t\t<div class=\"elementor-element elementor-element-5b3ffd1 elementor-position-top elementor-vertical-align-top elementor-widget elementor-widget-image-box\" data-id=\"5b3ffd1\" data-element_type=\"widget\" data-widget_type=\"image-box.default\">\n\t\t\t\t<div class=\"elementor-widget-container\">\n\t\t\t<div class=\"elementor-image-box-wrapper\"><figure class=\"elementor-image-box-img\"><img loading=\"lazy\" decoding=\"async\" width=\"602\" height=\"676\" src=\"https:\/\/cunizab.edu.gt\/wp-content\/uploads\/2024\/12\/6.png\" class=\"elementor-animation-shrink attachment-full size-full\" alt=\"\" srcset=\"https:\/\/cunizab.edu.gt\/wp-content\/uploads\/2024\/12\/6.png 602w, https:\/\/cunizab.edu.gt\/wp-content\/uploads\/2024\/12\/6-267x300.png 267w, https:\/\/cunizab.edu.gt\/wp-content\/uploads\/2024\/12\/6-600x674.png 600w, https:\/\/cunizab.edu.gt\/wp-content\/uploads\/2024\/12\/6-64x72.png 64w\" sizes=\"auto, (max-width: 602px) 100vw, 602px\" \/><\/figure><div class=\"elementor-image-box-content\"><h3 class=\"elementor-image-box-title\">Lic. Cristian Antonio Pineda Barreira<\/h3><p class=\"elementor-image-box-description\">MA. Licenciado en Contadur\u00eda P\u00fablica y Auditor\u00eda<\/p><\/div><\/div>\t\t<\/div>\n\t\t\t\t<\/div>\n\t\t\t\t\t\t<\/div>\n\t\t\t\t\t<\/div>\n\t\t<\/div>\n\t\t\t\t<div class=\"elementor-column elementor-col-25 elementor-top-column elementor-element elementor-element-ea014ca\" data-id=\"ea014ca\" data-element_type=\"column\">\n\t\t\t<div class=\"elementor-column-wrap elementor-element-populated\">\n\t\t\t\t\t\t\t<div class=\"elementor-widget-wrap\">\n\t\t\t\t\t\t<div class=\"elementor-element elementor-element-8f09f27 elementor-position-top elementor-vertical-align-top elementor-widget elementor-widget-image-box\" data-id=\"8f09f27\" data-element_type=\"widget\" data-widget_type=\"image-box.default\">\n\t\t\t\t<div class=\"elementor-widget-container\">\n\t\t\t<div class=\"elementor-image-box-wrapper\"><figure class=\"elementor-image-box-img\"><img loading=\"lazy\" decoding=\"async\" width=\"602\" height=\"676\" src=\"https:\/\/cunizab.edu.gt\/wp-content\/uploads\/2024\/12\/7.png\" class=\"elementor-animation-shrink attachment-full size-full\" alt=\"\" srcset=\"https:\/\/cunizab.edu.gt\/wp-content\/uploads\/2024\/12\/7.png 602w, https:\/\/cunizab.edu.gt\/wp-content\/uploads\/2024\/12\/7-267x300.png 267w, https:\/\/cunizab.edu.gt\/wp-content\/uploads\/2024\/12\/7-600x674.png 600w, https:\/\/cunizab.edu.gt\/wp-content\/uploads\/2024\/12\/7-64x72.png 64w\" sizes=\"auto, (max-width: 602px) 100vw, 602px\" \/><\/figure><div class=\"elementor-image-box-content\"><h3 class=\"elementor-image-box-title\">Lic. Efra\u00edn Estuardo Chinchilla Gir\u00f3n<\/h3><p class=\"elementor-image-box-description\">Licenciado en Administraci\u00f3n de Empresas<\/p><\/div><\/div>\t\t<\/div>\n\t\t\t\t<\/div>\n\t\t\t\t\t\t<\/div>\n\t\t\t\t\t<\/div>\n\t\t<\/div>\n\t\t\t\t<div class=\"elementor-column elementor-col-25 elementor-top-column elementor-element elementor-element-ba8cd2f\" data-id=\"ba8cd2f\" data-element_type=\"column\">\n\t\t\t<div class=\"elementor-column-wrap elementor-element-populated\">\n\t\t\t\t\t\t\t<div class=\"elementor-widget-wrap\">\n\t\t\t\t\t\t<div class=\"elementor-element elementor-element-17eecde elementor-position-top elementor-vertical-align-top elementor-widget elementor-widget-image-box\" data-id=\"17eecde\" data-element_type=\"widget\" data-widget_type=\"image-box.default\">\n\t\t\t\t<div class=\"elementor-widget-container\">\n\t\t\t<div class=\"elementor-image-box-wrapper\"><figure class=\"elementor-image-box-img\"><img loading=\"lazy\" decoding=\"async\" width=\"602\" height=\"676\" src=\"https:\/\/cunizab.edu.gt\/wp-content\/uploads\/2024\/12\/08.png\" class=\"elementor-animation-shrink attachment-full size-full\" alt=\"\" srcset=\"https:\/\/cunizab.edu.gt\/wp-content\/uploads\/2024\/12\/08.png 602w, https:\/\/cunizab.edu.gt\/wp-content\/uploads\/2024\/12\/08-267x300.png 267w, https:\/\/cunizab.edu.gt\/wp-content\/uploads\/2024\/12\/08-600x674.png 600w, https:\/\/cunizab.edu.gt\/wp-content\/uploads\/2024\/12\/08-64x72.png 64w\" sizes=\"auto, (max-width: 602px) 100vw, 602px\" \/><\/figure><div class=\"elementor-image-box-content\"><h3 class=\"elementor-image-box-title\">Lic. Evelg\u00fcin Quevedo Mor\u00e1n<\/h3><p class=\"elementor-image-box-description\">MSc. Licenciado en Ciencias Jur\u00eddicas y Sociales, Abogado y Notario<\/p><\/div><\/div>\t\t<\/div>\n\t\t\t\t<\/div>\n\t\t\t\t\t\t<\/div>\n\t\t\t\t\t<\/div>\n\t\t<\/div>\n\t\t\t\t\t\t\t\t<\/div>\n\t\t\t\t\t<\/div>\n\t\t<\/section>\n\t\t\t\t\t\t<\/div>\n\t\t\t\t\t\t<\/div>\n\t\t\t\t\t<\/div>\n\t\t ","protected":false},"excerpt":{"rendered":"<p>Docentes de Licenciatura en Contadur\u00eda P\u00fablica y Auditor\u00eda Lic. C\u00e9sar Anibal Rodas V\u00e9liz Licenciado en Contadur\u00eda P\u00fablica y Auditor\u00eda Lic. Luis Enrique Sagastume Chew M.A. Lcdo. Contador P\u00fablico y Auditor Lic. Marcelino Cayetano Bo Caal Licenciado en Contadur\u00eda P\u00fablica y Auditor\u00eda Lic. Rafael Edgardo Nova Ram\u00edrez Licenciado en Contadur\u00eda P\u00fablica y Auditor\u00eda Lcda. Ilce Nohem\u00ed &hellip;<\/p>\n<p class=\"read-more\"> <a class=\"\" href=\"https:\/\/cunizab.edu.gt\/index.php\/docenteslicenciaturacontaduriapublicaauditoria\/\"> <span class=\"screen-reader-text\">DocentesLicenciaturaContaduriaPublicaAuditoria<\/span> Read More &raquo;<\/a><\/p>\n","protected":false},"author":1,"featured_media":0,"parent":0,"menu_order":0,"comment_status":"closed","ping_status":"closed","template":"","meta":{"footnotes":""},"class_list":["post-5251","page","type-page","status-publish","hentry"],"_links":{"self":[{"href":"https:\/\/cunizab.edu.gt\/index.php\/wp-json\/wp\/v2\/pages\/5251","targetHints":{"allow":["GET"]}}],"collection":[{"href":"https:\/\/cunizab.edu.gt\/index.php\/wp-json\/wp\/v2\/pages"}],"about":[{"href":"https:\/\/cunizab.edu.gt\/index.php\/wp-json\/wp\/v2\/types\/page"}],"author":[{"embeddable":true,"href":"https:\/\/cunizab.edu.gt\/index.php\/wp-json\/wp\/v2\/users\/1"}],"replies":[{"embeddable":true,"href":"https:\/\/cunizab.edu.gt\/index.php\/wp-json\/wp\/v2\/comments?post=5251"}],"version-history":[{"count":52,"href":"https:\/\/cunizab.edu.gt\/index.php\/wp-json\/wp\/v2\/pages\/5251\/revisions"}],"predecessor-version":[{"id":5315,"href":"https:\/\/cunizab.edu.gt\/index.php\/wp-json\/wp\/v2\/pages\/5251\/revisions\/5315"}],"wp:attachment":[{"href":"https:\/\/cunizab.edu.gt\/index.php\/wp-json\/wp\/v2\/media?parent=5251"}],"curies":[{"name":"wp","href":"https:\/\/api.w.org\/{rel}","templated":true}]}}