{"id":4924,"date":"2024-09-28T04:44:12","date_gmt":"2024-09-28T04:44:12","guid":{"rendered":"https:\/\/cunizab.edu.gt\/?page_id=4924"},"modified":"2024-09-28T14:50:50","modified_gmt":"2024-09-28T14:50:50","slug":"perfilvoluntarioiici","status":"publish","type":"page","link":"https:\/\/cunizab.edu.gt\/index.php\/perfilvoluntarioiici\/","title":{"rendered":"PerfilVoluntarioIICI"},"content":{"rendered":"\t\t<div data-elementor-type=\"wp-page\" data-elementor-id=\"4924\" class=\"elementor elementor-4924\" data-elementor-settings=\"[]\">\n\t\t\t\t\t\t<div class=\"elementor-inner\">\n\t\t\t\t\t\t\t<div class=\"elementor-section-wrap\">\n\t\t\t\t\t\t\t<section class=\"elementor-section elementor-top-section elementor-element elementor-element-4a3bc2d elementor-section-height-min-height elementor-section-boxed elementor-section-height-default elementor-section-items-middle\" data-id=\"4a3bc2d\" data-element_type=\"section\" data-settings=\"{&quot;background_background&quot;:&quot;classic&quot;}\">\n\t\t\t\t\t\t\t<div class=\"elementor-background-overlay\"><\/div>\n\t\t\t\t\t\t\t<div class=\"elementor-container elementor-column-gap-default\">\n\t\t\t\t\t\t\t<div class=\"elementor-row\">\n\t\t\t\t\t<div class=\"elementor-column elementor-col-100 elementor-top-column elementor-element elementor-element-abfbce3 elementor-invisible\" data-id=\"abfbce3\" data-element_type=\"column\" data-settings=\"{&quot;animation&quot;:&quot;fadeInUp&quot;}\">\n\t\t\t<div class=\"elementor-column-wrap elementor-element-populated\">\n\t\t\t\t\t\t\t<div class=\"elementor-widget-wrap\">\n\t\t\t\t\t\t<div class=\"elementor-element elementor-element-52c7476 elementor-widget elementor-widget-heading\" data-id=\"52c7476\" data-element_type=\"widget\" data-widget_type=\"heading.default\">\n\t\t\t\t<div class=\"elementor-widget-container\">\n\t\t\t<h1 class=\"elementor-heading-title elementor-size-default\">Instituto de Investigaciones del Caribe de Izabal - IICI<\/h1>\t\t<\/div>\n\t\t\t\t<\/div>\n\t\t\t\t<div class=\"elementor-element elementor-element-d473c45 elementor-widget-divider--view-line elementor-widget elementor-widget-divider\" data-id=\"d473c45\" data-element_type=\"widget\" data-widget_type=\"divider.default\">\n\t\t\t\t<div class=\"elementor-widget-container\">\n\t\t\t\t\t<div class=\"elementor-divider\">\n\t\t\t<span class=\"elementor-divider-separator\">\n\t\t\t\t\t\t<\/span>\n\t\t<\/div>\n\t\t\t\t<\/div>\n\t\t\t\t<\/div>\n\t\t\t\t\t\t<\/div>\n\t\t\t\t\t<\/div>\n\t\t<\/div>\n\t\t\t\t\t\t\t\t<\/div>\n\t\t\t\t\t<\/div>\n\t\t<\/section>\n\t\t\t\t<section class=\"elementor-section elementor-top-section elementor-element elementor-element-9c9c1d1 elementor-section-boxed elementor-section-height-default elementor-section-height-default\" data-id=\"9c9c1d1\" data-element_type=\"section\">\n\t\t\t\t\t\t<div class=\"elementor-container elementor-column-gap-default\">\n\t\t\t\t\t\t\t<div class=\"elementor-row\">\n\t\t\t\t\t<div class=\"elementor-column elementor-col-100 elementor-top-column elementor-element elementor-element-8e7f294\" data-id=\"8e7f294\" data-element_type=\"column\">\n\t\t\t<div class=\"elementor-column-wrap elementor-element-populated\">\n\t\t\t\t\t\t\t<div class=\"elementor-widget-wrap\">\n\t\t\t\t\t\t<div class=\"elementor-element elementor-element-fccc0dd elementor-widget elementor-widget-heading\" data-id=\"fccc0dd\" data-element_type=\"widget\" data-widget_type=\"heading.default\">\n\t\t\t\t<div class=\"elementor-widget-container\">\n\t\t\t<h2 class=\"elementor-heading-title elementor-size-default\">Perfil de voluntario<\/h2>\t\t<\/div>\n\t\t\t\t<\/div>\n\t\t\t\t\t\t<\/div>\n\t\t\t\t\t<\/div>\n\t\t<\/div>\n\t\t\t\t\t\t\t\t<\/div>\n\t\t\t\t\t<\/div>\n\t\t<\/section>\n\t\t\t\t<section class=\"elementor-section elementor-top-section elementor-element elementor-element-de69188 elementor-section-boxed elementor-section-height-default elementor-section-height-default\" data-id=\"de69188\" data-element_type=\"section\">\n\t\t\t\t\t\t<div class=\"elementor-container elementor-column-gap-default\">\n\t\t\t\t\t\t\t<div class=\"elementor-row\">\n\t\t\t\t\t<div class=\"elementor-column elementor-col-100 elementor-top-column elementor-element elementor-element-d5d1abe\" data-id=\"d5d1abe\" data-element_type=\"column\" data-settings=\"{&quot;background_background&quot;:&quot;classic&quot;}\">\n\t\t\t<div class=\"elementor-column-wrap elementor-element-populated\">\n\t\t\t\t\t\t\t<div class=\"elementor-widget-wrap\">\n\t\t\t\t\t\t<div class=\"elementor-element elementor-element-3ab58d9 elementor-widget elementor-widget-heading\" data-id=\"3ab58d9\" data-element_type=\"widget\" data-widget_type=\"heading.default\">\n\t\t\t\t<div class=\"elementor-widget-container\">\n\t\t\t<h2 class=\"elementor-heading-title elementor-size-default\">Perfil<\/h2>\t\t<\/div>\n\t\t\t\t<\/div>\n\t\t\t\t<div class=\"elementor-element elementor-element-41d7975 elementor-widget elementor-widget-text-editor\" data-id=\"41d7975\" data-element_type=\"widget\" data-widget_type=\"text-editor.default\">\n\t\t\t\t<div class=\"elementor-widget-container\">\n\t\t\t\t\t\t\t\t<div class=\"elementor-text-editor elementor-clearfix\">\n\t\t\t\t\t<p>El Instituto de Investigaciones del Caribe de Izabal -IICI- en el Centro Universitario de Izabal -CUNIZAB- ofrece oportunidades de voluntariado en investigaci\u00f3n para estudiantes interesados en contribuir al avance del conocimiento en diversas \u00e1reas relacionadas con el Caribe y su entorno.<\/p><p>Objetivo del Voluntariado:<\/p><ul><li>Participar activamente en proyectos de investigaci\u00f3n liderados por el Instituto de Investigaciones del Caribe de Izabal.<\/li><li>Adquirir experiencia pr\u00e1ctica en m\u00e9todos de investigaci\u00f3n, an\u00e1lisis de datos y elaboraci\u00f3n de informes.<\/li><li>Contribuir al desarrollo acad\u00e9mico y cient\u00edfico de la regi\u00f3n del Caribe y sus comunidades.<\/li><li>Responsabilidades del Voluntario:<\/li><li>Asistir en la recolecci\u00f3n y an\u00e1lisis de datos bajo la supervisi\u00f3n de investigadores senior.<\/li><li>Colaborar en la elaboraci\u00f3n de informes, art\u00edculos cient\u00edficos y presentaciones relacionadas con los proyectos de investigaci\u00f3n.<\/li><li>Participar en actividades de divulgaci\u00f3n cient\u00edfica y eventos acad\u00e9micos organizados por el Instituto.<\/li><\/ul><p>Requisitos:<\/p><ul><li>Ser estudiante activo del Centro Universitario de Izabal -CUNIZAB-<\/li><li>Demostrar inter\u00e9s y compromiso con la investigaci\u00f3n cient\u00edfica.<\/li><li>Poseer habilidades b\u00e1sicas de investigaci\u00f3n, como capacidad para trabajar en equipo, manejo de herramientas inform\u00e1ticas y capacidad de an\u00e1lisis.<\/li><li>Disponibilidad para dedicar un m\u00ednimo de horas semanales al voluntariado.<\/li><\/ul><p>Beneficios:<\/p><ul><li>Oportunidad de trabajar con investigadores experimentados en proyectos relevantes para la regi\u00f3n del Caribe.<\/li><li>Adquisici\u00f3n de habilidades y experiencia valiosas para el desarrollo acad\u00e9mico y profesional.<\/li><li>Posibilidad de establecer contactos y redes en el \u00e1mbito acad\u00e9mico y cient\u00edfico.<\/li><li>Certificaci\u00f3n de participaci\u00f3n en el programa de voluntariado en investigaci\u00f3n.<\/li><\/ul><p>C\u00f3mo Aplicar:<\/p><p>Los interesados en participar en el programa de voluntariado en investigaci\u00f3n del Instituto de Investigaciones del Caribe de Izabal deben enviar su curr\u00edculum vitae y una carta de motivaci\u00f3n a iici@cunizab.edu.gt. En la carta de motivaci\u00f3n, los solicitantes deben explicar su inter\u00e9s en la investigaci\u00f3n, sus expectativas con respecto al voluntariado y c\u00f3mo esperan contribuir al trabajo del Instituto.<\/p><p>\u00a1Esperamos contar con tu participaci\u00f3n y compromiso en nuestra labor investigativa para el desarrollo sostenible del Caribe y sus comunidades!<\/p>\t\t\t\t\t<\/div>\n\t\t\t\t\t\t<\/div>\n\t\t\t\t<\/div>\n\t\t\t\t\t\t<\/div>\n\t\t\t\t\t<\/div>\n\t\t<\/div>\n\t\t\t\t\t\t\t\t<\/div>\n\t\t\t\t\t<\/div>\n\t\t<\/section>\n\t\t\t\t<section class=\"elementor-section elementor-top-section elementor-element elementor-element-d1fec04 elementor-section-boxed elementor-section-height-default elementor-section-height-default\" data-id=\"d1fec04\" data-element_type=\"section\">\n\t\t\t\t\t\t<div class=\"elementor-container elementor-column-gap-default\">\n\t\t\t\t\t\t\t<div class=\"elementor-row\">\n\t\t\t\t\t<div class=\"elementor-column elementor-col-100 elementor-top-column elementor-element elementor-element-3982d71\" data-id=\"3982d71\" data-element_type=\"column\">\n\t\t\t<div class=\"elementor-column-wrap elementor-element-populated\">\n\t\t\t\t\t\t\t<div class=\"elementor-widget-wrap\">\n\t\t\t\t\t\t<div class=\"elementor-element elementor-element-d046775 elementor-widget elementor-widget-image\" data-id=\"d046775\" data-element_type=\"widget\" data-widget_type=\"image.default\">\n\t\t\t\t<div class=\"elementor-widget-container\">\n\t\t\t\t\t\t\t\t<div class=\"elementor-image\">\n\t\t\t\t\t\t\t\t\t\t\t\t<img loading=\"lazy\" decoding=\"async\" width=\"1024\" height=\"768\" src=\"https:\/\/cunizab.edu.gt\/wp-content\/uploads\/2024\/09\/Perfil-de-voluntario-Melany-Brigitte-Ramirez-Jimenez-1024x768.jpeg\" class=\"attachment-large size-large\" alt=\"\" srcset=\"https:\/\/cunizab.edu.gt\/wp-content\/uploads\/2024\/09\/Perfil-de-voluntario-Melany-Brigitte-Ramirez-Jimenez-1024x768.jpeg 1024w, https:\/\/cunizab.edu.gt\/wp-content\/uploads\/2024\/09\/Perfil-de-voluntario-Melany-Brigitte-Ramirez-Jimenez-300x225.jpeg 300w, https:\/\/cunizab.edu.gt\/wp-content\/uploads\/2024\/09\/Perfil-de-voluntario-Melany-Brigitte-Ramirez-Jimenez-768x576.jpeg 768w, https:\/\/cunizab.edu.gt\/wp-content\/uploads\/2024\/09\/Perfil-de-voluntario-Melany-Brigitte-Ramirez-Jimenez-1536x1152.jpeg 1536w, https:\/\/cunizab.edu.gt\/wp-content\/uploads\/2024\/09\/Perfil-de-voluntario-Melany-Brigitte-Ramirez-Jimenez-1320x990.jpeg 1320w, https:\/\/cunizab.edu.gt\/wp-content\/uploads\/2024\/09\/Perfil-de-voluntario-Melany-Brigitte-Ramirez-Jimenez-600x450.jpeg 600w, https:\/\/cunizab.edu.gt\/wp-content\/uploads\/2024\/09\/Perfil-de-voluntario-Melany-Brigitte-Ramirez-Jimenez-64x48.jpeg 64w, https:\/\/cunizab.edu.gt\/wp-content\/uploads\/2024\/09\/Perfil-de-voluntario-Melany-Brigitte-Ramirez-Jimenez.jpeg 1600w\" sizes=\"auto, (max-width: 1024px) 100vw, 1024px\" \/>\t\t\t\t\t\t\t\t\t\t\t\t\t\t<\/div>\n\t\t\t\t\t\t<\/div>\n\t\t\t\t<\/div>\n\t\t\t\t\t\t<\/div>\n\t\t\t\t\t<\/div>\n\t\t<\/div>\n\t\t\t\t\t\t\t\t<\/div>\n\t\t\t\t\t<\/div>\n\t\t<\/section>\n\t\t\t\t\t\t<\/div>\n\t\t\t\t\t\t<\/div>\n\t\t\t\t\t<\/div>\n\t\t ","protected":false},"excerpt":{"rendered":"<p>Instituto de Investigaciones del Caribe de Izabal &#8211; IICI Perfil de voluntario Perfil El Instituto de Investigaciones del Caribe de Izabal -IICI- en el Centro Universitario de Izabal -CUNIZAB- ofrece oportunidades de voluntariado en investigaci\u00f3n para estudiantes interesados en contribuir al avance del conocimiento en diversas \u00e1reas relacionadas con el Caribe y su entorno. Objetivo &hellip;<\/p>\n<p class=\"read-more\"> <a class=\"\" href=\"https:\/\/cunizab.edu.gt\/index.php\/perfilvoluntarioiici\/\"> <span class=\"screen-reader-text\">PerfilVoluntarioIICI<\/span> Read More &raquo;<\/a><\/p>\n","protected":false},"author":1,"featured_media":0,"parent":0,"menu_order":0,"comment_status":"closed","ping_status":"closed","template":"","meta":{"footnotes":""},"class_list":["post-4924","page","type-page","status-publish","hentry"],"_links":{"self":[{"href":"https:\/\/cunizab.edu.gt\/index.php\/wp-json\/wp\/v2\/pages\/4924","targetHints":{"allow":["GET"]}}],"collection":[{"href":"https:\/\/cunizab.edu.gt\/index.php\/wp-json\/wp\/v2\/pages"}],"about":[{"href":"https:\/\/cunizab.edu.gt\/index.php\/wp-json\/wp\/v2\/types\/page"}],"author":[{"embeddable":true,"href":"https:\/\/cunizab.edu.gt\/index.php\/wp-json\/wp\/v2\/users\/1"}],"replies":[{"embeddable":true,"href":"https:\/\/cunizab.edu.gt\/index.php\/wp-json\/wp\/v2\/comments?post=4924"}],"version-history":[{"count":4,"href":"https:\/\/cunizab.edu.gt\/index.php\/wp-json\/wp\/v2\/pages\/4924\/revisions"}],"predecessor-version":[{"id":4933,"href":"https:\/\/cunizab.edu.gt\/index.php\/wp-json\/wp\/v2\/pages\/4924\/revisions\/4933"}],"wp:attachment":[{"href":"https:\/\/cunizab.edu.gt\/index.php\/wp-json\/wp\/v2\/media?parent=4924"}],"curies":[{"name":"wp","href":"https:\/\/api.w.org\/{rel}","templated":true}]}}