{"id":4836,"date":"2024-08-28T01:56:46","date_gmt":"2024-08-28T01:56:46","guid":{"rendered":"https:\/\/cunizab.edu.gt\/?page_id=4836"},"modified":"2024-08-28T03:19:39","modified_gmt":"2024-08-28T03:19:39","slug":"asesoresbufetepopular","status":"publish","type":"page","link":"https:\/\/cunizab.edu.gt\/index.php\/asesoresbufetepopular\/","title":{"rendered":"AsesoresBufetePopular"},"content":{"rendered":"\t\t<div data-elementor-type=\"wp-page\" data-elementor-id=\"4836\" class=\"elementor elementor-4836\" data-elementor-settings=\"[]\">\n\t\t\t\t\t\t<div class=\"elementor-inner\">\n\t\t\t\t\t\t\t<div class=\"elementor-section-wrap\">\n\t\t\t\t\t\t\t<section class=\"elementor-section elementor-top-section elementor-element elementor-element-6ed14f28 elementor-section-height-min-height elementor-section-boxed elementor-section-height-default elementor-section-items-middle\" data-id=\"6ed14f28\" data-element_type=\"section\" data-settings=\"{&quot;background_background&quot;:&quot;classic&quot;}\">\n\t\t\t\t\t\t\t<div class=\"elementor-background-overlay\"><\/div>\n\t\t\t\t\t\t\t<div class=\"elementor-container elementor-column-gap-default\">\n\t\t\t\t\t\t\t<div class=\"elementor-row\">\n\t\t\t\t\t<div class=\"elementor-column elementor-col-100 elementor-top-column elementor-element elementor-element-6c3ba920 elementor-invisible\" data-id=\"6c3ba920\" data-element_type=\"column\" data-settings=\"{&quot;animation&quot;:&quot;slideInUp&quot;}\">\n\t\t\t<div class=\"elementor-column-wrap elementor-element-populated\">\n\t\t\t\t\t\t\t<div class=\"elementor-widget-wrap\">\n\t\t\t\t\t\t<div class=\"elementor-element elementor-element-7c207e3e elementor-widget elementor-widget-heading\" data-id=\"7c207e3e\" data-element_type=\"widget\" data-widget_type=\"heading.default\">\n\t\t\t\t<div class=\"elementor-widget-container\">\n\t\t\t<h1 class=\"elementor-heading-title elementor-size-default\">Asesores y personal administrativo del Bufete Popular<\/h1>\t\t<\/div>\n\t\t\t\t<\/div>\n\t\t\t\t<div class=\"elementor-element elementor-element-475d98b8 elementor-widget-divider--view-line elementor-widget elementor-widget-divider\" data-id=\"475d98b8\" data-element_type=\"widget\" data-widget_type=\"divider.default\">\n\t\t\t\t<div class=\"elementor-widget-container\">\n\t\t\t\t\t<div class=\"elementor-divider\">\n\t\t\t<span class=\"elementor-divider-separator\">\n\t\t\t\t\t\t<\/span>\n\t\t<\/div>\n\t\t\t\t<\/div>\n\t\t\t\t<\/div>\n\t\t\t\t\t\t<\/div>\n\t\t\t\t\t<\/div>\n\t\t<\/div>\n\t\t\t\t\t\t\t\t<\/div>\n\t\t\t\t\t<\/div>\n\t\t<\/section>\n\t\t\t\t<section class=\"elementor-section elementor-top-section elementor-element elementor-element-6ae45db1 elementor-section-boxed elementor-section-height-default elementor-section-height-default\" data-id=\"6ae45db1\" data-element_type=\"section\">\n\t\t\t\t\t\t<div class=\"elementor-container elementor-column-gap-default\">\n\t\t\t\t\t\t\t<div class=\"elementor-row\">\n\t\t\t\t\t<div class=\"elementor-column elementor-col-20 elementor-top-column elementor-element elementor-element-cbdfc1b\" data-id=\"cbdfc1b\" data-element_type=\"column\">\n\t\t\t<div class=\"elementor-column-wrap elementor-element-populated\">\n\t\t\t\t\t\t\t<div class=\"elementor-widget-wrap\">\n\t\t\t\t\t\t<div class=\"elementor-element elementor-element-299856c elementor-position-top elementor-vertical-align-top elementor-widget elementor-widget-image-box\" data-id=\"299856c\" data-element_type=\"widget\" data-widget_type=\"image-box.default\">\n\t\t\t\t<div class=\"elementor-widget-container\">\n\t\t\t<div class=\"elementor-image-box-wrapper\"><figure class=\"elementor-image-box-img\"><img loading=\"lazy\" decoding=\"async\" width=\"160\" height=\"203\" src=\"https:\/\/cunizab.edu.gt\/wp-content\/uploads\/2024\/08\/Lcda._Lorena_Marisol_Leiva_Madrid_-_Directora-removebg-preview-copia-5.png\" class=\"elementor-animation-shrink attachment-full size-full\" alt=\"\" srcset=\"https:\/\/cunizab.edu.gt\/wp-content\/uploads\/2024\/08\/Lcda._Lorena_Marisol_Leiva_Madrid_-_Directora-removebg-preview-copia-5.png 160w, https:\/\/cunizab.edu.gt\/wp-content\/uploads\/2024\/08\/Lcda._Lorena_Marisol_Leiva_Madrid_-_Directora-removebg-preview-copia-5-64x81.png 64w\" sizes=\"auto, (max-width: 160px) 100vw, 160px\" \/><\/figure><div class=\"elementor-image-box-content\"><h3 class=\"elementor-image-box-title\">Lcda. Lorena Marisol Leiva Madrid<\/h3><p class=\"elementor-image-box-description\">Directora del Bufete Popular<\/p><\/div><\/div>\t\t<\/div>\n\t\t\t\t<\/div>\n\t\t\t\t\t\t<\/div>\n\t\t\t\t\t<\/div>\n\t\t<\/div>\n\t\t\t\t<div class=\"elementor-column elementor-col-20 elementor-top-column elementor-element elementor-element-d966d14\" data-id=\"d966d14\" data-element_type=\"column\">\n\t\t\t<div class=\"elementor-column-wrap elementor-element-populated\">\n\t\t\t\t\t\t\t<div class=\"elementor-widget-wrap\">\n\t\t\t\t\t\t<div class=\"elementor-element elementor-element-bdd4ddb elementor-position-top elementor-vertical-align-top elementor-widget elementor-widget-image-box\" data-id=\"bdd4ddb\" data-element_type=\"widget\" data-widget_type=\"image-box.default\">\n\t\t\t\t<div class=\"elementor-widget-container\">\n\t\t\t<div class=\"elementor-image-box-wrapper\"><figure class=\"elementor-image-box-img\"><img loading=\"lazy\" decoding=\"async\" width=\"368\" height=\"410\" src=\"https:\/\/cunizab.edu.gt\/wp-content\/uploads\/2024\/08\/Lic._Sergio_Alberto_Vernon_Ramirez-Asesor_-_Area_Laboral-removebg-preview-copia-4.png\" class=\"elementor-animation-shrink attachment-full size-full\" alt=\"\" srcset=\"https:\/\/cunizab.edu.gt\/wp-content\/uploads\/2024\/08\/Lic._Sergio_Alberto_Vernon_Ramirez-Asesor_-_Area_Laboral-removebg-preview-copia-4.png 368w, https:\/\/cunizab.edu.gt\/wp-content\/uploads\/2024\/08\/Lic._Sergio_Alberto_Vernon_Ramirez-Asesor_-_Area_Laboral-removebg-preview-copia-4-269x300.png 269w, https:\/\/cunizab.edu.gt\/wp-content\/uploads\/2024\/08\/Lic._Sergio_Alberto_Vernon_Ramirez-Asesor_-_Area_Laboral-removebg-preview-copia-4-64x71.png 64w\" sizes=\"auto, (max-width: 368px) 100vw, 368px\" \/><\/figure><div class=\"elementor-image-box-content\"><h3 class=\"elementor-image-box-title\">Lic. Sergio Alberto Vernon Ram\u00edrez<\/h3><p class=\"elementor-image-box-description\">Asesor \u00e1rea laboral<\/p><\/div><\/div>\t\t<\/div>\n\t\t\t\t<\/div>\n\t\t\t\t\t\t<\/div>\n\t\t\t\t\t<\/div>\n\t\t<\/div>\n\t\t\t\t<div class=\"elementor-column elementor-col-20 elementor-top-column elementor-element elementor-element-f609093\" data-id=\"f609093\" data-element_type=\"column\">\n\t\t\t<div class=\"elementor-column-wrap elementor-element-populated\">\n\t\t\t\t\t\t\t<div class=\"elementor-widget-wrap\">\n\t\t\t\t\t\t<div class=\"elementor-element elementor-element-c7be07f elementor-position-top elementor-vertical-align-top elementor-widget elementor-widget-image-box\" data-id=\"c7be07f\" data-element_type=\"widget\" data-widget_type=\"image-box.default\">\n\t\t\t\t<div class=\"elementor-widget-container\">\n\t\t\t<div class=\"elementor-image-box-wrapper\"><figure class=\"elementor-image-box-img\"><img loading=\"lazy\" decoding=\"async\" width=\"500\" height=\"500\" src=\"https:\/\/cunizab.edu.gt\/wp-content\/uploads\/2024\/08\/Lic._Carlos_Fernando_Marroquin_Perez_-_Asesor_Area_Civil-removebg-preview.png\" class=\"elementor-animation-shrink attachment-full size-full\" alt=\"\" srcset=\"https:\/\/cunizab.edu.gt\/wp-content\/uploads\/2024\/08\/Lic._Carlos_Fernando_Marroquin_Perez_-_Asesor_Area_Civil-removebg-preview.png 500w, https:\/\/cunizab.edu.gt\/wp-content\/uploads\/2024\/08\/Lic._Carlos_Fernando_Marroquin_Perez_-_Asesor_Area_Civil-removebg-preview-300x300.png 300w, https:\/\/cunizab.edu.gt\/wp-content\/uploads\/2024\/08\/Lic._Carlos_Fernando_Marroquin_Perez_-_Asesor_Area_Civil-removebg-preview-150x150.png 150w, https:\/\/cunizab.edu.gt\/wp-content\/uploads\/2024\/08\/Lic._Carlos_Fernando_Marroquin_Perez_-_Asesor_Area_Civil-removebg-preview-100x100.png 100w, https:\/\/cunizab.edu.gt\/wp-content\/uploads\/2024\/08\/Lic._Carlos_Fernando_Marroquin_Perez_-_Asesor_Area_Civil-removebg-preview-64x64.png 64w\" sizes=\"auto, (max-width: 500px) 100vw, 500px\" \/><\/figure><div class=\"elementor-image-box-content\"><h3 class=\"elementor-image-box-title\">Lic. Carlos Fernando Marroqu\u00edn P\u00e9rez<\/h3><p class=\"elementor-image-box-description\">Asesor \u00e1rea civil<\/p><\/div><\/div>\t\t<\/div>\n\t\t\t\t<\/div>\n\t\t\t\t\t\t<\/div>\n\t\t\t\t\t<\/div>\n\t\t<\/div>\n\t\t\t\t<div class=\"elementor-column elementor-col-20 elementor-top-column elementor-element elementor-element-ea4b29a\" data-id=\"ea4b29a\" data-element_type=\"column\">\n\t\t\t<div class=\"elementor-column-wrap elementor-element-populated\">\n\t\t\t\t\t\t\t<div class=\"elementor-widget-wrap\">\n\t\t\t\t\t\t<div class=\"elementor-element elementor-element-a73a587 elementor-position-top elementor-vertical-align-top elementor-widget elementor-widget-image-box\" data-id=\"a73a587\" data-element_type=\"widget\" data-widget_type=\"image-box.default\">\n\t\t\t\t<div class=\"elementor-widget-container\">\n\t\t\t<div class=\"elementor-image-box-wrapper\"><figure class=\"elementor-image-box-img\"><img loading=\"lazy\" decoding=\"async\" width=\"500\" height=\"500\" src=\"https:\/\/cunizab.edu.gt\/wp-content\/uploads\/2024\/08\/Lic._Miguel_Angel_Jeronimmo_Benitez_-_Asesor_Area_Civil-removebg-preview.png\" class=\"elementor-animation-shrink attachment-full size-full\" alt=\"\" srcset=\"https:\/\/cunizab.edu.gt\/wp-content\/uploads\/2024\/08\/Lic._Miguel_Angel_Jeronimmo_Benitez_-_Asesor_Area_Civil-removebg-preview.png 500w, https:\/\/cunizab.edu.gt\/wp-content\/uploads\/2024\/08\/Lic._Miguel_Angel_Jeronimmo_Benitez_-_Asesor_Area_Civil-removebg-preview-300x300.png 300w, https:\/\/cunizab.edu.gt\/wp-content\/uploads\/2024\/08\/Lic._Miguel_Angel_Jeronimmo_Benitez_-_Asesor_Area_Civil-removebg-preview-150x150.png 150w, https:\/\/cunizab.edu.gt\/wp-content\/uploads\/2024\/08\/Lic._Miguel_Angel_Jeronimmo_Benitez_-_Asesor_Area_Civil-removebg-preview-100x100.png 100w, https:\/\/cunizab.edu.gt\/wp-content\/uploads\/2024\/08\/Lic._Miguel_Angel_Jeronimmo_Benitez_-_Asesor_Area_Civil-removebg-preview-64x64.png 64w\" sizes=\"auto, (max-width: 500px) 100vw, 500px\" \/><\/figure><div class=\"elementor-image-box-content\"><h3 class=\"elementor-image-box-title\">Lic. Miguel \u00c1ngel Jer\u00f3nimo Ben\u00edtez<\/h3><p class=\"elementor-image-box-description\">Asesor \u00e1rea civil<\/p><\/div><\/div>\t\t<\/div>\n\t\t\t\t<\/div>\n\t\t\t\t\t\t<\/div>\n\t\t\t\t\t<\/div>\n\t\t<\/div>\n\t\t\t\t<div class=\"elementor-column elementor-col-20 elementor-top-column elementor-element elementor-element-6ed2fee\" data-id=\"6ed2fee\" data-element_type=\"column\">\n\t\t\t<div class=\"elementor-column-wrap elementor-element-populated\">\n\t\t\t\t\t\t\t<div class=\"elementor-widget-wrap\">\n\t\t\t\t\t\t<div class=\"elementor-element elementor-element-4c7935f elementor-position-top elementor-vertical-align-top elementor-widget elementor-widget-image-box\" data-id=\"4c7935f\" data-element_type=\"widget\" data-widget_type=\"image-box.default\">\n\t\t\t\t<div class=\"elementor-widget-container\">\n\t\t\t<div class=\"elementor-image-box-wrapper\"><figure class=\"elementor-image-box-img\"><img loading=\"lazy\" decoding=\"async\" width=\"162\" height=\"203\" src=\"https:\/\/cunizab.edu.gt\/wp-content\/uploads\/2024\/08\/Margarita_Noemi_Mayorga_de_Paz_-_Secretaria-removebg-preview-copia.png\" class=\"elementor-animation-shrink attachment-full size-full\" alt=\"\" srcset=\"https:\/\/cunizab.edu.gt\/wp-content\/uploads\/2024\/08\/Margarita_Noemi_Mayorga_de_Paz_-_Secretaria-removebg-preview-copia.png 162w, https:\/\/cunizab.edu.gt\/wp-content\/uploads\/2024\/08\/Margarita_Noemi_Mayorga_de_Paz_-_Secretaria-removebg-preview-copia-64x80.png 64w\" sizes=\"auto, (max-width: 162px) 100vw, 162px\" \/><\/figure><div class=\"elementor-image-box-content\"><h3 class=\"elementor-image-box-title\">Margarita Noem\u00ed Mayorga de Paz<\/h3><p class=\"elementor-image-box-description\">Secretaria<\/p><\/div><\/div>\t\t<\/div>\n\t\t\t\t<\/div>\n\t\t\t\t\t\t<\/div>\n\t\t\t\t\t<\/div>\n\t\t<\/div>\n\t\t\t\t\t\t\t\t<\/div>\n\t\t\t\t\t<\/div>\n\t\t<\/section>\n\t\t\t\t\t\t<\/div>\n\t\t\t\t\t\t<\/div>\n\t\t\t\t\t<\/div>\n\t\t ","protected":false},"excerpt":{"rendered":"<p>Asesores y personal administrativo del Bufete Popular Lcda. Lorena Marisol Leiva Madrid Directora del Bufete Popular Lic. Sergio Alberto Vernon Ram\u00edrez Asesor \u00e1rea laboral Lic. Carlos Fernando Marroqu\u00edn P\u00e9rez Asesor \u00e1rea civil Lic. Miguel \u00c1ngel Jer\u00f3nimo Ben\u00edtez Asesor \u00e1rea civil Margarita Noem\u00ed Mayorga de Paz Secretaria<\/p>\n","protected":false},"author":1,"featured_media":0,"parent":0,"menu_order":0,"comment_status":"closed","ping_status":"closed","template":"","meta":{"footnotes":""},"class_list":["post-4836","page","type-page","status-publish","hentry"],"_links":{"self":[{"href":"https:\/\/cunizab.edu.gt\/index.php\/wp-json\/wp\/v2\/pages\/4836","targetHints":{"allow":["GET"]}}],"collection":[{"href":"https:\/\/cunizab.edu.gt\/index.php\/wp-json\/wp\/v2\/pages"}],"about":[{"href":"https:\/\/cunizab.edu.gt\/index.php\/wp-json\/wp\/v2\/types\/page"}],"author":[{"embeddable":true,"href":"https:\/\/cunizab.edu.gt\/index.php\/wp-json\/wp\/v2\/users\/1"}],"replies":[{"embeddable":true,"href":"https:\/\/cunizab.edu.gt\/index.php\/wp-json\/wp\/v2\/comments?post=4836"}],"version-history":[{"count":10,"href":"https:\/\/cunizab.edu.gt\/index.php\/wp-json\/wp\/v2\/pages\/4836\/revisions"}],"predecessor-version":[{"id":4877,"href":"https:\/\/cunizab.edu.gt\/index.php\/wp-json\/wp\/v2\/pages\/4836\/revisions\/4877"}],"wp:attachment":[{"href":"https:\/\/cunizab.edu.gt\/index.php\/wp-json\/wp\/v2\/media?parent=4836"}],"curies":[{"name":"wp","href":"https:\/\/api.w.org\/{rel}","templated":true}]}}