{"id":4587,"date":"2024-04-29T23:00:40","date_gmt":"2024-04-29T23:00:40","guid":{"rendered":"https:\/\/cunizab.edu.gt\/?page_id=4587"},"modified":"2024-04-29T23:03:27","modified_gmt":"2024-04-29T23:03:27","slug":"infocoordinadoringagrrnr","status":"publish","type":"page","link":"https:\/\/cunizab.edu.gt\/index.php\/infocoordinadoringagrrnr\/","title":{"rendered":"InfoCoordinadorIngAgrRNR"},"content":{"rendered":"\t\t<div data-elementor-type=\"wp-page\" data-elementor-id=\"4587\" class=\"elementor elementor-4587\" data-elementor-settings=\"[]\">\n\t\t\t\t\t\t<div class=\"elementor-inner\">\n\t\t\t\t\t\t\t<div class=\"elementor-section-wrap\">\n\t\t\t\t\t\t\t<section class=\"elementor-section elementor-top-section elementor-element elementor-element-4a3bc2d elementor-section-height-min-height elementor-section-boxed elementor-section-height-default elementor-section-items-middle\" data-id=\"4a3bc2d\" data-element_type=\"section\" data-settings=\"{&quot;background_background&quot;:&quot;classic&quot;}\">\n\t\t\t\t\t\t\t<div class=\"elementor-background-overlay\"><\/div>\n\t\t\t\t\t\t\t<div class=\"elementor-container elementor-column-gap-default\">\n\t\t\t\t\t\t\t<div class=\"elementor-row\">\n\t\t\t\t\t<div class=\"elementor-column elementor-col-100 elementor-top-column elementor-element elementor-element-abfbce3 elementor-invisible\" data-id=\"abfbce3\" data-element_type=\"column\" data-settings=\"{&quot;animation&quot;:&quot;fadeInUp&quot;}\">\n\t\t\t<div class=\"elementor-column-wrap elementor-element-populated\">\n\t\t\t\t\t\t\t<div class=\"elementor-widget-wrap\">\n\t\t\t\t\t\t<div class=\"elementor-element elementor-element-52c7476 elementor-widget elementor-widget-heading\" data-id=\"52c7476\" data-element_type=\"widget\" data-widget_type=\"heading.default\">\n\t\t\t\t<div class=\"elementor-widget-container\">\n\t\t\t<h1 class=\"elementor-heading-title elementor-size-xl\">Ingenier\u00eda Agron\u00f3mica en Recursos Naturales Renovables<\/h1>\t\t<\/div>\n\t\t\t\t<\/div>\n\t\t\t\t<div class=\"elementor-element elementor-element-d473c45 elementor-widget-divider--view-line elementor-widget elementor-widget-divider\" data-id=\"d473c45\" data-element_type=\"widget\" data-widget_type=\"divider.default\">\n\t\t\t\t<div class=\"elementor-widget-container\">\n\t\t\t\t\t<div class=\"elementor-divider\">\n\t\t\t<span class=\"elementor-divider-separator\">\n\t\t\t\t\t\t<\/span>\n\t\t<\/div>\n\t\t\t\t<\/div>\n\t\t\t\t<\/div>\n\t\t\t\t\t\t<\/div>\n\t\t\t\t\t<\/div>\n\t\t<\/div>\n\t\t\t\t\t\t\t\t<\/div>\n\t\t\t\t\t<\/div>\n\t\t<\/section>\n\t\t\t\t<section class=\"elementor-section elementor-top-section elementor-element elementor-element-9c9c1d1 elementor-section-boxed elementor-section-height-default elementor-section-height-default\" data-id=\"9c9c1d1\" data-element_type=\"section\">\n\t\t\t\t\t\t<div class=\"elementor-container elementor-column-gap-default\">\n\t\t\t\t\t\t\t<div class=\"elementor-row\">\n\t\t\t\t\t<div class=\"elementor-column elementor-col-100 elementor-top-column elementor-element elementor-element-8e7f294\" data-id=\"8e7f294\" data-element_type=\"column\">\n\t\t\t<div class=\"elementor-column-wrap elementor-element-populated\">\n\t\t\t\t\t\t\t<div class=\"elementor-widget-wrap\">\n\t\t\t\t\t\t<div class=\"elementor-element elementor-element-fccc0dd elementor-widget elementor-widget-heading\" data-id=\"fccc0dd\" data-element_type=\"widget\" data-widget_type=\"heading.default\">\n\t\t\t\t<div class=\"elementor-widget-container\">\n\t\t\t<h2 class=\"elementor-heading-title elementor-size-default\">Coordinador<\/h2>\t\t<\/div>\n\t\t\t\t<\/div>\n\t\t\t\t\t\t<\/div>\n\t\t\t\t\t<\/div>\n\t\t<\/div>\n\t\t\t\t\t\t\t\t<\/div>\n\t\t\t\t\t<\/div>\n\t\t<\/section>\n\t\t\t\t<section class=\"elementor-section elementor-top-section elementor-element elementor-element-707a7a0 elementor-section-boxed elementor-section-height-default elementor-section-height-default\" data-id=\"707a7a0\" data-element_type=\"section\">\n\t\t\t\t\t\t<div class=\"elementor-container elementor-column-gap-default\">\n\t\t\t\t\t\t\t<div class=\"elementor-row\">\n\t\t\t\t\t<div class=\"elementor-column elementor-col-50 elementor-top-column elementor-element elementor-element-184bd92\" data-id=\"184bd92\" data-element_type=\"column\" data-settings=\"{&quot;background_background&quot;:&quot;classic&quot;}\">\n\t\t\t<div class=\"elementor-column-wrap elementor-element-populated\">\n\t\t\t\t\t\t\t<div class=\"elementor-widget-wrap\">\n\t\t\t\t\t\t<div class=\"elementor-element elementor-element-4afc88e elementor-widget elementor-widget-image\" data-id=\"4afc88e\" data-element_type=\"widget\" data-widget_type=\"image.default\">\n\t\t\t\t<div class=\"elementor-widget-container\">\n\t\t\t\t\t\t\t\t<div class=\"elementor-image\">\n\t\t\t\t\t\t\t\t\t\t\t\t<img loading=\"lazy\" decoding=\"async\" width=\"1024\" height=\"478\" src=\"https:\/\/cunizab.edu.gt\/wp-content\/uploads\/2024\/04\/WhatsApp-Image-2024-03-04-at-7.59.39-PM-1024x478.jpeg\" class=\"attachment-large size-large\" alt=\"\" srcset=\"https:\/\/cunizab.edu.gt\/wp-content\/uploads\/2024\/04\/WhatsApp-Image-2024-03-04-at-7.59.39-PM-1024x478.jpeg 1024w, https:\/\/cunizab.edu.gt\/wp-content\/uploads\/2024\/04\/WhatsApp-Image-2024-03-04-at-7.59.39-PM-300x140.jpeg 300w, https:\/\/cunizab.edu.gt\/wp-content\/uploads\/2024\/04\/WhatsApp-Image-2024-03-04-at-7.59.39-PM-768x358.jpeg 768w, https:\/\/cunizab.edu.gt\/wp-content\/uploads\/2024\/04\/WhatsApp-Image-2024-03-04-at-7.59.39-PM-600x280.jpeg 600w, https:\/\/cunizab.edu.gt\/wp-content\/uploads\/2024\/04\/WhatsApp-Image-2024-03-04-at-7.59.39-PM-64x30.jpeg 64w, https:\/\/cunizab.edu.gt\/wp-content\/uploads\/2024\/04\/WhatsApp-Image-2024-03-04-at-7.59.39-PM.jpeg 1080w\" sizes=\"auto, (max-width: 1024px) 100vw, 1024px\" \/>\t\t\t\t\t\t\t\t\t\t\t\t\t\t<\/div>\n\t\t\t\t\t\t<\/div>\n\t\t\t\t<\/div>\n\t\t\t\t\t\t<\/div>\n\t\t\t\t\t<\/div>\n\t\t<\/div>\n\t\t\t\t<div class=\"elementor-column elementor-col-50 elementor-top-column elementor-element elementor-element-a9674e4\" data-id=\"a9674e4\" data-element_type=\"column\" data-settings=\"{&quot;background_background&quot;:&quot;classic&quot;}\">\n\t\t\t<div class=\"elementor-column-wrap elementor-element-populated\">\n\t\t\t\t\t\t\t<div class=\"elementor-widget-wrap\">\n\t\t\t\t\t\t<div class=\"elementor-element elementor-element-e4e03c9 elementor-widget elementor-widget-heading\" data-id=\"e4e03c9\" data-element_type=\"widget\" data-widget_type=\"heading.default\">\n\t\t\t\t<div class=\"elementor-widget-container\">\n\t\t\t<h2 class=\"elementor-heading-title elementor-size-default\">Resumen <\/h2>\t\t<\/div>\n\t\t\t\t<\/div>\n\t\t\t\t<div class=\"elementor-element elementor-element-1deb2df elementor-widget elementor-widget-text-editor\" data-id=\"1deb2df\" data-element_type=\"widget\" data-widget_type=\"text-editor.default\">\n\t\t\t\t<div class=\"elementor-widget-container\">\n\t\t\t\t\t\t\t\t<div class=\"elementor-text-editor elementor-clearfix\">\n\t\t\t\t\t<ul><li><strong>COORDINACION DE LA CARRERA:<\/strong> Tiene como prop\u00f3sito la planificaci\u00f3n y seguimiento de la docencia en la carrera, la coordinaci\u00f3n interinstitucional para intercambio de experiencias de docencia e investigaci\u00f3n y la asignaci\u00f3n de los estudiantes que van al Ejercicio Profesional Supervisado en las unidades de pr\u00e1ctica.<\/li><\/ul>\t\t\t\t\t<\/div>\n\t\t\t\t\t\t<\/div>\n\t\t\t\t<\/div>\n\t\t\t\t\t\t<\/div>\n\t\t\t\t\t<\/div>\n\t\t<\/div>\n\t\t\t\t\t\t\t\t<\/div>\n\t\t\t\t\t<\/div>\n\t\t<\/section>\n\t\t\t\t\t\t<\/div>\n\t\t\t\t\t\t<\/div>\n\t\t\t\t\t<\/div>\n\t\t ","protected":false},"excerpt":{"rendered":"<p>Ingenier\u00eda Agron\u00f3mica en Recursos Naturales Renovables Coordinador Resumen COORDINACION DE LA CARRERA: Tiene como prop\u00f3sito la planificaci\u00f3n y seguimiento de la docencia en la carrera, la coordinaci\u00f3n interinstitucional para intercambio de experiencias de docencia e investigaci\u00f3n y la asignaci\u00f3n de los estudiantes que van al Ejercicio Profesional Supervisado en las unidades de pr\u00e1ctica.<\/p>\n","protected":false},"author":1,"featured_media":0,"parent":0,"menu_order":0,"comment_status":"closed","ping_status":"closed","template":"","meta":{"footnotes":""},"class_list":["post-4587","page","type-page","status-publish","hentry"],"_links":{"self":[{"href":"https:\/\/cunizab.edu.gt\/index.php\/wp-json\/wp\/v2\/pages\/4587","targetHints":{"allow":["GET"]}}],"collection":[{"href":"https:\/\/cunizab.edu.gt\/index.php\/wp-json\/wp\/v2\/pages"}],"about":[{"href":"https:\/\/cunizab.edu.gt\/index.php\/wp-json\/wp\/v2\/types\/page"}],"author":[{"embeddable":true,"href":"https:\/\/cunizab.edu.gt\/index.php\/wp-json\/wp\/v2\/users\/1"}],"replies":[{"embeddable":true,"href":"https:\/\/cunizab.edu.gt\/index.php\/wp-json\/wp\/v2\/comments?post=4587"}],"version-history":[{"count":4,"href":"https:\/\/cunizab.edu.gt\/index.php\/wp-json\/wp\/v2\/pages\/4587\/revisions"}],"predecessor-version":[{"id":4595,"href":"https:\/\/cunizab.edu.gt\/index.php\/wp-json\/wp\/v2\/pages\/4587\/revisions\/4595"}],"wp:attachment":[{"href":"https:\/\/cunizab.edu.gt\/index.php\/wp-json\/wp\/v2\/media?parent=4587"}],"curies":[{"name":"wp","href":"https:\/\/api.w.org\/{rel}","templated":true}]}}