{"id":4567,"date":"2024-04-29T22:43:12","date_gmt":"2024-04-29T22:43:12","guid":{"rendered":"https:\/\/cunizab.edu.gt\/?page_id=4567"},"modified":"2024-04-29T22:58:05","modified_gmt":"2024-04-29T22:58:05","slug":"infoingagrrnr","status":"publish","type":"page","link":"https:\/\/cunizab.edu.gt\/index.php\/infoingagrrnr\/","title":{"rendered":"InfoIngAgrRNR"},"content":{"rendered":"\t\t<div data-elementor-type=\"wp-page\" data-elementor-id=\"4567\" class=\"elementor elementor-4567\" data-elementor-settings=\"[]\">\n\t\t\t\t\t\t<div class=\"elementor-inner\">\n\t\t\t\t\t\t\t<div class=\"elementor-section-wrap\">\n\t\t\t\t\t\t\t<section class=\"elementor-section elementor-top-section elementor-element elementor-element-4a3bc2d elementor-section-height-min-height elementor-section-boxed elementor-section-height-default elementor-section-items-middle\" data-id=\"4a3bc2d\" data-element_type=\"section\" data-settings=\"{&quot;background_background&quot;:&quot;classic&quot;}\">\n\t\t\t\t\t\t\t<div class=\"elementor-background-overlay\"><\/div>\n\t\t\t\t\t\t\t<div class=\"elementor-container elementor-column-gap-default\">\n\t\t\t\t\t\t\t<div class=\"elementor-row\">\n\t\t\t\t\t<div class=\"elementor-column elementor-col-100 elementor-top-column elementor-element elementor-element-abfbce3 elementor-invisible\" data-id=\"abfbce3\" data-element_type=\"column\" data-settings=\"{&quot;animation&quot;:&quot;fadeInUp&quot;}\">\n\t\t\t<div class=\"elementor-column-wrap elementor-element-populated\">\n\t\t\t\t\t\t\t<div class=\"elementor-widget-wrap\">\n\t\t\t\t\t\t<div class=\"elementor-element elementor-element-52c7476 elementor-widget elementor-widget-heading\" data-id=\"52c7476\" data-element_type=\"widget\" data-widget_type=\"heading.default\">\n\t\t\t\t<div class=\"elementor-widget-container\">\n\t\t\t<h1 class=\"elementor-heading-title elementor-size-default\">Ingenier\u00eda Agron\u00f3mica en Recursos Naturales Renovables<\/h1>\t\t<\/div>\n\t\t\t\t<\/div>\n\t\t\t\t<div class=\"elementor-element elementor-element-d473c45 elementor-widget-divider--view-line elementor-widget elementor-widget-divider\" data-id=\"d473c45\" data-element_type=\"widget\" data-widget_type=\"divider.default\">\n\t\t\t\t<div class=\"elementor-widget-container\">\n\t\t\t\t\t<div class=\"elementor-divider\">\n\t\t\t<span class=\"elementor-divider-separator\">\n\t\t\t\t\t\t<\/span>\n\t\t<\/div>\n\t\t\t\t<\/div>\n\t\t\t\t<\/div>\n\t\t\t\t\t\t<\/div>\n\t\t\t\t\t<\/div>\n\t\t<\/div>\n\t\t\t\t\t\t\t\t<\/div>\n\t\t\t\t\t<\/div>\n\t\t<\/section>\n\t\t\t\t<section class=\"elementor-section elementor-top-section elementor-element elementor-element-9c9c1d1 elementor-section-boxed elementor-section-height-default elementor-section-height-default\" data-id=\"9c9c1d1\" data-element_type=\"section\">\n\t\t\t\t\t\t<div class=\"elementor-container elementor-column-gap-default\">\n\t\t\t\t\t\t\t<div class=\"elementor-row\">\n\t\t\t\t\t<div class=\"elementor-column elementor-col-100 elementor-top-column elementor-element elementor-element-8e7f294\" data-id=\"8e7f294\" data-element_type=\"column\">\n\t\t\t<div class=\"elementor-column-wrap elementor-element-populated\">\n\t\t\t\t\t\t\t<div class=\"elementor-widget-wrap\">\n\t\t\t\t\t\t<div class=\"elementor-element elementor-element-fccc0dd elementor-widget elementor-widget-heading\" data-id=\"fccc0dd\" data-element_type=\"widget\" data-widget_type=\"heading.default\">\n\t\t\t\t<div class=\"elementor-widget-container\">\n\t\t\t<h2 class=\"elementor-heading-title elementor-size-default\">Perfil del estudiante<\/h2>\t\t<\/div>\n\t\t\t\t<\/div>\n\t\t\t\t\t\t<\/div>\n\t\t\t\t\t<\/div>\n\t\t<\/div>\n\t\t\t\t\t\t\t\t<\/div>\n\t\t\t\t\t<\/div>\n\t\t<\/section>\n\t\t\t\t<section class=\"elementor-section elementor-top-section elementor-element elementor-element-707a7a0 elementor-section-boxed elementor-section-height-default elementor-section-height-default\" data-id=\"707a7a0\" data-element_type=\"section\">\n\t\t\t\t\t\t<div class=\"elementor-container elementor-column-gap-default\">\n\t\t\t\t\t\t\t<div class=\"elementor-row\">\n\t\t\t\t\t<div class=\"elementor-column elementor-col-50 elementor-top-column elementor-element elementor-element-184bd92\" data-id=\"184bd92\" data-element_type=\"column\" data-settings=\"{&quot;background_background&quot;:&quot;classic&quot;}\">\n\t\t\t<div class=\"elementor-column-wrap elementor-element-populated\">\n\t\t\t\t\t\t\t<div class=\"elementor-widget-wrap\">\n\t\t\t\t\t\t<div class=\"elementor-element elementor-element-4afc88e elementor-widget elementor-widget-image\" data-id=\"4afc88e\" data-element_type=\"widget\" data-widget_type=\"image.default\">\n\t\t\t\t<div class=\"elementor-widget-container\">\n\t\t\t\t\t\t\t\t<div class=\"elementor-image\">\n\t\t\t\t\t\t\t\t\t\t\t\t<img loading=\"lazy\" decoding=\"async\" width=\"1024\" height=\"768\" src=\"https:\/\/cunizab.edu.gt\/wp-content\/uploads\/2024\/04\/WhatsApp-Image-2024-03-04-at-7.52.00-PM-1024x768.jpeg\" class=\"attachment-large size-large\" alt=\"\" srcset=\"https:\/\/cunizab.edu.gt\/wp-content\/uploads\/2024\/04\/WhatsApp-Image-2024-03-04-at-7.52.00-PM-1024x768.jpeg 1024w, https:\/\/cunizab.edu.gt\/wp-content\/uploads\/2024\/04\/WhatsApp-Image-2024-03-04-at-7.52.00-PM-300x225.jpeg 300w, https:\/\/cunizab.edu.gt\/wp-content\/uploads\/2024\/04\/WhatsApp-Image-2024-03-04-at-7.52.00-PM-768x576.jpeg 768w, https:\/\/cunizab.edu.gt\/wp-content\/uploads\/2024\/04\/WhatsApp-Image-2024-03-04-at-7.52.00-PM-600x450.jpeg 600w, https:\/\/cunizab.edu.gt\/wp-content\/uploads\/2024\/04\/WhatsApp-Image-2024-03-04-at-7.52.00-PM-64x48.jpeg 64w, https:\/\/cunizab.edu.gt\/wp-content\/uploads\/2024\/04\/WhatsApp-Image-2024-03-04-at-7.52.00-PM.jpeg 1156w\" sizes=\"auto, (max-width: 1024px) 100vw, 1024px\" \/>\t\t\t\t\t\t\t\t\t\t\t\t\t\t<\/div>\n\t\t\t\t\t\t<\/div>\n\t\t\t\t<\/div>\n\t\t\t\t<div class=\"elementor-element elementor-element-0c76c46 elementor-widget elementor-widget-heading\" data-id=\"0c76c46\" data-element_type=\"widget\" data-widget_type=\"heading.default\">\n\t\t\t\t<div class=\"elementor-widget-container\">\n\t\t\t<h2 class=\"elementor-heading-title elementor-size-default\">Perfil de ingreso<\/h2>\t\t<\/div>\n\t\t\t\t<\/div>\n\t\t\t\t<div class=\"elementor-element elementor-element-aad4977 elementor-widget elementor-widget-text-editor\" data-id=\"aad4977\" data-element_type=\"widget\" data-widget_type=\"text-editor.default\">\n\t\t\t\t<div class=\"elementor-widget-container\">\n\t\t\t\t\t\t\t\t<div class=\"elementor-text-editor elementor-clearfix\">\n\t\t\t\t\t<ul><li>Poseer conocimiento b\u00e1sico de Biolog\u00eda y c\u00f3mputo.<\/li><li>Poseer conocimientos b\u00e1sicos de Matem\u00e1tica, qu\u00edmica.<\/li><li>Demostrar inter\u00e9s por la agronom\u00eda y el ambiente.<\/li><li>Poseer capacidad de adaptarse al medio universitario y a las condiciones propias de la vida rural guatemalteca.<\/li><li>Tener disposici\u00f3n para la realizaci\u00f3n de pr\u00e1cticas en el campo de la agronom\u00eda.<\/li><li>Poseer sensibilidad social.<\/li><li>Demostrar inter\u00e9s por interpretar los fen\u00f3menos naturales y sociales.<\/li><\/ul>\t\t\t\t\t<\/div>\n\t\t\t\t\t\t<\/div>\n\t\t\t\t<\/div>\n\t\t\t\t\t\t<\/div>\n\t\t\t\t\t<\/div>\n\t\t<\/div>\n\t\t\t\t<div class=\"elementor-column elementor-col-50 elementor-top-column elementor-element elementor-element-a9674e4\" data-id=\"a9674e4\" data-element_type=\"column\" data-settings=\"{&quot;background_background&quot;:&quot;classic&quot;}\">\n\t\t\t<div class=\"elementor-column-wrap elementor-element-populated\">\n\t\t\t\t\t\t\t<div class=\"elementor-widget-wrap\">\n\t\t\t\t\t\t<div class=\"elementor-element elementor-element-e4e03c9 elementor-widget elementor-widget-heading\" data-id=\"e4e03c9\" data-element_type=\"widget\" data-widget_type=\"heading.default\">\n\t\t\t\t<div class=\"elementor-widget-container\">\n\t\t\t<h2 class=\"elementor-heading-title elementor-size-default\">Perfil de egreso<\/h2>\t\t<\/div>\n\t\t\t\t<\/div>\n\t\t\t\t<div class=\"elementor-element elementor-element-1deb2df elementor-widget elementor-widget-text-editor\" data-id=\"1deb2df\" data-element_type=\"widget\" data-widget_type=\"text-editor.default\">\n\t\t\t\t<div class=\"elementor-widget-container\">\n\t\t\t\t\t\t\t\t<div class=\"elementor-text-editor elementor-clearfix\">\n\t\t\t\t\t<ul><li>Identificar y comprometerse con el desarrollo del pa\u00eds y del desarrollo rural desde la perspectiva de la interacci\u00f3n entre los recursos Naturales Renovables en el marco de la sostenibilidad.<\/li><li>Participar eficaz en los diversos procesos productivos relacionados con los sistemas de producci\u00f3n desde el \u00e1mbito a) empresarial, b) comunitario, c) No gubernamentales d) Estatal y extraterritorial.<\/li><li>Intervenir e incidir en las pol\u00edticas p\u00fablicas relacionadas con la producci\u00f3n de los recursos naturales y el desarrollo rural.<\/li><li>Contribuir al proceso de generaci\u00f3n de conocimientos apropiados a la realidad nacional en el \u00e1mbito de los sistemas de producci\u00f3n y al ambiente.<\/li><li>Conocer y evaluar la realidad de los recursos naturales para proponer mejoras a las condiciones del \u00e1rea rural.<\/li><li>Poseer capacidad cr\u00edtica, creativa y propositiva, ante la problem\u00e1tica del ambiente a nivel nacional y regional.<\/li><li>Poseer una formaci\u00f3n humanista para una cultura de convivencia solidaria y democr\u00e1tica.<\/li><li>Cuantificar y cualificar los recursos naturales renovables, para determinar a trav\u00e9s del an\u00e1lisis de la informaci\u00f3n, el estado actual y uso potencia de los mismos.<\/li><li>Investigar y proponer soluciones a los problemas relacionados con el uso en manejo y conservaciones del recurso naturales renovables para alcanzar la sostenibilidad.<\/li><li>Elaborar planes integrales de manejo de los recursos naturales renovables, en los niveles de unidad productiva, cuenca hidrogr\u00e1fica, pa\u00eds y regi\u00f3n<\/li><li>Manejar t\u00e9cnicas de administraci\u00f3n en el uso y manejo de los recursos naturales renovables, que permitan mejorar la eficiencia gerencial, optimizar el uso de los recursos disponibles y aprovechar las oportunidades de desarrollo existentes.<\/li><li>Gestionar promover y desarrollar programas de capacitaci\u00f3n y presentaci\u00f3n de los servicios en el campo de los recursos naturales renovables, a trav\u00e9s de medios convencionales y alternativos de comunicaci\u00f3n social, as\u00ed como m\u00e9todos de la misma<\/li><li>Poseer actividades interpersonales, positivas, para logar una relaci\u00f3n favorable entre los diferentes actores del desarrollo.<\/li><li>Expresar ideas y conocimientos en forma oral y escrita para la comunicaci\u00f3n eficaz.<\/li><li>Actual con liderazgo y \u00e9tica en el desempe\u00f1o profesional.<\/li><\/ul>\t\t\t\t\t<\/div>\n\t\t\t\t\t\t<\/div>\n\t\t\t\t<\/div>\n\t\t\t\t<div class=\"elementor-element elementor-element-453e2f1 elementor-widget elementor-widget-image\" data-id=\"453e2f1\" data-element_type=\"widget\" data-widget_type=\"image.default\">\n\t\t\t\t<div class=\"elementor-widget-container\">\n\t\t\t\t\t\t\t\t<div class=\"elementor-image\">\n\t\t\t\t\t\t\t\t\t\t\t\t<img loading=\"lazy\" decoding=\"async\" width=\"1024\" height=\"768\" src=\"https:\/\/cunizab.edu.gt\/wp-content\/uploads\/2024\/04\/WhatsApp-Image-2024-03-04-at-7.54.47-PM-1024x768.jpeg\" class=\"attachment-large size-large\" alt=\"\" srcset=\"https:\/\/cunizab.edu.gt\/wp-content\/uploads\/2024\/04\/WhatsApp-Image-2024-03-04-at-7.54.47-PM-1024x768.jpeg 1024w, https:\/\/cunizab.edu.gt\/wp-content\/uploads\/2024\/04\/WhatsApp-Image-2024-03-04-at-7.54.47-PM-300x225.jpeg 300w, https:\/\/cunizab.edu.gt\/wp-content\/uploads\/2024\/04\/WhatsApp-Image-2024-03-04-at-7.54.47-PM-768x576.jpeg 768w, https:\/\/cunizab.edu.gt\/wp-content\/uploads\/2024\/04\/WhatsApp-Image-2024-03-04-at-7.54.47-PM-1536x1152.jpeg 1536w, https:\/\/cunizab.edu.gt\/wp-content\/uploads\/2024\/04\/WhatsApp-Image-2024-03-04-at-7.54.47-PM-1320x990.jpeg 1320w, https:\/\/cunizab.edu.gt\/wp-content\/uploads\/2024\/04\/WhatsApp-Image-2024-03-04-at-7.54.47-PM-600x450.jpeg 600w, https:\/\/cunizab.edu.gt\/wp-content\/uploads\/2024\/04\/WhatsApp-Image-2024-03-04-at-7.54.47-PM-64x48.jpeg 64w, https:\/\/cunizab.edu.gt\/wp-content\/uploads\/2024\/04\/WhatsApp-Image-2024-03-04-at-7.54.47-PM.jpeg 1600w\" sizes=\"auto, (max-width: 1024px) 100vw, 1024px\" \/>\t\t\t\t\t\t\t\t\t\t\t\t\t\t<\/div>\n\t\t\t\t\t\t<\/div>\n\t\t\t\t<\/div>\n\t\t\t\t\t\t<\/div>\n\t\t\t\t\t<\/div>\n\t\t<\/div>\n\t\t\t\t\t\t\t\t<\/div>\n\t\t\t\t\t<\/div>\n\t\t<\/section>\n\t\t\t\t<section class=\"elementor-section elementor-top-section elementor-element elementor-element-1c8a647 elementor-section-boxed elementor-section-height-default elementor-section-height-default\" data-id=\"1c8a647\" data-element_type=\"section\">\n\t\t\t\t\t\t<div class=\"elementor-container elementor-column-gap-default\">\n\t\t\t\t\t\t\t<div class=\"elementor-row\">\n\t\t\t\t\t<div class=\"elementor-column elementor-col-100 elementor-top-column elementor-element elementor-element-8a69ffe\" data-id=\"8a69ffe\" data-element_type=\"column\">\n\t\t\t<div class=\"elementor-column-wrap elementor-element-populated\">\n\t\t\t\t\t\t\t<div class=\"elementor-widget-wrap\">\n\t\t\t\t\t\t<div class=\"elementor-element elementor-element-3574774 elementor-widget elementor-widget-heading\" data-id=\"3574774\" data-element_type=\"widget\" data-widget_type=\"heading.default\">\n\t\t\t\t<div class=\"elementor-widget-container\">\n\t\t\t<h2 class=\"elementor-heading-title elementor-size-default\">Pensum de la carrera<\/h2>\t\t<\/div>\n\t\t\t\t<\/div>\n\t\t\t\t\t\t<\/div>\n\t\t\t\t\t<\/div>\n\t\t<\/div>\n\t\t\t\t\t\t\t\t<\/div>\n\t\t\t\t\t<\/div>\n\t\t<\/section>\n\t\t\t\t<section class=\"elementor-section elementor-top-section elementor-element elementor-element-70d6d25 elementor-section-boxed elementor-section-height-default elementor-section-height-default\" data-id=\"70d6d25\" data-element_type=\"section\">\n\t\t\t\t\t\t<div class=\"elementor-container elementor-column-gap-default\">\n\t\t\t\t\t\t\t<div class=\"elementor-row\">\n\t\t\t\t\t<div class=\"elementor-column elementor-col-50 elementor-top-column elementor-element elementor-element-a4512aa\" data-id=\"a4512aa\" data-element_type=\"column\">\n\t\t\t<div class=\"elementor-column-wrap elementor-element-populated\">\n\t\t\t\t\t\t\t<div class=\"elementor-widget-wrap\">\n\t\t\t\t\t\t<div class=\"elementor-element elementor-element-4408bd2 elementor-widget elementor-widget-image\" data-id=\"4408bd2\" data-element_type=\"widget\" data-widget_type=\"image.default\">\n\t\t\t\t<div class=\"elementor-widget-container\">\n\t\t\t\t\t\t\t\t<div class=\"elementor-image\">\n\t\t\t\t\t\t\t\t\t\t\t\t<img loading=\"lazy\" decoding=\"async\" width=\"483\" height=\"801\" src=\"https:\/\/cunizab.edu.gt\/wp-content\/uploads\/2024\/04\/pensumIngAgrRNRyAmbiente1.jpg\" class=\"attachment-large size-large\" alt=\"\" srcset=\"https:\/\/cunizab.edu.gt\/wp-content\/uploads\/2024\/04\/pensumIngAgrRNRyAmbiente1.jpg 483w, https:\/\/cunizab.edu.gt\/wp-content\/uploads\/2024\/04\/pensumIngAgrRNRyAmbiente1-181x300.jpg 181w, https:\/\/cunizab.edu.gt\/wp-content\/uploads\/2024\/04\/pensumIngAgrRNRyAmbiente1-64x106.jpg 64w\" sizes=\"auto, (max-width: 483px) 100vw, 483px\" \/>\t\t\t\t\t\t\t\t\t\t\t\t\t\t<\/div>\n\t\t\t\t\t\t<\/div>\n\t\t\t\t<\/div>\n\t\t\t\t\t\t<\/div>\n\t\t\t\t\t<\/div>\n\t\t<\/div>\n\t\t\t\t<div class=\"elementor-column elementor-col-50 elementor-top-column elementor-element elementor-element-70762ee\" data-id=\"70762ee\" data-element_type=\"column\">\n\t\t\t<div class=\"elementor-column-wrap elementor-element-populated\">\n\t\t\t\t\t\t\t<div class=\"elementor-widget-wrap\">\n\t\t\t\t\t\t<div class=\"elementor-element elementor-element-e632836 elementor-widget elementor-widget-image\" data-id=\"e632836\" data-element_type=\"widget\" data-widget_type=\"image.default\">\n\t\t\t\t<div class=\"elementor-widget-container\">\n\t\t\t\t\t\t\t\t<div class=\"elementor-image\">\n\t\t\t\t\t\t\t\t\t\t\t\t<img loading=\"lazy\" decoding=\"async\" width=\"426\" height=\"912\" src=\"https:\/\/cunizab.edu.gt\/wp-content\/uploads\/2024\/04\/pensumIngAgrRNRyAmbiente2.jpg\" class=\"attachment-large size-large\" alt=\"\" srcset=\"https:\/\/cunizab.edu.gt\/wp-content\/uploads\/2024\/04\/pensumIngAgrRNRyAmbiente2.jpg 426w, https:\/\/cunizab.edu.gt\/wp-content\/uploads\/2024\/04\/pensumIngAgrRNRyAmbiente2-140x300.jpg 140w, https:\/\/cunizab.edu.gt\/wp-content\/uploads\/2024\/04\/pensumIngAgrRNRyAmbiente2-64x137.jpg 64w\" sizes=\"auto, (max-width: 426px) 100vw, 426px\" \/>\t\t\t\t\t\t\t\t\t\t\t\t\t\t<\/div>\n\t\t\t\t\t\t<\/div>\n\t\t\t\t<\/div>\n\t\t\t\t\t\t<\/div>\n\t\t\t\t\t<\/div>\n\t\t<\/div>\n\t\t\t\t\t\t\t\t<\/div>\n\t\t\t\t\t<\/div>\n\t\t<\/section>\n\t\t\t\t\t\t<\/div>\n\t\t\t\t\t\t<\/div>\n\t\t\t\t\t<\/div>\n\t\t ","protected":false},"excerpt":{"rendered":"<p>Ingenier\u00eda Agron\u00f3mica en Recursos Naturales Renovables Perfil del estudiante Perfil de ingreso Poseer conocimiento b\u00e1sico de Biolog\u00eda y c\u00f3mputo. Poseer conocimientos b\u00e1sicos de Matem\u00e1tica, qu\u00edmica. Demostrar inter\u00e9s por la agronom\u00eda y el ambiente. Poseer capacidad de adaptarse al medio universitario y a las condiciones propias de la vida rural guatemalteca. Tener disposici\u00f3n para la realizaci\u00f3n &hellip;<\/p>\n<p class=\"read-more\"> <a class=\"\" href=\"https:\/\/cunizab.edu.gt\/index.php\/infoingagrrnr\/\"> <span class=\"screen-reader-text\">InfoIngAgrRNR<\/span> Read More &raquo;<\/a><\/p>\n","protected":false},"author":1,"featured_media":0,"parent":0,"menu_order":0,"comment_status":"closed","ping_status":"closed","template":"","meta":{"footnotes":""},"class_list":["post-4567","page","type-page","status-publish","hentry"],"_links":{"self":[{"href":"https:\/\/cunizab.edu.gt\/index.php\/wp-json\/wp\/v2\/pages\/4567","targetHints":{"allow":["GET"]}}],"collection":[{"href":"https:\/\/cunizab.edu.gt\/index.php\/wp-json\/wp\/v2\/pages"}],"about":[{"href":"https:\/\/cunizab.edu.gt\/index.php\/wp-json\/wp\/v2\/types\/page"}],"author":[{"embeddable":true,"href":"https:\/\/cunizab.edu.gt\/index.php\/wp-json\/wp\/v2\/users\/1"}],"replies":[{"embeddable":true,"href":"https:\/\/cunizab.edu.gt\/index.php\/wp-json\/wp\/v2\/comments?post=4567"}],"version-history":[{"count":10,"href":"https:\/\/cunizab.edu.gt\/index.php\/wp-json\/wp\/v2\/pages\/4567\/revisions"}],"predecessor-version":[{"id":4586,"href":"https:\/\/cunizab.edu.gt\/index.php\/wp-json\/wp\/v2\/pages\/4567\/revisions\/4586"}],"wp:attachment":[{"href":"https:\/\/cunizab.edu.gt\/index.php\/wp-json\/wp\/v2\/media?parent=4567"}],"curies":[{"name":"wp","href":"https:\/\/api.w.org\/{rel}","templated":true}]}}