{"id":4496,"date":"2024-04-29T21:16:17","date_gmt":"2024-04-29T21:16:17","guid":{"rendered":"https:\/\/cunizab.edu.gt\/?page_id=4496"},"modified":"2024-04-29T21:27:47","modified_gmt":"2024-04-29T21:27:47","slug":"infoingagrspa","status":"publish","type":"page","link":"https:\/\/cunizab.edu.gt\/index.php\/infoingagrspa\/","title":{"rendered":"InfoIngAgrSPA"},"content":{"rendered":"\t\t<div data-elementor-type=\"wp-page\" data-elementor-id=\"4496\" class=\"elementor elementor-4496\" data-elementor-settings=\"[]\">\n\t\t\t\t\t\t<div class=\"elementor-inner\">\n\t\t\t\t\t\t\t<div class=\"elementor-section-wrap\">\n\t\t\t\t\t\t\t<section class=\"elementor-section elementor-top-section elementor-element elementor-element-4a3bc2d elementor-section-height-min-height elementor-section-boxed elementor-section-height-default elementor-section-items-middle\" data-id=\"4a3bc2d\" data-element_type=\"section\" data-settings=\"{&quot;background_background&quot;:&quot;classic&quot;}\">\n\t\t\t\t\t\t\t<div class=\"elementor-background-overlay\"><\/div>\n\t\t\t\t\t\t\t<div class=\"elementor-container elementor-column-gap-default\">\n\t\t\t\t\t\t\t<div class=\"elementor-row\">\n\t\t\t\t\t<div class=\"elementor-column elementor-col-100 elementor-top-column elementor-element elementor-element-abfbce3 elementor-invisible\" data-id=\"abfbce3\" data-element_type=\"column\" data-settings=\"{&quot;animation&quot;:&quot;fadeInUp&quot;}\">\n\t\t\t<div class=\"elementor-column-wrap elementor-element-populated\">\n\t\t\t\t\t\t\t<div class=\"elementor-widget-wrap\">\n\t\t\t\t\t\t<div class=\"elementor-element elementor-element-52c7476 elementor-widget elementor-widget-heading\" data-id=\"52c7476\" data-element_type=\"widget\" data-widget_type=\"heading.default\">\n\t\t\t\t<div class=\"elementor-widget-container\">\n\t\t\t<h1 class=\"elementor-heading-title elementor-size-default\">Ingenier\u00eda Agron\u00f3mica en Sistemas de Producci\u00f3n Agr\u00edcola\n<\/h1>\t\t<\/div>\n\t\t\t\t<\/div>\n\t\t\t\t<div class=\"elementor-element elementor-element-d473c45 elementor-widget-divider--view-line elementor-widget elementor-widget-divider\" data-id=\"d473c45\" data-element_type=\"widget\" data-widget_type=\"divider.default\">\n\t\t\t\t<div class=\"elementor-widget-container\">\n\t\t\t\t\t<div class=\"elementor-divider\">\n\t\t\t<span class=\"elementor-divider-separator\">\n\t\t\t\t\t\t<\/span>\n\t\t<\/div>\n\t\t\t\t<\/div>\n\t\t\t\t<\/div>\n\t\t\t\t\t\t<\/div>\n\t\t\t\t\t<\/div>\n\t\t<\/div>\n\t\t\t\t\t\t\t\t<\/div>\n\t\t\t\t\t<\/div>\n\t\t<\/section>\n\t\t\t\t<section class=\"elementor-section elementor-top-section elementor-element elementor-element-9c9c1d1 elementor-section-boxed elementor-section-height-default elementor-section-height-default\" data-id=\"9c9c1d1\" data-element_type=\"section\">\n\t\t\t\t\t\t<div class=\"elementor-container elementor-column-gap-default\">\n\t\t\t\t\t\t\t<div class=\"elementor-row\">\n\t\t\t\t\t<div class=\"elementor-column elementor-col-100 elementor-top-column elementor-element elementor-element-8e7f294\" data-id=\"8e7f294\" data-element_type=\"column\">\n\t\t\t<div class=\"elementor-column-wrap elementor-element-populated\">\n\t\t\t\t\t\t\t<div class=\"elementor-widget-wrap\">\n\t\t\t\t\t\t<div class=\"elementor-element elementor-element-fccc0dd elementor-widget elementor-widget-heading\" data-id=\"fccc0dd\" data-element_type=\"widget\" data-widget_type=\"heading.default\">\n\t\t\t\t<div class=\"elementor-widget-container\">\n\t\t\t<h2 class=\"elementor-heading-title elementor-size-default\">Perfil del estudiante<\/h2>\t\t<\/div>\n\t\t\t\t<\/div>\n\t\t\t\t\t\t<\/div>\n\t\t\t\t\t<\/div>\n\t\t<\/div>\n\t\t\t\t\t\t\t\t<\/div>\n\t\t\t\t\t<\/div>\n\t\t<\/section>\n\t\t\t\t<section class=\"elementor-section elementor-top-section elementor-element elementor-element-707a7a0 elementor-section-boxed elementor-section-height-default elementor-section-height-default\" data-id=\"707a7a0\" data-element_type=\"section\">\n\t\t\t\t\t\t<div class=\"elementor-container elementor-column-gap-default\">\n\t\t\t\t\t\t\t<div class=\"elementor-row\">\n\t\t\t\t\t<div class=\"elementor-column elementor-col-50 elementor-top-column elementor-element elementor-element-184bd92\" data-id=\"184bd92\" data-element_type=\"column\" data-settings=\"{&quot;background_background&quot;:&quot;classic&quot;}\">\n\t\t\t<div class=\"elementor-column-wrap elementor-element-populated\">\n\t\t\t\t\t\t\t<div class=\"elementor-widget-wrap\">\n\t\t\t\t\t\t<div class=\"elementor-element elementor-element-4afc88e elementor-widget elementor-widget-image\" data-id=\"4afc88e\" data-element_type=\"widget\" data-widget_type=\"image.default\">\n\t\t\t\t<div class=\"elementor-widget-container\">\n\t\t\t\t\t\t\t\t<div class=\"elementor-image\">\n\t\t\t\t\t\t\t\t\t\t\t\t<img loading=\"lazy\" decoding=\"async\" width=\"1024\" height=\"473\" src=\"https:\/\/cunizab.edu.gt\/wp-content\/uploads\/2024\/04\/WhatsApp-Image-2024-03-04-at-6.31.08-PM-1024x473.jpeg\" class=\"attachment-large size-large\" alt=\"\" srcset=\"https:\/\/cunizab.edu.gt\/wp-content\/uploads\/2024\/04\/WhatsApp-Image-2024-03-04-at-6.31.08-PM-1024x473.jpeg 1024w, https:\/\/cunizab.edu.gt\/wp-content\/uploads\/2024\/04\/WhatsApp-Image-2024-03-04-at-6.31.08-PM-300x139.jpeg 300w, https:\/\/cunizab.edu.gt\/wp-content\/uploads\/2024\/04\/WhatsApp-Image-2024-03-04-at-6.31.08-PM-768x355.jpeg 768w, https:\/\/cunizab.edu.gt\/wp-content\/uploads\/2024\/04\/WhatsApp-Image-2024-03-04-at-6.31.08-PM-1536x709.jpeg 1536w, https:\/\/cunizab.edu.gt\/wp-content\/uploads\/2024\/04\/WhatsApp-Image-2024-03-04-at-6.31.08-PM-1320x610.jpeg 1320w, https:\/\/cunizab.edu.gt\/wp-content\/uploads\/2024\/04\/WhatsApp-Image-2024-03-04-at-6.31.08-PM-600x277.jpeg 600w, https:\/\/cunizab.edu.gt\/wp-content\/uploads\/2024\/04\/WhatsApp-Image-2024-03-04-at-6.31.08-PM-64x30.jpeg 64w, https:\/\/cunizab.edu.gt\/wp-content\/uploads\/2024\/04\/WhatsApp-Image-2024-03-04-at-6.31.08-PM.jpeg 1600w\" sizes=\"auto, (max-width: 1024px) 100vw, 1024px\" \/>\t\t\t\t\t\t\t\t\t\t\t\t\t\t<\/div>\n\t\t\t\t\t\t<\/div>\n\t\t\t\t<\/div>\n\t\t\t\t<div class=\"elementor-element elementor-element-0c76c46 elementor-widget elementor-widget-heading\" data-id=\"0c76c46\" data-element_type=\"widget\" data-widget_type=\"heading.default\">\n\t\t\t\t<div class=\"elementor-widget-container\">\n\t\t\t<h2 class=\"elementor-heading-title elementor-size-default\">Perfil de ingreso<\/h2>\t\t<\/div>\n\t\t\t\t<\/div>\n\t\t\t\t<div class=\"elementor-element elementor-element-aad4977 elementor-widget elementor-widget-text-editor\" data-id=\"aad4977\" data-element_type=\"widget\" data-widget_type=\"text-editor.default\">\n\t\t\t\t<div class=\"elementor-widget-container\">\n\t\t\t\t\t\t\t\t<div class=\"elementor-text-editor elementor-clearfix\">\n\t\t\t\t\t<ul><li>Demostrar inter\u00e9s por la agronom\u00eda.<span style=\"font-size: 15px; font-style: normal; font-weight: 400;\"><br \/><\/span><\/li><li>Poseer conocimiento b\u00e1sicos de computo.<\/li><li>Poseer conocimientos b\u00e1sicos en matem\u00e1ticas, biolog\u00eda, qu\u00edmica y ciencias sociales.<\/li><li>Poseer capacidad de adaptarse al medio universitario y a las condiciones propias de la vida rural guatemalteca.<\/li><li>Tener disposici\u00f3n para la realizaci\u00f3n de pr\u00e1cticas en el campo de la agronom\u00eda.<\/li><li>Poseer capacidad de relacionarse con grupos de diferentes cultura y nivel econ\u00f3mico.<\/li><li>Poseer sensibilidad social.<\/li><li>Demostrar inter\u00e9s por interpretar los fen\u00f3menos naturales y sociales.<\/li><\/ul>\t\t\t\t\t<\/div>\n\t\t\t\t\t\t<\/div>\n\t\t\t\t<\/div>\n\t\t\t\t\t\t<\/div>\n\t\t\t\t\t<\/div>\n\t\t<\/div>\n\t\t\t\t<div class=\"elementor-column elementor-col-50 elementor-top-column elementor-element elementor-element-a9674e4\" data-id=\"a9674e4\" data-element_type=\"column\" data-settings=\"{&quot;background_background&quot;:&quot;classic&quot;}\">\n\t\t\t<div class=\"elementor-column-wrap elementor-element-populated\">\n\t\t\t\t\t\t\t<div class=\"elementor-widget-wrap\">\n\t\t\t\t\t\t<div class=\"elementor-element elementor-element-e4e03c9 elementor-widget elementor-widget-heading\" data-id=\"e4e03c9\" data-element_type=\"widget\" data-widget_type=\"heading.default\">\n\t\t\t\t<div class=\"elementor-widget-container\">\n\t\t\t<h2 class=\"elementor-heading-title elementor-size-default\">Perfil de egreso<\/h2>\t\t<\/div>\n\t\t\t\t<\/div>\n\t\t\t\t<div class=\"elementor-element elementor-element-1deb2df elementor-widget elementor-widget-text-editor\" data-id=\"1deb2df\" data-element_type=\"widget\" data-widget_type=\"text-editor.default\">\n\t\t\t\t<div class=\"elementor-widget-container\">\n\t\t\t\t\t\t\t\t<div class=\"elementor-text-editor elementor-clearfix\">\n\t\t\t\t\t<ul><li>Identificarse y comprometerse con el desarrollo del pa\u00eds y del desarrollo rural, desde la perspectiva de la interacci\u00f3n entre los Recursos Naturales Renovables y los sistemas de producci\u00f3n Agr\u00edcola, en el Marco de la sostenibilidad.<\/li><li>Participar eficazmente en los procesos productivos relacionados con los Recursos Naturales Renovables y los Sistemas de producci\u00f3n Agr\u00edcola desde los \u00e1mbitos: a) Empresarial, b) Comunitaria, c) No gubernamental, d) Estatal y extraterritorial.<\/li><li>Intervenir e incidir en el ciclo de la Pol\u00edticas P\u00fablicas relacionadas con la producci\u00f3n Agr\u00edcola, los recursos naturales Renovables y el Desarrollo Rural.<\/li><li>Contribuir al proceso de generaci\u00f3n de conocimientos apropiados a la realidad nacional en el \u00e1mbito de las Ciencias Agron\u00f3micas.<\/li><li>Conocer y evaluar la realidad agr\u00edcola nacional para proponer mejoras a las condiciones del \u00e1rea rural<\/li><li>Poseer una formaci\u00f3n humanista integral para una cultura de convivencia solidaria y democr\u00e1tica.<\/li><li>Formular, dirigir, ejecutar, controlar y evaluar pol\u00edticas, planes programas y proyectos para desarrollar las potencialidades de los recursos existentes en las comunidades rurales, empresas agr\u00edcolas e instituciones ligadas con el sector, acordes con la realidad existente.<\/li><li>Manejar la producci\u00f3n agr\u00edcola con enfoque integral y sostenible, lo cual comprende; uso y manejo eficiente de los recursos, protecci\u00f3n, mejoramiento, procesamiento, conservaci\u00f3n, trasformaci\u00f3n, almacenamiento y comercializaci\u00f3n de los productos y administraci\u00f3n eficiente de las capacidades humanas.<\/li><li>Administrar las actividades productivas agr\u00edcolas buscando la eficiencia gerencial, para optimizar el uso de los recursos disponibles y el aprovechamiento de las oportunidades de desarrollo existentes con el fin de obtener resultados rentables, competitivos y sostenibles y de beneficio social.<\/li><li>Investigar y proponer soluciones a problemas de la producci\u00f3n agr\u00edcola y del manejo de los recursos naturales renovables para lograr una producci\u00f3n eficaz, eficiente y sostenible.<\/li><li>Gestionar, promover y desarrollar programas de capacitaci\u00f3n y prestaci\u00f3n de servicios en la actividad agr\u00edcola, a tras de medios de extensi\u00f3n rural.<\/li><li>Generar y transferir tecnolog\u00eda y solucionar problemas t\u00e9cnicos gerenciales y organizativos de los productores acordes a la realidad nacional.<\/li><li>Poseer conciencia de la necesidad de la conservaci\u00f3n del ambiente y capacidad de aplicar conocimientos para evitar el impacto global negativo de las actividades productivas en los recursos naturales renovables<\/li><li>Utilizar las diversas formas de manejo de informaci\u00f3n actualizadas para la toma de decisiones eficaces oportunas y pertinentes.<\/li><li>Identificar, generar, fortalecer y participar en los procesos de la organizaci\u00f3n social de los productores agr\u00edcolas.<\/li><li>Establecer relaciones interpersonales arm\u00f3nicas para la organizaci\u00f3n de los procesos y actividades agr\u00edcolas con los diferentes actores del desarrollo.<\/li><li>Expresar ideas y conocimientos en forma oral y escrita para la comunicaci\u00f3n eficaz.<\/li><li>Actuar con liderazgo y \u00e9tica en el desempe\u00f1o profesional.<\/li><li>Poseer conocimientos generales del Idioma ingles preferentemente de un idioma Ind\u00edgena.<\/li><\/ul>\t\t\t\t\t<\/div>\n\t\t\t\t\t\t<\/div>\n\t\t\t\t<\/div>\n\t\t\t\t<div class=\"elementor-element elementor-element-453e2f1 elementor-widget elementor-widget-image\" data-id=\"453e2f1\" data-element_type=\"widget\" data-widget_type=\"image.default\">\n\t\t\t\t<div class=\"elementor-widget-container\">\n\t\t\t\t\t\t\t\t<div class=\"elementor-image\">\n\t\t\t\t\t\t\t\t\t\t\t\t<img loading=\"lazy\" decoding=\"async\" width=\"1024\" height=\"683\" src=\"https:\/\/cunizab.edu.gt\/wp-content\/uploads\/2024\/04\/WhatsApp-Image-2024-03-04-at-6.35.17-PM-1-1024x683.jpeg\" class=\"attachment-large size-large\" alt=\"\" srcset=\"https:\/\/cunizab.edu.gt\/wp-content\/uploads\/2024\/04\/WhatsApp-Image-2024-03-04-at-6.35.17-PM-1-1024x683.jpeg 1024w, https:\/\/cunizab.edu.gt\/wp-content\/uploads\/2024\/04\/WhatsApp-Image-2024-03-04-at-6.35.17-PM-1-300x200.jpeg 300w, https:\/\/cunizab.edu.gt\/wp-content\/uploads\/2024\/04\/WhatsApp-Image-2024-03-04-at-6.35.17-PM-1-768x512.jpeg 768w, https:\/\/cunizab.edu.gt\/wp-content\/uploads\/2024\/04\/WhatsApp-Image-2024-03-04-at-6.35.17-PM-1-600x400.jpeg 600w, https:\/\/cunizab.edu.gt\/wp-content\/uploads\/2024\/04\/WhatsApp-Image-2024-03-04-at-6.35.17-PM-1-64x43.jpeg 64w, https:\/\/cunizab.edu.gt\/wp-content\/uploads\/2024\/04\/WhatsApp-Image-2024-03-04-at-6.35.17-PM-1.jpeg 1080w\" sizes=\"auto, (max-width: 1024px) 100vw, 1024px\" \/>\t\t\t\t\t\t\t\t\t\t\t\t\t\t<\/div>\n\t\t\t\t\t\t<\/div>\n\t\t\t\t<\/div>\n\t\t\t\t\t\t<\/div>\n\t\t\t\t\t<\/div>\n\t\t<\/div>\n\t\t\t\t\t\t\t\t<\/div>\n\t\t\t\t\t<\/div>\n\t\t<\/section>\n\t\t\t\t<section class=\"elementor-section elementor-top-section elementor-element elementor-element-1c8a647 elementor-section-boxed elementor-section-height-default elementor-section-height-default\" data-id=\"1c8a647\" data-element_type=\"section\">\n\t\t\t\t\t\t<div class=\"elementor-container elementor-column-gap-default\">\n\t\t\t\t\t\t\t<div class=\"elementor-row\">\n\t\t\t\t\t<div class=\"elementor-column elementor-col-100 elementor-top-column elementor-element elementor-element-8a69ffe\" data-id=\"8a69ffe\" data-element_type=\"column\">\n\t\t\t<div class=\"elementor-column-wrap elementor-element-populated\">\n\t\t\t\t\t\t\t<div class=\"elementor-widget-wrap\">\n\t\t\t\t\t\t<div class=\"elementor-element elementor-element-3574774 elementor-widget elementor-widget-heading\" data-id=\"3574774\" data-element_type=\"widget\" data-widget_type=\"heading.default\">\n\t\t\t\t<div class=\"elementor-widget-container\">\n\t\t\t<h2 class=\"elementor-heading-title elementor-size-default\">Pensum de la carrera<\/h2>\t\t<\/div>\n\t\t\t\t<\/div>\n\t\t\t\t\t\t<\/div>\n\t\t\t\t\t<\/div>\n\t\t<\/div>\n\t\t\t\t\t\t\t\t<\/div>\n\t\t\t\t\t<\/div>\n\t\t<\/section>\n\t\t\t\t<section class=\"elementor-section elementor-top-section elementor-element elementor-element-70d6d25 elementor-section-boxed elementor-section-height-default elementor-section-height-default\" data-id=\"70d6d25\" data-element_type=\"section\">\n\t\t\t\t\t\t<div class=\"elementor-container elementor-column-gap-default\">\n\t\t\t\t\t\t\t<div class=\"elementor-row\">\n\t\t\t\t\t<div class=\"elementor-column elementor-col-50 elementor-top-column elementor-element elementor-element-a4512aa\" data-id=\"a4512aa\" data-element_type=\"column\">\n\t\t\t<div class=\"elementor-column-wrap elementor-element-populated\">\n\t\t\t\t\t\t\t<div class=\"elementor-widget-wrap\">\n\t\t\t\t\t\t<div class=\"elementor-element elementor-element-4408bd2 elementor-widget elementor-widget-image\" data-id=\"4408bd2\" data-element_type=\"widget\" data-widget_type=\"image.default\">\n\t\t\t\t<div class=\"elementor-widget-container\">\n\t\t\t\t\t\t\t\t<div class=\"elementor-image\">\n\t\t\t\t\t\t\t\t\t\t\t\t<img loading=\"lazy\" decoding=\"async\" width=\"455\" height=\"752\" src=\"https:\/\/cunizab.edu.gt\/wp-content\/uploads\/2024\/04\/pensumIngAgrSPA1.jpg\" class=\"attachment-large size-large\" alt=\"\" srcset=\"https:\/\/cunizab.edu.gt\/wp-content\/uploads\/2024\/04\/pensumIngAgrSPA1.jpg 455w, https:\/\/cunizab.edu.gt\/wp-content\/uploads\/2024\/04\/pensumIngAgrSPA1-182x300.jpg 182w, https:\/\/cunizab.edu.gt\/wp-content\/uploads\/2024\/04\/pensumIngAgrSPA1-64x106.jpg 64w\" sizes=\"auto, (max-width: 455px) 100vw, 455px\" \/>\t\t\t\t\t\t\t\t\t\t\t\t\t\t<\/div>\n\t\t\t\t\t\t<\/div>\n\t\t\t\t<\/div>\n\t\t\t\t\t\t<\/div>\n\t\t\t\t\t<\/div>\n\t\t<\/div>\n\t\t\t\t<div class=\"elementor-column elementor-col-50 elementor-top-column elementor-element elementor-element-70762ee\" data-id=\"70762ee\" data-element_type=\"column\">\n\t\t\t<div class=\"elementor-column-wrap elementor-element-populated\">\n\t\t\t\t\t\t\t<div class=\"elementor-widget-wrap\">\n\t\t\t\t\t\t<div class=\"elementor-element elementor-element-e632836 elementor-widget elementor-widget-image\" data-id=\"e632836\" data-element_type=\"widget\" data-widget_type=\"image.default\">\n\t\t\t\t<div class=\"elementor-widget-container\">\n\t\t\t\t\t\t\t\t<div class=\"elementor-image\">\n\t\t\t\t\t\t\t\t\t\t\t\t<img loading=\"lazy\" decoding=\"async\" width=\"452\" height=\"907\" src=\"https:\/\/cunizab.edu.gt\/wp-content\/uploads\/2024\/04\/pensumIngAgrSPA2.jpg\" class=\"attachment-large size-large\" alt=\"\" srcset=\"https:\/\/cunizab.edu.gt\/wp-content\/uploads\/2024\/04\/pensumIngAgrSPA2.jpg 452w, https:\/\/cunizab.edu.gt\/wp-content\/uploads\/2024\/04\/pensumIngAgrSPA2-150x300.jpg 150w, https:\/\/cunizab.edu.gt\/wp-content\/uploads\/2024\/04\/pensumIngAgrSPA2-64x128.jpg 64w\" sizes=\"auto, (max-width: 452px) 100vw, 452px\" \/>\t\t\t\t\t\t\t\t\t\t\t\t\t\t<\/div>\n\t\t\t\t\t\t<\/div>\n\t\t\t\t<\/div>\n\t\t\t\t\t\t<\/div>\n\t\t\t\t\t<\/div>\n\t\t<\/div>\n\t\t\t\t\t\t\t\t<\/div>\n\t\t\t\t\t<\/div>\n\t\t<\/section>\n\t\t\t\t\t\t<\/div>\n\t\t\t\t\t\t<\/div>\n\t\t\t\t\t<\/div>\n\t\t ","protected":false},"excerpt":{"rendered":"<p>Ingenier\u00eda Agron\u00f3mica en Sistemas de Producci\u00f3n Agr\u00edcola Perfil del estudiante Perfil de ingreso Demostrar inter\u00e9s por la agronom\u00eda. Poseer conocimiento b\u00e1sicos de computo. Poseer conocimientos b\u00e1sicos en matem\u00e1ticas, biolog\u00eda, qu\u00edmica y ciencias sociales. Poseer capacidad de adaptarse al medio universitario y a las condiciones propias de la vida rural guatemalteca. Tener disposici\u00f3n para la realizaci\u00f3n &hellip;<\/p>\n<p class=\"read-more\"> <a class=\"\" href=\"https:\/\/cunizab.edu.gt\/index.php\/infoingagrspa\/\"> <span class=\"screen-reader-text\">InfoIngAgrSPA<\/span> Read More &raquo;<\/a><\/p>\n","protected":false},"author":1,"featured_media":0,"parent":0,"menu_order":0,"comment_status":"closed","ping_status":"closed","template":"","meta":{"footnotes":""},"class_list":["post-4496","page","type-page","status-publish","hentry"],"_links":{"self":[{"href":"https:\/\/cunizab.edu.gt\/index.php\/wp-json\/wp\/v2\/pages\/4496","targetHints":{"allow":["GET"]}}],"collection":[{"href":"https:\/\/cunizab.edu.gt\/index.php\/wp-json\/wp\/v2\/pages"}],"about":[{"href":"https:\/\/cunizab.edu.gt\/index.php\/wp-json\/wp\/v2\/types\/page"}],"author":[{"embeddable":true,"href":"https:\/\/cunizab.edu.gt\/index.php\/wp-json\/wp\/v2\/users\/1"}],"replies":[{"embeddable":true,"href":"https:\/\/cunizab.edu.gt\/index.php\/wp-json\/wp\/v2\/comments?post=4496"}],"version-history":[{"count":13,"href":"https:\/\/cunizab.edu.gt\/index.php\/wp-json\/wp\/v2\/pages\/4496\/revisions"}],"predecessor-version":[{"id":4515,"href":"https:\/\/cunizab.edu.gt\/index.php\/wp-json\/wp\/v2\/pages\/4496\/revisions\/4515"}],"wp:attachment":[{"href":"https:\/\/cunizab.edu.gt\/index.php\/wp-json\/wp\/v2\/media?parent=4496"}],"curies":[{"name":"wp","href":"https:\/\/api.w.org\/{rel}","templated":true}]}}