{"id":4418,"date":"2024-04-29T08:02:07","date_gmt":"2024-04-29T08:02:07","guid":{"rendered":"https:\/\/cunizab.edu.gt\/?page_id=4418"},"modified":"2024-04-29T19:59:46","modified_gmt":"2024-04-29T19:59:46","slug":"actividadesingenieriaagrspa","status":"publish","type":"page","link":"https:\/\/cunizab.edu.gt\/index.php\/actividadesingenieriaagrspa\/","title":{"rendered":"ActividadesIngenieriaAgrSPA"},"content":{"rendered":"\t\t<div data-elementor-type=\"wp-page\" data-elementor-id=\"4418\" class=\"elementor elementor-4418\" data-elementor-settings=\"[]\">\n\t\t\t\t\t\t<div class=\"elementor-inner\">\n\t\t\t\t\t\t\t<div class=\"elementor-section-wrap\">\n\t\t\t\t\t\t\t<section class=\"elementor-section elementor-top-section elementor-element elementor-element-4a3bc2d elementor-section-height-min-height elementor-section-boxed elementor-section-height-default elementor-section-items-middle\" data-id=\"4a3bc2d\" data-element_type=\"section\" data-settings=\"{&quot;background_background&quot;:&quot;classic&quot;}\">\n\t\t\t\t\t\t\t<div class=\"elementor-background-overlay\"><\/div>\n\t\t\t\t\t\t\t<div class=\"elementor-container elementor-column-gap-default\">\n\t\t\t\t\t\t\t<div class=\"elementor-row\">\n\t\t\t\t\t<div class=\"elementor-column elementor-col-100 elementor-top-column elementor-element elementor-element-abfbce3 elementor-invisible\" data-id=\"abfbce3\" data-element_type=\"column\" data-settings=\"{&quot;animation&quot;:&quot;fadeInUp&quot;}\">\n\t\t\t<div class=\"elementor-column-wrap elementor-element-populated\">\n\t\t\t\t\t\t\t<div class=\"elementor-widget-wrap\">\n\t\t\t\t\t\t<div class=\"elementor-element elementor-element-52c7476 elementor-widget elementor-widget-heading\" data-id=\"52c7476\" data-element_type=\"widget\" data-widget_type=\"heading.default\">\n\t\t\t\t<div class=\"elementor-widget-container\">\n\t\t\t<h1 class=\"elementor-heading-title elementor-size-default\">Ingenier\u00eda Agron\u00f3mica en Sistemas de Producci\u00f3n Agr\u00edcola<\/h1>\t\t<\/div>\n\t\t\t\t<\/div>\n\t\t\t\t<div class=\"elementor-element elementor-element-d473c45 elementor-widget-divider--view-line elementor-widget elementor-widget-divider\" data-id=\"d473c45\" data-element_type=\"widget\" data-widget_type=\"divider.default\">\n\t\t\t\t<div class=\"elementor-widget-container\">\n\t\t\t\t\t<div class=\"elementor-divider\">\n\t\t\t<span class=\"elementor-divider-separator\">\n\t\t\t\t\t\t<\/span>\n\t\t<\/div>\n\t\t\t\t<\/div>\n\t\t\t\t<\/div>\n\t\t\t\t\t\t<\/div>\n\t\t\t\t\t<\/div>\n\t\t<\/div>\n\t\t\t\t\t\t\t\t<\/div>\n\t\t\t\t\t<\/div>\n\t\t<\/section>\n\t\t\t\t<section class=\"elementor-section elementor-top-section elementor-element elementor-element-9c9c1d1 elementor-section-boxed elementor-section-height-default elementor-section-height-default\" data-id=\"9c9c1d1\" data-element_type=\"section\">\n\t\t\t\t\t\t<div class=\"elementor-container elementor-column-gap-default\">\n\t\t\t\t\t\t\t<div class=\"elementor-row\">\n\t\t\t\t\t<div class=\"elementor-column elementor-col-100 elementor-top-column elementor-element elementor-element-8e7f294\" data-id=\"8e7f294\" data-element_type=\"column\">\n\t\t\t<div class=\"elementor-column-wrap elementor-element-populated\">\n\t\t\t\t\t\t\t<div class=\"elementor-widget-wrap\">\n\t\t\t\t\t\t<div class=\"elementor-element elementor-element-fccc0dd elementor-widget elementor-widget-heading\" data-id=\"fccc0dd\" data-element_type=\"widget\" data-widget_type=\"heading.default\">\n\t\t\t\t<div class=\"elementor-widget-container\">\n\t\t\t<h2 class=\"elementor-heading-title elementor-size-default\">Actividades<\/h2>\t\t<\/div>\n\t\t\t\t<\/div>\n\t\t\t\t\t\t<\/div>\n\t\t\t\t\t<\/div>\n\t\t<\/div>\n\t\t\t\t\t\t\t\t<\/div>\n\t\t\t\t\t<\/div>\n\t\t<\/section>\n\t\t\t\t<section class=\"elementor-section elementor-top-section elementor-element elementor-element-000f1c2 elementor-section-boxed elementor-section-height-default elementor-section-height-default\" data-id=\"000f1c2\" data-element_type=\"section\">\n\t\t\t\t\t\t<div class=\"elementor-container elementor-column-gap-default\">\n\t\t\t\t\t\t\t<div class=\"elementor-row\">\n\t\t\t\t\t<div class=\"elementor-column elementor-col-100 elementor-top-column elementor-element elementor-element-15e7716\" data-id=\"15e7716\" data-element_type=\"column\">\n\t\t\t<div class=\"elementor-column-wrap elementor-element-populated\">\n\t\t\t\t\t\t\t<div class=\"elementor-widget-wrap\">\n\t\t\t\t\t\t<div class=\"elementor-element elementor-element-1b385e3 elementor-position-top elementor-vertical-align-top elementor-widget elementor-widget-image-box\" data-id=\"1b385e3\" data-element_type=\"widget\" data-widget_type=\"image-box.default\">\n\t\t\t\t<div class=\"elementor-widget-container\">\n\t\t\t<div class=\"elementor-image-box-wrapper\"><figure class=\"elementor-image-box-img\"><img loading=\"lazy\" decoding=\"async\" width=\"1600\" height=\"739\" src=\"https:\/\/cunizab.edu.gt\/wp-content\/uploads\/2024\/04\/WhatsApp-Image-2024-03-04-at-6.42.55-PM.jpeg\" class=\"attachment-full size-full\" alt=\"\" srcset=\"https:\/\/cunizab.edu.gt\/wp-content\/uploads\/2024\/04\/WhatsApp-Image-2024-03-04-at-6.42.55-PM.jpeg 1600w, https:\/\/cunizab.edu.gt\/wp-content\/uploads\/2024\/04\/WhatsApp-Image-2024-03-04-at-6.42.55-PM-300x139.jpeg 300w, https:\/\/cunizab.edu.gt\/wp-content\/uploads\/2024\/04\/WhatsApp-Image-2024-03-04-at-6.42.55-PM-1024x473.jpeg 1024w, https:\/\/cunizab.edu.gt\/wp-content\/uploads\/2024\/04\/WhatsApp-Image-2024-03-04-at-6.42.55-PM-768x355.jpeg 768w, https:\/\/cunizab.edu.gt\/wp-content\/uploads\/2024\/04\/WhatsApp-Image-2024-03-04-at-6.42.55-PM-1536x709.jpeg 1536w, https:\/\/cunizab.edu.gt\/wp-content\/uploads\/2024\/04\/WhatsApp-Image-2024-03-04-at-6.42.55-PM-1320x610.jpeg 1320w, https:\/\/cunizab.edu.gt\/wp-content\/uploads\/2024\/04\/WhatsApp-Image-2024-03-04-at-6.42.55-PM-600x277.jpeg 600w, https:\/\/cunizab.edu.gt\/wp-content\/uploads\/2024\/04\/WhatsApp-Image-2024-03-04-at-6.42.55-PM-64x30.jpeg 64w\" sizes=\"auto, (max-width: 1600px) 100vw, 1600px\" \/><\/figure><div class=\"elementor-image-box-content\"><h3 class=\"elementor-image-box-title\">Preparaci\u00f3n de suelos para la siembra<\/h3><\/div><\/div>\t\t<\/div>\n\t\t\t\t<\/div>\n\t\t\t\t<div class=\"elementor-element elementor-element-4e28f22 elementor-position-top elementor-vertical-align-top elementor-widget elementor-widget-image-box\" data-id=\"4e28f22\" data-element_type=\"widget\" data-widget_type=\"image-box.default\">\n\t\t\t\t<div class=\"elementor-widget-container\">\n\t\t\t<div class=\"elementor-image-box-wrapper\"><figure class=\"elementor-image-box-img\"><img loading=\"lazy\" decoding=\"async\" width=\"762\" height=\"1276\" src=\"https:\/\/cunizab.edu.gt\/wp-content\/uploads\/2024\/04\/Sin-titulo.jpg\" class=\"attachment-full size-full\" alt=\"\" srcset=\"https:\/\/cunizab.edu.gt\/wp-content\/uploads\/2024\/04\/Sin-titulo.jpg 762w, https:\/\/cunizab.edu.gt\/wp-content\/uploads\/2024\/04\/Sin-titulo-179x300.jpg 179w, https:\/\/cunizab.edu.gt\/wp-content\/uploads\/2024\/04\/Sin-titulo-612x1024.jpg 612w, https:\/\/cunizab.edu.gt\/wp-content\/uploads\/2024\/04\/Sin-titulo-600x1005.jpg 600w, https:\/\/cunizab.edu.gt\/wp-content\/uploads\/2024\/04\/Sin-titulo-64x107.jpg 64w\" sizes=\"auto, (max-width: 762px) 100vw, 762px\" \/><\/figure><div class=\"elementor-image-box-content\"><h3 class=\"elementor-image-box-title\">Giras de campo de intercambio de experiencias<\/h3><\/div><\/div>\t\t<\/div>\n\t\t\t\t<\/div>\n\t\t\t\t<div class=\"elementor-element elementor-element-7de84fa elementor-position-top elementor-vertical-align-top elementor-widget elementor-widget-image-box\" data-id=\"7de84fa\" data-element_type=\"widget\" data-widget_type=\"image-box.default\">\n\t\t\t\t<div class=\"elementor-widget-container\">\n\t\t\t<div class=\"elementor-image-box-wrapper\"><figure class=\"elementor-image-box-img\"><img loading=\"lazy\" decoding=\"async\" width=\"1080\" height=\"810\" src=\"https:\/\/cunizab.edu.gt\/wp-content\/uploads\/2024\/04\/WhatsApp-Image-2024-03-04-at-6.51.04-PM.jpeg\" class=\"attachment-full size-full\" alt=\"\" srcset=\"https:\/\/cunizab.edu.gt\/wp-content\/uploads\/2024\/04\/WhatsApp-Image-2024-03-04-at-6.51.04-PM.jpeg 1080w, https:\/\/cunizab.edu.gt\/wp-content\/uploads\/2024\/04\/WhatsApp-Image-2024-03-04-at-6.51.04-PM-300x225.jpeg 300w, https:\/\/cunizab.edu.gt\/wp-content\/uploads\/2024\/04\/WhatsApp-Image-2024-03-04-at-6.51.04-PM-1024x768.jpeg 1024w, https:\/\/cunizab.edu.gt\/wp-content\/uploads\/2024\/04\/WhatsApp-Image-2024-03-04-at-6.51.04-PM-768x576.jpeg 768w, https:\/\/cunizab.edu.gt\/wp-content\/uploads\/2024\/04\/WhatsApp-Image-2024-03-04-at-6.51.04-PM-600x450.jpeg 600w, https:\/\/cunizab.edu.gt\/wp-content\/uploads\/2024\/04\/WhatsApp-Image-2024-03-04-at-6.51.04-PM-64x48.jpeg 64w\" sizes=\"auto, (max-width: 1080px) 100vw, 1080px\" \/><\/figure><div class=\"elementor-image-box-content\"><h3 class=\"elementor-image-box-title\">Pr\u00e1cticas de Laboratorios<\/h3><\/div><\/div>\t\t<\/div>\n\t\t\t\t<\/div>\n\t\t\t\t\t\t<\/div>\n\t\t\t\t\t<\/div>\n\t\t<\/div>\n\t\t\t\t\t\t\t\t<\/div>\n\t\t\t\t\t<\/div>\n\t\t<\/section>\n\t\t\t\t\t\t<\/div>\n\t\t\t\t\t\t<\/div>\n\t\t\t\t\t<\/div>\n\t\t ","protected":false},"excerpt":{"rendered":"<p>Ingenier\u00eda Agron\u00f3mica en Sistemas de Producci\u00f3n Agr\u00edcola Actividades Preparaci\u00f3n de suelos para la siembra Giras de campo de intercambio de experiencias Pr\u00e1cticas de Laboratorios<\/p>\n","protected":false},"author":1,"featured_media":0,"parent":0,"menu_order":0,"comment_status":"closed","ping_status":"closed","template":"","meta":{"footnotes":""},"class_list":["post-4418","page","type-page","status-publish","hentry"],"_links":{"self":[{"href":"https:\/\/cunizab.edu.gt\/index.php\/wp-json\/wp\/v2\/pages\/4418","targetHints":{"allow":["GET"]}}],"collection":[{"href":"https:\/\/cunizab.edu.gt\/index.php\/wp-json\/wp\/v2\/pages"}],"about":[{"href":"https:\/\/cunizab.edu.gt\/index.php\/wp-json\/wp\/v2\/types\/page"}],"author":[{"embeddable":true,"href":"https:\/\/cunizab.edu.gt\/index.php\/wp-json\/wp\/v2\/users\/1"}],"replies":[{"embeddable":true,"href":"https:\/\/cunizab.edu.gt\/index.php\/wp-json\/wp\/v2\/comments?post=4418"}],"version-history":[{"count":13,"href":"https:\/\/cunizab.edu.gt\/index.php\/wp-json\/wp\/v2\/pages\/4418\/revisions"}],"predecessor-version":[{"id":4439,"href":"https:\/\/cunizab.edu.gt\/index.php\/wp-json\/wp\/v2\/pages\/4418\/revisions\/4439"}],"wp:attachment":[{"href":"https:\/\/cunizab.edu.gt\/index.php\/wp-json\/wp\/v2\/media?parent=4418"}],"curies":[{"name":"wp","href":"https:\/\/api.w.org\/{rel}","templated":true}]}}