{"id":4361,"date":"2024-04-28T05:19:57","date_gmt":"2024-04-28T05:19:57","guid":{"rendered":"https:\/\/cunizab.edu.gt\/?page_id=4361"},"modified":"2024-04-28T05:39:16","modified_gmt":"2024-04-28T05:39:16","slug":"infotrabajosocial","status":"publish","type":"page","link":"https:\/\/cunizab.edu.gt\/index.php\/infotrabajosocial\/","title":{"rendered":"InfoTrabajoSocial"},"content":{"rendered":"\t\t<div data-elementor-type=\"wp-page\" data-elementor-id=\"4361\" class=\"elementor elementor-4361\" data-elementor-settings=\"[]\">\n\t\t\t\t\t\t<div class=\"elementor-inner\">\n\t\t\t\t\t\t\t<div class=\"elementor-section-wrap\">\n\t\t\t\t\t\t\t<section class=\"elementor-section elementor-top-section elementor-element elementor-element-4a3bc2d elementor-section-height-min-height elementor-section-boxed elementor-section-height-default elementor-section-items-middle\" data-id=\"4a3bc2d\" data-element_type=\"section\" data-settings=\"{&quot;background_background&quot;:&quot;classic&quot;}\">\n\t\t\t\t\t\t\t<div class=\"elementor-background-overlay\"><\/div>\n\t\t\t\t\t\t\t<div class=\"elementor-container elementor-column-gap-default\">\n\t\t\t\t\t\t\t<div class=\"elementor-row\">\n\t\t\t\t\t<div class=\"elementor-column elementor-col-100 elementor-top-column elementor-element elementor-element-abfbce3 elementor-invisible\" data-id=\"abfbce3\" data-element_type=\"column\" data-settings=\"{&quot;animation&quot;:&quot;fadeInUp&quot;}\">\n\t\t\t<div class=\"elementor-column-wrap elementor-element-populated\">\n\t\t\t\t\t\t\t<div class=\"elementor-widget-wrap\">\n\t\t\t\t\t\t<div class=\"elementor-element elementor-element-52c7476 elementor-widget elementor-widget-heading\" data-id=\"52c7476\" data-element_type=\"widget\" data-widget_type=\"heading.default\">\n\t\t\t\t<div class=\"elementor-widget-container\">\n\t\t\t<h1 class=\"elementor-heading-title elementor-size-default\">Licenciatura en Trabajo Social<\/h1>\t\t<\/div>\n\t\t\t\t<\/div>\n\t\t\t\t<div class=\"elementor-element elementor-element-d473c45 elementor-widget-divider--view-line elementor-widget elementor-widget-divider\" data-id=\"d473c45\" data-element_type=\"widget\" data-widget_type=\"divider.default\">\n\t\t\t\t<div class=\"elementor-widget-container\">\n\t\t\t\t\t<div class=\"elementor-divider\">\n\t\t\t<span class=\"elementor-divider-separator\">\n\t\t\t\t\t\t<\/span>\n\t\t<\/div>\n\t\t\t\t<\/div>\n\t\t\t\t<\/div>\n\t\t\t\t\t\t<\/div>\n\t\t\t\t\t<\/div>\n\t\t<\/div>\n\t\t\t\t\t\t\t\t<\/div>\n\t\t\t\t\t<\/div>\n\t\t<\/section>\n\t\t\t\t<section class=\"elementor-section elementor-top-section elementor-element elementor-element-9c9c1d1 elementor-section-boxed elementor-section-height-default elementor-section-height-default\" data-id=\"9c9c1d1\" data-element_type=\"section\">\n\t\t\t\t\t\t<div class=\"elementor-container elementor-column-gap-default\">\n\t\t\t\t\t\t\t<div class=\"elementor-row\">\n\t\t\t\t\t<div class=\"elementor-column elementor-col-100 elementor-top-column elementor-element elementor-element-8e7f294\" data-id=\"8e7f294\" data-element_type=\"column\">\n\t\t\t<div class=\"elementor-column-wrap elementor-element-populated\">\n\t\t\t\t\t\t\t<div class=\"elementor-widget-wrap\">\n\t\t\t\t\t\t<div class=\"elementor-element elementor-element-fccc0dd elementor-widget elementor-widget-heading\" data-id=\"fccc0dd\" data-element_type=\"widget\" data-widget_type=\"heading.default\">\n\t\t\t\t<div class=\"elementor-widget-container\">\n\t\t\t<h2 class=\"elementor-heading-title elementor-size-default\">Perfil del estudiante<\/h2>\t\t<\/div>\n\t\t\t\t<\/div>\n\t\t\t\t\t\t<\/div>\n\t\t\t\t\t<\/div>\n\t\t<\/div>\n\t\t\t\t\t\t\t\t<\/div>\n\t\t\t\t\t<\/div>\n\t\t<\/section>\n\t\t\t\t<section class=\"elementor-section elementor-top-section elementor-element elementor-element-707a7a0 elementor-section-boxed elementor-section-height-default elementor-section-height-default\" data-id=\"707a7a0\" data-element_type=\"section\">\n\t\t\t\t\t\t<div class=\"elementor-container elementor-column-gap-default\">\n\t\t\t\t\t\t\t<div class=\"elementor-row\">\n\t\t\t\t\t<div class=\"elementor-column elementor-col-50 elementor-top-column elementor-element elementor-element-184bd92\" data-id=\"184bd92\" data-element_type=\"column\" data-settings=\"{&quot;background_background&quot;:&quot;classic&quot;}\">\n\t\t\t<div class=\"elementor-column-wrap elementor-element-populated\">\n\t\t\t\t\t\t\t<div class=\"elementor-widget-wrap\">\n\t\t\t\t\t\t<div class=\"elementor-element elementor-element-4afc88e elementor-widget elementor-widget-image\" data-id=\"4afc88e\" data-element_type=\"widget\" data-widget_type=\"image.default\">\n\t\t\t\t<div class=\"elementor-widget-container\">\n\t\t\t\t\t\t\t\t<div class=\"elementor-image\">\n\t\t\t\t\t\t\t\t\t\t\t\t<img loading=\"lazy\" decoding=\"async\" width=\"1024\" height=\"683\" src=\"https:\/\/cunizab.edu.gt\/wp-content\/uploads\/2020\/12\/alumonos5-1024x683.jpg\" class=\"attachment-large size-large\" alt=\"\" srcset=\"https:\/\/cunizab.edu.gt\/wp-content\/uploads\/2020\/12\/alumonos5-1024x683.jpg 1024w, https:\/\/cunizab.edu.gt\/wp-content\/uploads\/2020\/12\/alumonos5-600x400.jpg 600w, https:\/\/cunizab.edu.gt\/wp-content\/uploads\/2020\/12\/alumonos5-64x43.jpg 64w, https:\/\/cunizab.edu.gt\/wp-content\/uploads\/2020\/12\/alumonos5-300x200.jpg 300w, https:\/\/cunizab.edu.gt\/wp-content\/uploads\/2020\/12\/alumonos5-768x512.jpg 768w, https:\/\/cunizab.edu.gt\/wp-content\/uploads\/2020\/12\/alumonos5-1536x1024.jpg 1536w, https:\/\/cunizab.edu.gt\/wp-content\/uploads\/2020\/12\/alumonos5.jpg 2048w\" sizes=\"auto, (max-width: 1024px) 100vw, 1024px\" \/>\t\t\t\t\t\t\t\t\t\t\t\t\t\t<\/div>\n\t\t\t\t\t\t<\/div>\n\t\t\t\t<\/div>\n\t\t\t\t<div class=\"elementor-element elementor-element-0c76c46 elementor-widget elementor-widget-heading\" data-id=\"0c76c46\" data-element_type=\"widget\" data-widget_type=\"heading.default\">\n\t\t\t\t<div class=\"elementor-widget-container\">\n\t\t\t<h2 class=\"elementor-heading-title elementor-size-default\">Perfil de ingreso<\/h2>\t\t<\/div>\n\t\t\t\t<\/div>\n\t\t\t\t<div class=\"elementor-element elementor-element-aad4977 elementor-widget elementor-widget-text-editor\" data-id=\"aad4977\" data-element_type=\"widget\" data-widget_type=\"text-editor.default\">\n\t\t\t\t<div class=\"elementor-widget-container\">\n\t\t\t\t\t\t\t\t<div class=\"elementor-text-editor elementor-clearfix\">\n\t\t\t\t\t<ul><li>Conocimiento de la problem\u00e1tica y realidad social.<\/li><li><span style=\"font-size: 16px;\">Conocimiento de las Ciencias Sociales.<\/span><\/li><li><span style=\"font-size: 15px; color: var( --e-global-color-text ); font-family: var( --e-global-typography-text-font-family ), Sans-serif;\">Conocimiento b\u00e1sico de derechos humanos.<\/span><\/li><li>Manejo de tecnolog\u00eda de inform\u00e1tica.<\/li><li>Facilidad en la expresi\u00f3n verbal.<\/li><li>Habilidad de lectura y escritura.<\/li><li>Capacidad de an\u00e1lisis y s\u00edntesis.<\/li><li>Inclinaci\u00f3n al trabajo en equipo<br \/>Din\u00e1mico, participativo, extrovertido\/a y l\u00edder\/\u00e9sa potencial.<\/li><li>Buenas relaciones interpersonales y capacidad de relaciones a distintos niveles.<\/li><li>Identificaci\u00f3n con la justicia social.<\/li><li>Vocaci\u00f3n de servicio.<\/li><li>Actitudes de responsabilidad, honestidad, solidaridad, tolerancia.<\/li><li>Sensibilidad humano social.<\/li><li>Tendencia a participar y promover grupos socioculturales.<\/li><li>Respeto a la diversidad cultural, \u00e9tnica, intercultural y de g\u00e9nero.<\/li><\/ul>\t\t\t\t\t<\/div>\n\t\t\t\t\t\t<\/div>\n\t\t\t\t<\/div>\n\t\t\t\t\t\t<\/div>\n\t\t\t\t\t<\/div>\n\t\t<\/div>\n\t\t\t\t<div class=\"elementor-column elementor-col-50 elementor-top-column elementor-element elementor-element-a9674e4\" data-id=\"a9674e4\" data-element_type=\"column\" data-settings=\"{&quot;background_background&quot;:&quot;classic&quot;}\">\n\t\t\t<div class=\"elementor-column-wrap elementor-element-populated\">\n\t\t\t\t\t\t\t<div class=\"elementor-widget-wrap\">\n\t\t\t\t\t\t<div class=\"elementor-element elementor-element-e4e03c9 elementor-widget elementor-widget-heading\" data-id=\"e4e03c9\" data-element_type=\"widget\" data-widget_type=\"heading.default\">\n\t\t\t\t<div class=\"elementor-widget-container\">\n\t\t\t<h2 class=\"elementor-heading-title elementor-size-default\">Perfil de egreso<\/h2>\t\t<\/div>\n\t\t\t\t<\/div>\n\t\t\t\t<div class=\"elementor-element elementor-element-1deb2df elementor-widget elementor-widget-text-editor\" data-id=\"1deb2df\" data-element_type=\"widget\" data-widget_type=\"text-editor.default\">\n\t\t\t\t<div class=\"elementor-widget-container\">\n\t\t\t\t\t\t\t\t<div class=\"elementor-text-editor elementor-clearfix\">\n\t\t\t\t\t<ul><li><p>Acompa\u00f1a procesos de organizaci\u00f3n, promoci\u00f3n social de los movimientos sociales utilizando estrategias metodol\u00f3gicas de Trabajo Social y alternativas, para incidir en el desarrollo humano.<\/p><\/li><li><p>Gestiona proyectos de desarrollo social, utilizando diferentes modelos de planificaci\u00f3n priorizando el enfoque participativo y respeto a la diversidad ambiental, cultural, de g\u00e9nero y las capacidades diferentes en los niveles de desempe\u00f1o.<\/p><\/li><li><p>Posee y aplica los conocimientos te\u00f3ricos metodol\u00f3gicos que le permitan el an\u00e1lisis y la interpretaci\u00f3n de la realidad nacional.<\/p><\/li><li><p>Posee y aplica los fundamentos epistemol\u00f3gicos, axiol\u00f3gicos y metodol\u00f3gicos de Trabajo Social que fundamentan el desempe\u00f1o profesional con compromiso y responsabilidad.<\/p><\/li><li><p>Dise\u00f1a, promueve y acompa\u00f1a procesos de organizaci\u00f3n y promoci\u00f3n comunitaria para incidir en el desarrollo social en un marco de respeto y autodeterminaci\u00f3n.<\/p><\/li><li><p>Dise\u00f1a, ejecuta y eval\u00faa investigaciones sociales para generar conocimientos y proponer soluciones a los problemas y necesidades que presenta la sociedad guatemalteca.<\/p><\/li><li><p>Administra en forma efectiva entidades p\u00fablicas y privadas de desarrollo social.<\/p><\/li><li><p>Dise\u00f1a, ejecuta y eval\u00faa proyectos de desarrollo social en equipos multi e interdisciplinarios.<\/p><\/li><li><p>Promueve el respeto a los derechos humanos y la participaci\u00f3n ciudadana, para el fortalecimiento del Estado democr\u00e1tico y la construcci\u00f3n de la cultura de paz en Guatemala.<\/p><\/li><li><p>Se comunica efectivamente en idioma materno y en un segundo idioma nacional y\/o extranjero.<\/p><\/li><li>Demuestra habilidad en el uso de las tecnolog\u00edas de la comunicaci\u00f3n.<\/li><\/ul>\t\t\t\t\t<\/div>\n\t\t\t\t\t\t<\/div>\n\t\t\t\t<\/div>\n\t\t\t\t<div class=\"elementor-element elementor-element-453e2f1 elementor-widget elementor-widget-image\" data-id=\"453e2f1\" data-element_type=\"widget\" data-widget_type=\"image.default\">\n\t\t\t\t<div class=\"elementor-widget-container\">\n\t\t\t\t\t\t\t\t<div class=\"elementor-image\">\n\t\t\t\t\t\t\t\t\t\t\t\t<img loading=\"lazy\" decoding=\"async\" width=\"1024\" height=\"683\" src=\"https:\/\/cunizab.edu.gt\/wp-content\/uploads\/2024\/04\/Perfil-de-Egreso-Luis-Gustavo-Del-Valle-Matus-1024x683.jpeg\" class=\"attachment-large size-large\" alt=\"\" srcset=\"https:\/\/cunizab.edu.gt\/wp-content\/uploads\/2024\/04\/Perfil-de-Egreso-Luis-Gustavo-Del-Valle-Matus-1024x683.jpeg 1024w, https:\/\/cunizab.edu.gt\/wp-content\/uploads\/2024\/04\/Perfil-de-Egreso-Luis-Gustavo-Del-Valle-Matus-300x200.jpeg 300w, https:\/\/cunizab.edu.gt\/wp-content\/uploads\/2024\/04\/Perfil-de-Egreso-Luis-Gustavo-Del-Valle-Matus-768x512.jpeg 768w, https:\/\/cunizab.edu.gt\/wp-content\/uploads\/2024\/04\/Perfil-de-Egreso-Luis-Gustavo-Del-Valle-Matus-600x400.jpeg 600w, https:\/\/cunizab.edu.gt\/wp-content\/uploads\/2024\/04\/Perfil-de-Egreso-Luis-Gustavo-Del-Valle-Matus-64x43.jpeg 64w, https:\/\/cunizab.edu.gt\/wp-content\/uploads\/2024\/04\/Perfil-de-Egreso-Luis-Gustavo-Del-Valle-Matus.jpeg 1280w\" sizes=\"auto, (max-width: 1024px) 100vw, 1024px\" \/>\t\t\t\t\t\t\t\t\t\t\t\t\t\t<\/div>\n\t\t\t\t\t\t<\/div>\n\t\t\t\t<\/div>\n\t\t\t\t\t\t<\/div>\n\t\t\t\t\t<\/div>\n\t\t<\/div>\n\t\t\t\t\t\t\t\t<\/div>\n\t\t\t\t\t<\/div>\n\t\t<\/section>\n\t\t\t\t<section class=\"elementor-section elementor-top-section elementor-element elementor-element-1c8a647 elementor-section-boxed elementor-section-height-default elementor-section-height-default\" data-id=\"1c8a647\" data-element_type=\"section\">\n\t\t\t\t\t\t<div class=\"elementor-container elementor-column-gap-default\">\n\t\t\t\t\t\t\t<div class=\"elementor-row\">\n\t\t\t\t\t<div class=\"elementor-column elementor-col-100 elementor-top-column elementor-element elementor-element-8a69ffe\" data-id=\"8a69ffe\" data-element_type=\"column\">\n\t\t\t<div class=\"elementor-column-wrap elementor-element-populated\">\n\t\t\t\t\t\t\t<div class=\"elementor-widget-wrap\">\n\t\t\t\t\t\t<div class=\"elementor-element elementor-element-3574774 elementor-widget elementor-widget-heading\" data-id=\"3574774\" data-element_type=\"widget\" data-widget_type=\"heading.default\">\n\t\t\t\t<div class=\"elementor-widget-container\">\n\t\t\t<h2 class=\"elementor-heading-title elementor-size-default\">Competencias<\/h2>\t\t<\/div>\n\t\t\t\t<\/div>\n\t\t\t\t\t\t<\/div>\n\t\t\t\t\t<\/div>\n\t\t<\/div>\n\t\t\t\t\t\t\t\t<\/div>\n\t\t\t\t\t<\/div>\n\t\t<\/section>\n\t\t\t\t<section class=\"elementor-section elementor-top-section elementor-element elementor-element-70d6d25 elementor-section-boxed elementor-section-height-default elementor-section-height-default\" data-id=\"70d6d25\" data-element_type=\"section\">\n\t\t\t\t\t\t<div class=\"elementor-container elementor-column-gap-default\">\n\t\t\t\t\t\t\t<div class=\"elementor-row\">\n\t\t\t\t\t<div class=\"elementor-column elementor-col-100 elementor-top-column elementor-element elementor-element-ed85fd2\" data-id=\"ed85fd2\" data-element_type=\"column\">\n\t\t\t<div class=\"elementor-column-wrap elementor-element-populated\">\n\t\t\t\t\t\t\t<div class=\"elementor-widget-wrap\">\n\t\t\t\t\t\t\t\t<\/div>\n\t\t\t\t\t<\/div>\n\t\t<\/div>\n\t\t\t\t\t\t\t\t<\/div>\n\t\t\t\t\t<\/div>\n\t\t<\/section>\n\t\t\t\t\t\t<\/div>\n\t\t\t\t\t\t<\/div>\n\t\t\t\t\t<\/div>\n\t\t ","protected":false},"excerpt":{"rendered":"<p>Licenciatura en Trabajo Social Perfil del estudiante Perfil de ingreso Conocimiento de la problem\u00e1tica y realidad social. Conocimiento de las Ciencias Sociales. Conocimiento b\u00e1sico de derechos humanos. Manejo de tecnolog\u00eda de inform\u00e1tica. Facilidad en la expresi\u00f3n verbal. Habilidad de lectura y escritura. Capacidad de an\u00e1lisis y s\u00edntesis. Inclinaci\u00f3n al trabajo en equipoDin\u00e1mico, participativo, extrovertido\/a y &hellip;<\/p>\n<p class=\"read-more\"> <a class=\"\" href=\"https:\/\/cunizab.edu.gt\/index.php\/infotrabajosocial\/\"> <span class=\"screen-reader-text\">InfoTrabajoSocial<\/span> Read More &raquo;<\/a><\/p>\n","protected":false},"author":1,"featured_media":0,"parent":0,"menu_order":0,"comment_status":"closed","ping_status":"closed","template":"","meta":{"footnotes":""},"class_list":["post-4361","page","type-page","status-publish","hentry"],"_links":{"self":[{"href":"https:\/\/cunizab.edu.gt\/index.php\/wp-json\/wp\/v2\/pages\/4361","targetHints":{"allow":["GET"]}}],"collection":[{"href":"https:\/\/cunizab.edu.gt\/index.php\/wp-json\/wp\/v2\/pages"}],"about":[{"href":"https:\/\/cunizab.edu.gt\/index.php\/wp-json\/wp\/v2\/types\/page"}],"author":[{"embeddable":true,"href":"https:\/\/cunizab.edu.gt\/index.php\/wp-json\/wp\/v2\/users\/1"}],"replies":[{"embeddable":true,"href":"https:\/\/cunizab.edu.gt\/index.php\/wp-json\/wp\/v2\/comments?post=4361"}],"version-history":[{"count":10,"href":"https:\/\/cunizab.edu.gt\/index.php\/wp-json\/wp\/v2\/pages\/4361\/revisions"}],"predecessor-version":[{"id":4376,"href":"https:\/\/cunizab.edu.gt\/index.php\/wp-json\/wp\/v2\/pages\/4361\/revisions\/4376"}],"wp:attachment":[{"href":"https:\/\/cunizab.edu.gt\/index.php\/wp-json\/wp\/v2\/media?parent=4361"}],"curies":[{"name":"wp","href":"https:\/\/api.w.org\/{rel}","templated":true}]}}