{"id":3126,"date":"2023-03-24T02:22:03","date_gmt":"2023-03-24T02:22:03","guid":{"rendered":"https:\/\/cunizab.edu.gt\/?page_id=3126"},"modified":"2024-02-12T20:37:25","modified_gmt":"2024-02-12T20:37:25","slug":"docenteperfilcarlosmorales","status":"publish","type":"page","link":"https:\/\/cunizab.edu.gt\/index.php\/docenteperfilcarlosmorales\/","title":{"rendered":"DocentePerfilCarlosMorales"},"content":{"rendered":"\t\t<div data-elementor-type=\"wp-page\" data-elementor-id=\"3126\" class=\"elementor elementor-3126\" data-elementor-settings=\"[]\">\n\t\t\t\t\t\t<div class=\"elementor-inner\">\n\t\t\t\t\t\t\t<div class=\"elementor-section-wrap\">\n\t\t\t\t\t\t\t<section class=\"elementor-section elementor-top-section elementor-element elementor-element-9507655 elementor-section-boxed elementor-section-height-default elementor-section-height-default\" data-id=\"9507655\" data-element_type=\"section\">\n\t\t\t\t\t\t<div class=\"elementor-container elementor-column-gap-default\">\n\t\t\t\t\t\t\t<div class=\"elementor-row\">\n\t\t\t\t\t<div class=\"elementor-column elementor-col-50 elementor-top-column elementor-element elementor-element-af25f08\" data-id=\"af25f08\" data-element_type=\"column\">\n\t\t\t<div class=\"elementor-column-wrap elementor-element-populated\">\n\t\t\t\t\t\t\t<div class=\"elementor-widget-wrap\">\n\t\t\t\t\t\t<div class=\"elementor-element elementor-element-fed8fd5 elementor-widget elementor-widget-image\" data-id=\"fed8fd5\" data-element_type=\"widget\" data-widget_type=\"image.default\">\n\t\t\t\t<div class=\"elementor-widget-container\">\n\t\t\t\t\t\t\t\t<div class=\"elementor-image\">\n\t\t\t\t\t\t\t\t\t\t\t\t<img loading=\"lazy\" decoding=\"async\" width=\"726\" height=\"888\" src=\"https:\/\/cunizab.edu.gt\/wp-content\/uploads\/2023\/03\/cm.jpg\" class=\"attachment-large size-large\" alt=\"\" srcset=\"https:\/\/cunizab.edu.gt\/wp-content\/uploads\/2023\/03\/cm.jpg 726w, https:\/\/cunizab.edu.gt\/wp-content\/uploads\/2023\/03\/cm-600x734.jpg 600w, https:\/\/cunizab.edu.gt\/wp-content\/uploads\/2023\/03\/cm-64x78.jpg 64w, https:\/\/cunizab.edu.gt\/wp-content\/uploads\/2023\/03\/cm-245x300.jpg 245w\" sizes=\"auto, (max-width: 726px) 100vw, 726px\" \/>\t\t\t\t\t\t\t\t\t\t\t\t\t\t<\/div>\n\t\t\t\t\t\t<\/div>\n\t\t\t\t<\/div>\n\t\t\t\t<div class=\"elementor-element elementor-element-c411814 elementor-widget elementor-widget-heading\" data-id=\"c411814\" data-element_type=\"widget\" data-widget_type=\"heading.default\">\n\t\t\t\t<div class=\"elementor-widget-container\">\n\t\t\t<h2 class=\"elementor-heading-title elementor-size-default\">Lic. Carlos Nery Morales M\u00e9ndez<\/h2>\t\t<\/div>\n\t\t\t\t<\/div>\n\t\t\t\t<div class=\"elementor-element elementor-element-d0c15b8 elementor-widget elementor-widget-heading\" data-id=\"d0c15b8\" data-element_type=\"widget\" data-widget_type=\"heading.default\">\n\t\t\t\t<div class=\"elementor-widget-container\">\n\t\t\t<h5 class=\"elementor-heading-title elementor-size-default\">Docente en la sede de Puerto Barrios<\/h5>\t\t<\/div>\n\t\t\t\t<\/div>\n\t\t\t\t<div class=\"elementor-element elementor-element-1237a3e elementor-widget elementor-widget-text-editor\" data-id=\"1237a3e\" data-element_type=\"widget\" data-widget_type=\"text-editor.default\">\n\t\t\t\t<div class=\"elementor-widget-container\">\n\t\t\t\t\t\t\t\t<div class=\"elementor-text-editor elementor-clearfix\">\n\t\t\t\t\t<p>Profesional con experiencia en la Administraci\u00f3n P\u00fablica, Administraci\u00f3n de Negocios, Recursos Humanos. Conocimientos y experiencia en docencia superior universitaria, laborando para universidades locales del Departamento de Izabal.\u00a0 Manejo de herramientas virtuales para la docencia.<\/p>\t\t\t\t\t<\/div>\n\t\t\t\t\t\t<\/div>\n\t\t\t\t<\/div>\n\t\t\t\t\t\t<\/div>\n\t\t\t\t\t<\/div>\n\t\t<\/div>\n\t\t\t\t<div class=\"elementor-column elementor-col-50 elementor-top-column elementor-element elementor-element-ea0aeda\" data-id=\"ea0aeda\" data-element_type=\"column\">\n\t\t\t<div class=\"elementor-column-wrap elementor-element-populated\">\n\t\t\t\t\t\t\t<div class=\"elementor-widget-wrap\">\n\t\t\t\t\t\t<div class=\"elementor-element elementor-element-db7cb0d elementor-tabs-view-horizontal elementor-widget elementor-widget-tabs\" data-id=\"db7cb0d\" data-element_type=\"widget\" data-widget_type=\"tabs.default\">\n\t\t\t\t<div class=\"elementor-widget-container\">\n\t\t\t\t\t<div class=\"elementor-tabs\">\n\t\t\t<div class=\"elementor-tabs-wrapper\" role=\"tablist\" >\n\t\t\t\t\t\t\t\t\t<div id=\"elementor-tab-title-2301\" class=\"elementor-tab-title elementor-tab-desktop-title\" aria-selected=\"true\" data-tab=\"1\" role=\"tab\" tabindex=\"0\" aria-controls=\"elementor-tab-content-2301\" aria-expanded=\"false\"><a href=\"\">Experiencia<\/a><\/div>\n\t\t\t\t\t\t\t\t\t<div id=\"elementor-tab-title-2302\" class=\"elementor-tab-title elementor-tab-desktop-title\" aria-selected=\"false\" data-tab=\"2\" role=\"tab\" tabindex=\"-1\" aria-controls=\"elementor-tab-content-2302\" aria-expanded=\"false\"><a href=\"\">Educaci\u00f3n<\/a><\/div>\n\t\t\t\t\t\t\t\t\t<div id=\"elementor-tab-title-2303\" class=\"elementor-tab-title elementor-tab-desktop-title\" aria-selected=\"false\" data-tab=\"3\" role=\"tab\" tabindex=\"-1\" aria-controls=\"elementor-tab-content-2303\" aria-expanded=\"false\"><a href=\"\">Publicaciones<\/a><\/div>\n\t\t\t\t\t\t\t\t\t<div id=\"elementor-tab-title-2304\" class=\"elementor-tab-title elementor-tab-desktop-title\" aria-selected=\"false\" data-tab=\"4\" role=\"tab\" tabindex=\"-1\" aria-controls=\"elementor-tab-content-2304\" aria-expanded=\"false\"><a href=\"\">Contacto<\/a><\/div>\n\t\t\t\t\t\t\t<\/div>\n\t\t\t<div class=\"elementor-tabs-content-wrapper\" role=\"tablist\" aria-orientation=\"vertical\">\n\t\t\t\t\t\t\t\t\t<div class=\"elementor-tab-title elementor-tab-mobile-title\" aria-selected=\"true\" data-tab=\"1\" role=\"tab\" tabindex=\"0\" aria-controls=\"elementor-tab-content-2301\" aria-expanded=\"false\">Experiencia<\/div>\n\t\t\t\t\t<div id=\"elementor-tab-content-2301\" class=\"elementor-tab-content elementor-clearfix\" data-tab=\"1\" role=\"tabpanel\" aria-labelledby=\"elementor-tab-title-2301\" tabindex=\"0\" hidden=\"false\"><p style=\"margin-top: 12pt; line-height: normal; border-width: initial; border-style: none;\"><span lang=\"ES\" style=\"font-size: 11.0pt; mso-fareast-font-family: 'Arial Nova'; mso-bidi-font-family: 'Arial Nova'; color: black;\">2017 &#8211; Actualidad <\/span><\/p>\n<p style=\"line-height: normal; border-width: initial; border-style: none;\"><font color=\"#000000\"><span style=\"font-size: 14.6667px;\"><b>Docente Universitario interino en el Centro Universitario de Izabal<\/b><\/span><\/font><br><\/p>\n<p style=\"margin: 0cm 36pt 12pt 0cm; border-width: initial; border-style: none;\"><span lang=\"ES\" style=\"mso-bidi-font-size: 9.0pt; line-height: 130%; mso-fareast-font-family: 'Arial Nova'; mso-bidi-font-family: 'Arial Nova'; color: black;\">Docencia universitaria en cursos como T\u00e9cnicas de Estudio e Investigaci\u00f3n Administrativa. Psicolog\u00eda Aplicada a la Administraci\u00f3n, M\u00e9todos I,&nbsp; Administraci\u00f3n I,&nbsp; Ecolog\u00eda bajo enfoque de cuidado del medio ambiente y desarrollo sostenible. Docente carrera de Contadur\u00eda y Auditoria Publica, curso Recursos Econ\u00f3micos de C.A. enfoques sobre econom\u00eda en la regi\u00f3n centroamericana. En Trabajo Social, Matem\u00e1tica I, Administraci\u00f3n Social.<\/span><\/p>\n<p style=\"margin: 0cm 36pt 12pt 0cm; border-width: initial; border-style: none;\"><span lang=\"ES\" style=\"line-height: 130%;\"><font color=\"#000000\"><span style=\"font-size: 14.6667px;\"><b>Universidad DAVINCI<\/b><\/span><\/font><br><\/span><\/p>\n<p style=\"margin: 0cm 36pt 12pt 0cm; border-width: initial; border-style: none;\"><span lang=\"ES\" style=\"line-height: 130%;\"><font color=\"#000000\">Cursos Evaluaci\u00f3n de Proyectos, Mercadot\u00e9cnica.<br><\/font><\/span><\/p>\n<p style=\"margin: 0cm 36pt 12pt 0cm; border-width: initial; border-style: none;\"><span lang=\"ES\" style=\"line-height: 130%;\"><font color=\"#000000\"><span style=\"font-size: 14.6667px;\"><b>Universidad Rural<\/b><\/span><br><\/font><\/span><\/p>\n<p style=\"margin: 0cm 36pt 12pt 0cm; border-width: initial; border-style: none;\"><span lang=\"ES\" style=\"line-height: 130%;\"><font color=\"#000000\">Cursos: Contabilidad I, Evaluaci\u00f3n de Proyectos, Administraci\u00f3n de Operaciones, Oratoria, Sociolog\u00eda.<br><\/font><\/span><\/p>\n<p style=\"margin-top: 12pt; line-height: normal; border-width: initial; border-style: none;\"><span lang=\"ES\" style=\"font-size: 11.0pt; mso-fareast-font-family: 'Arial Nova'; mso-bidi-font-family: 'Arial Nova'; color: black;\">2002 &#8211; Actualidad<\/span><\/p>\n<p style=\"line-height: normal; border-width: initial; border-style: none;\"><font color=\"#000000\" face=\"Arial Nova, sans-serif\"><span style=\"font-size: 14.6667px;\"><b>Ministerio de Salud Publica y Asistencia Social, diferentes cargos dentro de la instituci\u00f3n<\/b><\/span><\/font><br><\/p>\n<p style=\"margin: 0cm 36pt 12pt 0cm; border-width: initial; border-style: none;\"><span lang=\"ES\" style=\"mso-bidi-font-size: 9.0pt; line-height: 130%; mso-fareast-font-family: 'Arial Nova'; mso-bidi-font-family: 'Arial Nova'; color: black;\">Encargado unidad inform\u00e1tica, Encargado unidad de Entomolog\u00eda Medica, Encargado Unidad de Tesorer\u00eda, Encargado de la Unidad de Recursos Humanos, a nivel departamental para la Direcci\u00f3n de \u00c1rea de Salud de Izabal, gesti\u00f3n de recurso humano en las acciones en salud.<\/span><\/p>\n<p style=\"margin-top: 12pt; line-height: normal; border-width: initial; border-style: none;\"><font color=\"#000000\" face=\"Arial Nova, sans-serif\"><span style=\"font-size: 14.6667px;\"><b>Gerente Administrativo y Financiero<\/b><\/span><\/font><br><\/p>\n<p><font color=\"#000000\">Manejo de contabilidad gubernamental, sistema financiero a nivel de departamento para la red de Servicios en salud del \u00c1rea de Salud de Izabal. Planes Operativos Anuales, Plan anuales de Compra, elaboraci\u00f3n de anteproyecto de presupuesto para ejercicios fiscal 2023 entre otros.<\/font><\/p><\/div>\n\t\t\t\t\t\t\t\t\t<div class=\"elementor-tab-title elementor-tab-mobile-title\" aria-selected=\"false\" data-tab=\"2\" role=\"tab\" tabindex=\"-1\" aria-controls=\"elementor-tab-content-2302\" aria-expanded=\"false\">Educaci\u00f3n<\/div>\n\t\t\t\t\t<div id=\"elementor-tab-content-2302\" class=\"elementor-tab-content elementor-clearfix\" data-tab=\"2\" role=\"tabpanel\" aria-labelledby=\"elementor-tab-title-2302\" tabindex=\"0\" hidden=\"hidden\"><p style=\"border-width: initial; border-style: none; font-size: 15px; font-style: normal; font-weight: 400; margin-top: 12pt; line-height: normal;\"><span lang=\"ES\" style=\"font-size: 11pt; color: black;\">2022<\/span><\/p>\n<p style=\"border-width: initial; border-style: none; line-height: normal;\"><font color=\"#000000\"><span style=\"font-size: 14.6667px;\"><b>Cierre de pensum M.A. Docencia universitaria con \u00e9nfasis en tecnolog\u00edas Innovadoras de la Educaci\u00f3n<\/b><\/span><\/font><br><\/p>\n<p style=\"font-size: 15px; font-style: normal; font-weight: 400;\"><span lang=\"ES\" style=\"font-size: 15px;\">Universidad de San Carlos de Guatemala<\/span><\/p>\n<p style=\"font-size: 15px; font-style: normal; font-weight: 400; line-height: normal;\"><span style=\"color: black; font-size: 11pt; font-family: var( --e-global-typography-text-font-family ), Sans-serif;\">2014<\/span><br><\/p>\n<p style=\"border-width: initial; border-style: none; line-height: normal;\"><font color=\"#000000\"><span style=\"font-size: 14.6667px;\"><b>Licenciatura en Administraci\u00f3n de Empresas<\/b><\/span><\/font><br><\/p>\n<p style=\"font-size: 15px; font-style: normal; font-weight: 400;\"><span style=\"font-size: 15px; font-style: normal; font-weight: 400;\">Universidad Panamericana<\/span><\/p><\/div>\n\t\t\t\t\t\t\t\t\t<div class=\"elementor-tab-title elementor-tab-mobile-title\" aria-selected=\"false\" data-tab=\"3\" role=\"tab\" tabindex=\"-1\" aria-controls=\"elementor-tab-content-2303\" aria-expanded=\"false\">Publicaciones<\/div>\n\t\t\t\t\t<div id=\"elementor-tab-content-2303\" class=\"elementor-tab-content elementor-clearfix\" data-tab=\"3\" role=\"tabpanel\" aria-labelledby=\"elementor-tab-title-2303\" tabindex=\"0\" hidden=\"hidden\"><p style=\"border-width: initial; border-style: none; font-size: 15px; font-style: normal; font-weight: 400; margin: 12pt 0cm 0.0001pt 14.4pt; text-indent: -14.4pt;\"><span lang=\"ES\" style=\"font-size: 15px; font-style: normal; font-weight: 400; text-indent: -19.2px; line-height: 19.5px; font-family: &quot;Noto Sans&quot;, sans-serif; color: black;\">\u25cf<span style=\"font-size: 7pt; font-style: normal; font-weight: normal; font-variant-numeric: normal; font-variant-east-asian: normal; font-stretch: normal; line-height: normal; font-family: &quot;Times New Roman&quot;;\">&nbsp;&nbsp;&nbsp;&nbsp;&nbsp;&nbsp;<\/span><\/span><span lang=\"ES\" style=\"font-size: 15px; font-style: normal; font-weight: 400; text-indent: -19.2px; line-height: 19.5px; color: black;\">Clima Laboral y su incidencia en la Direcci\u00f3n de \u00c1rea de Salud de Izabal. Para optar a Licenciado en Administraci\u00f3n de empresas, a\u00f1o 2014.<\/span><br><\/p>\n<p style=\"border-width: initial; border-style: none; font-size: 15px; font-style: normal; font-weight: 400; margin: 12pt 0cm 0.0001pt 14.4pt; text-indent: -14.4pt;\"><span lang=\"ES\" style=\"font-size: 15px; font-style: normal; font-weight: 400; text-indent: -19.2px; line-height: 19.5px; color: black;\"><span lang=\"ES\" style=\"font-size: 15px; font-style: normal; font-weight: 400; text-indent: -19.2px; line-height: 19.5px; font-family: &quot;Noto Sans&quot;, sans-serif;\">\u25cf<span style=\"font-size: 7pt; font-style: normal; font-weight: normal; font-variant-numeric: normal; font-variant-east-asian: normal; font-stretch: normal; line-height: normal; font-family: &quot;Times New Roman&quot;;\">&nbsp;&nbsp;&nbsp;&nbsp;&nbsp;&nbsp;<\/span><\/span><span lang=\"ES\" style=\"font-size: 15px; font-style: normal; font-weight: 400; text-indent: -19.2px; line-height: 19.5px;\">Actualmente trabajando en Trabajo de Graduaci\u00f3n, \u201cLa gamificaci\u00f3n en encuentros virtuales, contribuye al dinamismo y participaci\u00f3n de alumnos de primer ingreso universitario\u201d.<\/span><br><\/span><\/p><\/div>\n\t\t\t\t\t\t\t\t\t<div class=\"elementor-tab-title elementor-tab-mobile-title\" aria-selected=\"false\" data-tab=\"4\" role=\"tab\" tabindex=\"-1\" aria-controls=\"elementor-tab-content-2304\" aria-expanded=\"false\">Contacto<\/div>\n\t\t\t\t\t<div id=\"elementor-tab-content-2304\" class=\"elementor-tab-content elementor-clearfix\" data-tab=\"4\" role=\"tabpanel\" aria-labelledby=\"elementor-tab-title-2304\" tabindex=\"0\" hidden=\"hidden\"><p><b style=\"color: var( --e-global-color-text ); font-family: var( --e-global-typography-text-font-family ), Sans-serif; font-style: inherit;\"><span lang=\"ES\" style=\"font-size: 11.0pt; mso-fareast-font-family: 'Arial Nova'; mso-bidi-font-family: 'Arial Nova'; color: black;\">M\u00e1s acerca de mi:<\/span><\/b><\/p>\n<div style=\"display: flex; justify-content: center; align-items: center;\"><i style=\"color: slategray;\"><\/i><\/div>\n<link rel=\"stylesheet\" href=\"https:\/\/cdnjs.cloudflare.com\/ajax\/libs\/font-awesome\/4.7.0\/css\/font-awesome.min.css\">\n\n<div class=\"list-group\" style=\"display: flex; justify-content: center; align-items: center;\">\n<a href=\"https:\/\/wa.link\/spg3kk\" class=\"list-group-item\" target=\"_blank\" title=\"WhatsApp\"><i class=\"fa fa-whatsapp fa-4x\" style=\"color: #00bb2d;\"><\/i><\/a>&nbsp;&nbsp;<br> <div class=\"list-group\" style=\"display: flex; justify-content: center; align-items: center;\">\n<a href=\"@charlym38880950\" class=\"list-group-item\" target=\"_blank\" title=\"Twitter\"><i class=\"fa fa-twitter-square fa-4x\" style=\"color: #00acee;\"><\/i><\/a>&nbsp;&nbsp;<br> <div class=\"list-group\" style=\"display: flex; justify-content: center; align-items: center;\">\n<a href=\"mailto:carlos.morales@cunizab.edu.gt\" class=\"list-group-item\" target=\"_blank\" title=\"E-mail\"><i class=\"fa fa-envelope fa-4x\" style=\"color: slategray;\"><\/i><\/a>\n<\/div><\/div>\n\t\t\t\t\t\t\t<\/div>\n\t\t<\/div>\n\t\t\t\t<\/div>\n\t\t\t\t<\/div>\n\t\t\t\t\t\t<\/div>\n\t\t\t\t\t<\/div>\n\t\t<\/div>\n\t\t\t\t\t\t\t\t<\/div>\n\t\t\t\t\t<\/div>\n\t\t<\/section>\n\t\t\t\t\t\t<\/div>\n\t\t\t\t\t\t<\/div>\n\t\t\t\t\t<\/div>\n\t\t ","protected":false},"excerpt":{"rendered":"<p>Lic. Carlos Nery Morales M\u00e9ndez Docente en la sede de Puerto Barrios Profesional con experiencia en la Administraci\u00f3n P\u00fablica, Administraci\u00f3n de Negocios, Recursos Humanos. Conocimientos y experiencia en docencia superior universitaria, laborando para universidades locales del Departamento de Izabal.\u00a0 Manejo de herramientas virtuales para la docencia. Experiencia Educaci\u00f3n Publicaciones Contacto Experiencia 2017 &#8211; Actualidad Docente &hellip;<\/p>\n<p class=\"read-more\"> <a class=\"\" href=\"https:\/\/cunizab.edu.gt\/index.php\/docenteperfilcarlosmorales\/\"> <span class=\"screen-reader-text\">DocentePerfilCarlosMorales<\/span> Read More &raquo;<\/a><\/p>\n","protected":false},"author":1,"featured_media":0,"parent":0,"menu_order":0,"comment_status":"closed","ping_status":"closed","template":"","meta":{"footnotes":""},"class_list":["post-3126","page","type-page","status-publish","hentry"],"_links":{"self":[{"href":"https:\/\/cunizab.edu.gt\/index.php\/wp-json\/wp\/v2\/pages\/3126","targetHints":{"allow":["GET"]}}],"collection":[{"href":"https:\/\/cunizab.edu.gt\/index.php\/wp-json\/wp\/v2\/pages"}],"about":[{"href":"https:\/\/cunizab.edu.gt\/index.php\/wp-json\/wp\/v2\/types\/page"}],"author":[{"embeddable":true,"href":"https:\/\/cunizab.edu.gt\/index.php\/wp-json\/wp\/v2\/users\/1"}],"replies":[{"embeddable":true,"href":"https:\/\/cunizab.edu.gt\/index.php\/wp-json\/wp\/v2\/comments?post=3126"}],"version-history":[{"count":22,"href":"https:\/\/cunizab.edu.gt\/index.php\/wp-json\/wp\/v2\/pages\/3126\/revisions"}],"predecessor-version":[{"id":3733,"href":"https:\/\/cunizab.edu.gt\/index.php\/wp-json\/wp\/v2\/pages\/3126\/revisions\/3733"}],"wp:attachment":[{"href":"https:\/\/cunizab.edu.gt\/index.php\/wp-json\/wp\/v2\/media?parent=3126"}],"curies":[{"name":"wp","href":"https:\/\/api.w.org\/{rel}","templated":true}]}}