{"id":3067,"date":"2023-03-17T03:13:16","date_gmt":"2023-03-17T03:13:16","guid":{"rendered":"https:\/\/cunizab.edu.gt\/?page_id=3067"},"modified":"2024-03-06T19:48:24","modified_gmt":"2024-03-06T19:48:24","slug":"docenteperfilludwingguerra","status":"publish","type":"page","link":"https:\/\/cunizab.edu.gt\/index.php\/docenteperfilludwingguerra\/","title":{"rendered":"DocentePerfilLudwingGuerra"},"content":{"rendered":"\t\t<div data-elementor-type=\"wp-page\" data-elementor-id=\"3067\" class=\"elementor elementor-3067\" data-elementor-settings=\"[]\">\n\t\t\t\t\t\t<div class=\"elementor-inner\">\n\t\t\t\t\t\t\t<div class=\"elementor-section-wrap\">\n\t\t\t\t\t\t\t<section class=\"elementor-section elementor-top-section elementor-element elementor-element-9507655 elementor-section-boxed elementor-section-height-default elementor-section-height-default\" data-id=\"9507655\" data-element_type=\"section\">\n\t\t\t\t\t\t<div class=\"elementor-container elementor-column-gap-default\">\n\t\t\t\t\t\t\t<div class=\"elementor-row\">\n\t\t\t\t\t<div class=\"elementor-column elementor-col-50 elementor-top-column elementor-element elementor-element-af25f08\" data-id=\"af25f08\" data-element_type=\"column\">\n\t\t\t<div class=\"elementor-column-wrap elementor-element-populated\">\n\t\t\t\t\t\t\t<div class=\"elementor-widget-wrap\">\n\t\t\t\t\t\t<div class=\"elementor-element elementor-element-fed8fd5 elementor-widget elementor-widget-image\" data-id=\"fed8fd5\" data-element_type=\"widget\" data-widget_type=\"image.default\">\n\t\t\t\t<div class=\"elementor-widget-container\">\n\t\t\t\t\t\t\t\t<div class=\"elementor-image\">\n\t\t\t\t\t\t\t\t\t\t\t\t<img loading=\"lazy\" decoding=\"async\" width=\"727\" height=\"896\" src=\"https:\/\/cunizab.edu.gt\/wp-content\/uploads\/2023\/03\/aa.jpg\" class=\"attachment-large size-large\" alt=\"\" srcset=\"https:\/\/cunizab.edu.gt\/wp-content\/uploads\/2023\/03\/aa.jpg 727w, https:\/\/cunizab.edu.gt\/wp-content\/uploads\/2023\/03\/aa-600x739.jpg 600w, https:\/\/cunizab.edu.gt\/wp-content\/uploads\/2023\/03\/aa-64x79.jpg 64w, https:\/\/cunizab.edu.gt\/wp-content\/uploads\/2023\/03\/aa-243x300.jpg 243w\" sizes=\"auto, (max-width: 727px) 100vw, 727px\" \/>\t\t\t\t\t\t\t\t\t\t\t\t\t\t<\/div>\n\t\t\t\t\t\t<\/div>\n\t\t\t\t<\/div>\n\t\t\t\t<div class=\"elementor-element elementor-element-c411814 elementor-widget elementor-widget-heading\" data-id=\"c411814\" data-element_type=\"widget\" data-widget_type=\"heading.default\">\n\t\t\t\t<div class=\"elementor-widget-container\">\n\t\t\t<h2 class=\"elementor-heading-title elementor-size-default\">Lic. Ludwing Alberto Guerra Romero<\/h2>\t\t<\/div>\n\t\t\t\t<\/div>\n\t\t\t\t<div class=\"elementor-element elementor-element-d0c15b8 elementor-widget elementor-widget-heading\" data-id=\"d0c15b8\" data-element_type=\"widget\" data-widget_type=\"heading.default\">\n\t\t\t\t<div class=\"elementor-widget-container\">\n\t\t\t<h5 class=\"elementor-heading-title elementor-size-default\">Docente en la extensi\u00f3n de Morales<\/h5>\t\t<\/div>\n\t\t\t\t<\/div>\n\t\t\t\t<div class=\"elementor-element elementor-element-1237a3e elementor-widget elementor-widget-text-editor\" data-id=\"1237a3e\" data-element_type=\"widget\" data-widget_type=\"text-editor.default\">\n\t\t\t\t<div class=\"elementor-widget-container\">\n\t\t\t\t\t\t\t\t<div class=\"elementor-text-editor elementor-clearfix\">\n\t\t\t\t\t<p>Profesional enfocado en la Docencia, con experiencia en formaci\u00f3n, capacitaci\u00f3n y gesti\u00f3n del talento humano. Apasionado por la investigaci\u00f3n y el aprendizaje continuo en el uso de herramientas tecnol\u00f3gicas y gamificaci\u00f3n educativa.<\/p>\t\t\t\t\t<\/div>\n\t\t\t\t\t\t<\/div>\n\t\t\t\t<\/div>\n\t\t\t\t\t\t<\/div>\n\t\t\t\t\t<\/div>\n\t\t<\/div>\n\t\t\t\t<div class=\"elementor-column elementor-col-50 elementor-top-column elementor-element elementor-element-ea0aeda\" data-id=\"ea0aeda\" data-element_type=\"column\">\n\t\t\t<div class=\"elementor-column-wrap elementor-element-populated\">\n\t\t\t\t\t\t\t<div class=\"elementor-widget-wrap\">\n\t\t\t\t\t\t<div class=\"elementor-element elementor-element-db7cb0d elementor-tabs-view-horizontal elementor-widget elementor-widget-tabs\" data-id=\"db7cb0d\" data-element_type=\"widget\" data-widget_type=\"tabs.default\">\n\t\t\t\t<div class=\"elementor-widget-container\">\n\t\t\t\t\t<div class=\"elementor-tabs\">\n\t\t\t<div class=\"elementor-tabs-wrapper\" role=\"tablist\" >\n\t\t\t\t\t\t\t\t\t<div id=\"elementor-tab-title-2301\" class=\"elementor-tab-title elementor-tab-desktop-title\" aria-selected=\"true\" data-tab=\"1\" role=\"tab\" tabindex=\"0\" aria-controls=\"elementor-tab-content-2301\" aria-expanded=\"false\"><a href=\"\">Experiencia<\/a><\/div>\n\t\t\t\t\t\t\t\t\t<div id=\"elementor-tab-title-2302\" class=\"elementor-tab-title elementor-tab-desktop-title\" aria-selected=\"false\" data-tab=\"2\" role=\"tab\" tabindex=\"-1\" aria-controls=\"elementor-tab-content-2302\" aria-expanded=\"false\"><a href=\"\">Educaci\u00f3n<\/a><\/div>\n\t\t\t\t\t\t\t\t\t<div id=\"elementor-tab-title-2303\" class=\"elementor-tab-title elementor-tab-desktop-title\" aria-selected=\"false\" data-tab=\"3\" role=\"tab\" tabindex=\"-1\" aria-controls=\"elementor-tab-content-2303\" aria-expanded=\"false\"><a href=\"\">Publicaciones<\/a><\/div>\n\t\t\t\t\t\t\t\t\t<div id=\"elementor-tab-title-2304\" class=\"elementor-tab-title elementor-tab-desktop-title\" aria-selected=\"false\" data-tab=\"4\" role=\"tab\" tabindex=\"-1\" aria-controls=\"elementor-tab-content-2304\" aria-expanded=\"false\"><a href=\"\">Contacto<\/a><\/div>\n\t\t\t\t\t\t\t<\/div>\n\t\t\t<div class=\"elementor-tabs-content-wrapper\" role=\"tablist\" aria-orientation=\"vertical\">\n\t\t\t\t\t\t\t\t\t<div class=\"elementor-tab-title elementor-tab-mobile-title\" aria-selected=\"true\" data-tab=\"1\" role=\"tab\" tabindex=\"0\" aria-controls=\"elementor-tab-content-2301\" aria-expanded=\"false\">Experiencia<\/div>\n\t\t\t\t\t<div id=\"elementor-tab-content-2301\" class=\"elementor-tab-content elementor-clearfix\" data-tab=\"1\" role=\"tabpanel\" aria-labelledby=\"elementor-tab-title-2301\" tabindex=\"0\" hidden=\"false\"><p style=\"margin-top: 12pt; line-height: normal; border-width: initial; border-style: none;\"><span lang=\"ES\" style=\"font-size: 11.0pt; mso-fareast-font-family: 'Arial Nova'; mso-bidi-font-family: 'Arial Nova'; color: black;\">2016 &#8211; Actualidad <\/span><\/p><p style=\"line-height: normal; border-width: initial; border-style: none;\"><span style=\"color: #000000;\"><span style=\"font-size: 14.6667px;\"><b>Universidad de San Carlos de Guatemala &#8211; CUNIZAB<\/b><\/span><\/span><\/p><p style=\"margin: 0cm 36pt 12pt 0cm; border-width: initial; border-style: none;\"><span lang=\"ES\" style=\"mso-bidi-font-size: 9.0pt; line-height: 130%; mso-fareast-font-family: 'Arial Nova'; mso-bidi-font-family: 'Arial Nova'; color: black;\">Docente en las carreras de Pedagog\u00eda, Trabajo Social y Administraci\u00f3n de empresas. Impartiendo cursos como Pedagog\u00eda, Lenguaje, Comunicaci\u00f3n Social, Pr\u00e1ctica Administrativa, Estad\u00edstica. Docente en el programa de Cursos Libres. Asesor de EPS en la carrera de Licenciatura en Pedagog\u00eda y Administraci\u00f3n Educativa.<\/span><\/p><p style=\"margin-top: 12pt; line-height: normal; border-width: initial; border-style: none;\"><span lang=\"ES\" style=\"font-size: 11.0pt; mso-fareast-font-family: 'Arial Nova'; mso-bidi-font-family: 'Arial Nova'; color: black;\">2017 &#8211; Actualidad<\/span><\/p><p style=\"line-height: normal; border-width: initial; border-style: none;\"><span style=\"color: #000000; font-family: Arial Nova, sans-serif;\"><span style=\"font-size: 14.6667px;\"><b>T\u00e9cnico Pedag\u00f3gico Departamental de CONALFA<\/b><\/span><\/span><\/p><p style=\"margin: 0cm 36pt 12pt 0cm; border-width: initial; border-style: none;\"><span lang=\"ES\" style=\"mso-bidi-font-size: 9.0pt; line-height: 130%; mso-fareast-font-family: 'Arial Nova'; mso-bidi-font-family: 'Arial Nova'; color: black;\">Planificaci\u00f3n, organizaci\u00f3n y direcci\u00f3n en funci\u00f3n de la mejora continua de los procesos de alfabetizaci\u00f3n en el departamento de Izabal. Integrante del Equipo Departamental de Investigaci\u00f3n.<\/span><\/p><p style=\"margin-top: 12pt; line-height: normal; border-width: initial; border-style: none;\"><span lang=\"ES\" style=\"font-size: 11.0pt; mso-fareast-font-family: 'Arial Nova'; mso-bidi-font-family: 'Arial Nova'; color: black;\">2006 &#8211; 2017<\/span><\/p><p style=\"line-height: normal; border-width: initial; border-style: none;\"><span style=\"color: #000000; font-family: Arial Nova, sans-serif;\"><span style=\"font-size: 14.6667px;\"><b>Coordinador Municipal de Alfabetizaci\u00f3n<\/b><\/span><\/span><\/p><p><span style=\"color: #000000;\">Selecci\u00f3n, capacitaci\u00f3n y supervisi\u00f3n al personal alfabetizador, gesti\u00f3n y coordinaci\u00f3n interinstitucional para el desarrollo de proyecto productivos vinculados a la Educaci\u00f3n de J\u00f3venes y Adultos.<\/span><\/p><\/div>\n\t\t\t\t\t\t\t\t\t<div class=\"elementor-tab-title elementor-tab-mobile-title\" aria-selected=\"false\" data-tab=\"2\" role=\"tab\" tabindex=\"-1\" aria-controls=\"elementor-tab-content-2302\" aria-expanded=\"false\">Educaci\u00f3n<\/div>\n\t\t\t\t\t<div id=\"elementor-tab-content-2302\" class=\"elementor-tab-content elementor-clearfix\" data-tab=\"2\" role=\"tabpanel\" aria-labelledby=\"elementor-tab-title-2302\" tabindex=\"0\" hidden=\"hidden\"><p style=\"border-width: initial; border-style: none; font-size: 15px; font-style: normal; font-weight: 400; margin-top: 12pt; line-height: normal;\"><span lang=\"ES\" style=\"font-size: 11pt; color: black;\">2022 (Cierre de pensum)<\/span><\/p><p style=\"border-width: initial; border-style: none; line-height: normal;\"><span style=\"color: #000000;\"><span style=\"font-size: 14.6667px;\"><b>M.A. en Docencia Universitaria con \u00e9nfasis en Tecnolog\u00edas Innovadoras de la Educaci\u00f3n<\/b><\/span><\/span><\/p><p style=\"font-size: 15px; font-style: normal; font-weight: 400;\"><span lang=\"ES\" style=\"font-size: 15px;\">Universidad de San Carlos de Guatemala<\/span><\/p><p style=\"font-size: 15px; font-style: normal; font-weight: 400; line-height: normal;\"><span style=\"color: black; font-size: 11pt; font-family: var( --e-global-typography-text-font-family ), Sans-serif;\">2020<\/span><\/p><p style=\"border-width: initial; border-style: none; line-height: normal;\"><span style=\"color: #000000;\"><span style=\"font-size: 14.6667px;\"><b>Diplomado Internacional en Cultura de la Investigaci\u00f3n online. Modalidad Ciencias Sociales<\/b><\/span><\/span><\/p><p>Universidad Internacional de La Rioja \/ Universidad de San Carlos de Guatemala<\/p><p><span style=\"color: #000000; font-size: 14.6667px; font-style: normal; font-weight: 400;\">2015<\/span><\/p><p><span style=\"color: #000000;\"><span style=\"font-size: 14.6667px;\"><b>Licenciado en Pedagog\u00eda y Administraci\u00f3n Educativa<\/b><\/span><\/span><\/p><p>Universidad de San Carlos de Guatemala.\u00a0<span style=\"font-size: 15px; color: var( --e-global-color-text ); font-family: var( --e-global-typography-text-font-family ), Sans-serif;\">Centro Universitario de Izabal<\/span><\/p><\/div>\n\t\t\t\t\t\t\t\t\t<div class=\"elementor-tab-title elementor-tab-mobile-title\" aria-selected=\"false\" data-tab=\"3\" role=\"tab\" tabindex=\"-1\" aria-controls=\"elementor-tab-content-2303\" aria-expanded=\"false\">Publicaciones<\/div>\n\t\t\t\t\t<div id=\"elementor-tab-content-2303\" class=\"elementor-tab-content elementor-clearfix\" data-tab=\"3\" role=\"tabpanel\" aria-labelledby=\"elementor-tab-title-2303\" tabindex=\"0\" hidden=\"hidden\"><p style=\"border-width: initial; border-style: none; margin: 12pt 0cm 0.0001pt 14.4pt; text-indent: -14.4pt; font-weight: 400; font-style: normal; font-size: 15px;\"><span lang=\"ES\" style=\"font-size: 15px; line-height: 19.5px; font-family: 'Noto Sans', sans-serif; color: black;\">\u25cf<span style=\"font-size: 7pt; font-style: normal; font-weight: normal; font-variant-numeric: normal; font-variant-east-asian: normal; font-stretch: normal; line-height: normal; font-family: 'Times New Roman';\">\u00a0\u00a0\u00a0\u00a0\u00a0\u00a0<\/span><\/span><span lang=\"ES\" style=\"font-size: 15px; line-height: 19.5px; color: black;\">La efectiva aplicaci\u00f3n de la sub \u00e1rea de Comunicaci\u00f3n y Lenguaje L2 Idiomas Mayas en los centros educativos oficiales del nivel medio, ciclo b\u00e1sico, del municipio de Morales, departamento de Izabal\u00a0 (2015).<\/span><\/p><p style=\"border-width: initial; border-style: none; font-size: 15px; font-style: normal; font-weight: 400; margin: 12pt 0cm 0.0001pt 14.4pt; text-indent: -14.4pt;\"><span lang=\"ES\" style=\"font-size: 15px; line-height: 19.5px; font-family: 'Noto Sans', sans-serif; color: black;\">\u25cf<span style=\"font-size: 7pt; font-style: normal; font-weight: normal; font-variant-numeric: normal; font-variant-east-asian: normal; font-stretch: normal; line-height: normal; font-family: 'Times New Roman';\">\u00a0\u00a0\u00a0\u00a0\u00a0\u00a0<\/span><\/span><span lang=\"ES\" style=\"font-size: 15px; line-height: 19.5px; color: black;\">Implementaci\u00f3n de dise\u00f1o instruccional ADDIE en curso de Lenguaje de la Licenciatura en Trabajo Social. (2022)<\/span><\/p><\/div>\n\t\t\t\t\t\t\t\t\t<div class=\"elementor-tab-title elementor-tab-mobile-title\" aria-selected=\"false\" data-tab=\"4\" role=\"tab\" tabindex=\"-1\" aria-controls=\"elementor-tab-content-2304\" aria-expanded=\"false\">Contacto<\/div>\n\t\t\t\t\t<div id=\"elementor-tab-content-2304\" class=\"elementor-tab-content elementor-clearfix\" data-tab=\"4\" role=\"tabpanel\" aria-labelledby=\"elementor-tab-title-2304\" tabindex=\"0\" hidden=\"hidden\"><p><b style=\"color: var( --e-global-color-text ); font-family: var( --e-global-typography-text-font-family ), Sans-serif; font-style: inherit;\"><span lang=\"ES\" style=\"font-size: 11.0pt; mso-fareast-font-family: 'Arial Nova'; mso-bidi-font-family: 'Arial Nova'; color: black;\">M\u00e1s acerca de mi:<\/span><\/b><\/p>\n<div style=\"display: flex; justify-content: center; align-items: center;\"><i style=\"color: slategray;\"><\/i><\/div>\n<link rel=\"stylesheet\" href=\"https:\/\/cdnjs.cloudflare.com\/ajax\/libs\/font-awesome\/4.7.0\/css\/font-awesome.min.css\">\n\n<div class=\"list-group\" style=\"display: flex; justify-content: center; align-items: center;\">\n<a href=\"https:\/\/wa.link\/y1j235\" class=\"list-group-item\" target=\"_blank\" title=\"WhatsApp\"><i class=\"fa fa-whatsapp fa-4x\" style=\"color: #00bb2d;\"><\/i><\/a>&nbsp;&nbsp;<br> <div class=\"list-group\" style=\"display: flex; justify-content: center; align-items: center;\">\n<a href=\"mailto:ludwing.guerra@cunizab.edu.gt\" class=\"list-group-item\" target=\"_blank\" title=\"E-mail\"><i class=\"fa fa-envelope fa-4x\" style=\"color: slategray;\"><\/i><\/a>\n<\/div><\/div>\n\t\t\t\t\t\t\t<\/div>\n\t\t<\/div>\n\t\t\t\t<\/div>\n\t\t\t\t<\/div>\n\t\t\t\t\t\t<\/div>\n\t\t\t\t\t<\/div>\n\t\t<\/div>\n\t\t\t\t\t\t\t\t<\/div>\n\t\t\t\t\t<\/div>\n\t\t<\/section>\n\t\t\t\t\t\t<\/div>\n\t\t\t\t\t\t<\/div>\n\t\t\t\t\t<\/div>\n\t\t ","protected":false},"excerpt":{"rendered":"<p>Lic. Ludwing Alberto Guerra Romero Docente en la extensi\u00f3n de Morales Profesional enfocado en la Docencia, con experiencia en formaci\u00f3n, capacitaci\u00f3n y gesti\u00f3n del talento humano. Apasionado por la investigaci\u00f3n y el aprendizaje continuo en el uso de herramientas tecnol\u00f3gicas y gamificaci\u00f3n educativa. Experiencia Educaci\u00f3n Publicaciones Contacto Experiencia 2016 &#8211; Actualidad Universidad de San Carlos &hellip;<\/p>\n<p class=\"read-more\"> <a class=\"\" href=\"https:\/\/cunizab.edu.gt\/index.php\/docenteperfilludwingguerra\/\"> <span class=\"screen-reader-text\">DocentePerfilLudwingGuerra<\/span> Read More &raquo;<\/a><\/p>\n","protected":false},"author":1,"featured_media":0,"parent":0,"menu_order":0,"comment_status":"closed","ping_status":"closed","template":"","meta":{"footnotes":""},"class_list":["post-3067","page","type-page","status-publish","hentry"],"_links":{"self":[{"href":"https:\/\/cunizab.edu.gt\/index.php\/wp-json\/wp\/v2\/pages\/3067","targetHints":{"allow":["GET"]}}],"collection":[{"href":"https:\/\/cunizab.edu.gt\/index.php\/wp-json\/wp\/v2\/pages"}],"about":[{"href":"https:\/\/cunizab.edu.gt\/index.php\/wp-json\/wp\/v2\/types\/page"}],"author":[{"embeddable":true,"href":"https:\/\/cunizab.edu.gt\/index.php\/wp-json\/wp\/v2\/users\/1"}],"replies":[{"embeddable":true,"href":"https:\/\/cunizab.edu.gt\/index.php\/wp-json\/wp\/v2\/comments?post=3067"}],"version-history":[{"count":22,"href":"https:\/\/cunizab.edu.gt\/index.php\/wp-json\/wp\/v2\/pages\/3067\/revisions"}],"predecessor-version":[{"id":3789,"href":"https:\/\/cunizab.edu.gt\/index.php\/wp-json\/wp\/v2\/pages\/3067\/revisions\/3789"}],"wp:attachment":[{"href":"https:\/\/cunizab.edu.gt\/index.php\/wp-json\/wp\/v2\/media?parent=3067"}],"curies":[{"name":"wp","href":"https:\/\/api.w.org\/{rel}","templated":true}]}}