{"id":2948,"date":"2022-11-25T05:49:44","date_gmt":"2022-11-25T05:49:44","guid":{"rendered":"https:\/\/cunizab.edu.gt\/?page_id=2948"},"modified":"2024-02-12T20:33:42","modified_gmt":"2024-02-12T20:33:42","slug":"docenteperfilkarenchacon","status":"publish","type":"page","link":"https:\/\/cunizab.edu.gt\/index.php\/docenteperfilkarenchacon\/","title":{"rendered":"DocentePerfilKarenChacon"},"content":{"rendered":"\t\t<div data-elementor-type=\"wp-page\" data-elementor-id=\"2948\" class=\"elementor elementor-2948\" data-elementor-settings=\"[]\">\n\t\t\t\t\t\t<div class=\"elementor-inner\">\n\t\t\t\t\t\t\t<div class=\"elementor-section-wrap\">\n\t\t\t\t\t\t\t<section class=\"elementor-section elementor-top-section elementor-element elementor-element-9507655 elementor-section-boxed elementor-section-height-default elementor-section-height-default\" data-id=\"9507655\" data-element_type=\"section\">\n\t\t\t\t\t\t<div class=\"elementor-container elementor-column-gap-default\">\n\t\t\t\t\t\t\t<div class=\"elementor-row\">\n\t\t\t\t\t<div class=\"elementor-column elementor-col-50 elementor-top-column elementor-element elementor-element-af25f08\" data-id=\"af25f08\" data-element_type=\"column\">\n\t\t\t<div class=\"elementor-column-wrap elementor-element-populated\">\n\t\t\t\t\t\t\t<div class=\"elementor-widget-wrap\">\n\t\t\t\t\t\t<div class=\"elementor-element elementor-element-fed8fd5 elementor-widget elementor-widget-image\" data-id=\"fed8fd5\" data-element_type=\"widget\" data-widget_type=\"image.default\">\n\t\t\t\t<div class=\"elementor-widget-container\">\n\t\t\t\t\t\t\t\t<div class=\"elementor-image\">\n\t\t\t\t\t\t\t\t\t\t\t\t<img loading=\"lazy\" decoding=\"async\" width=\"768\" height=\"1024\" src=\"https:\/\/cunizab.edu.gt\/wp-content\/uploads\/2022\/11\/IMG_2771-768x1024.jpg\" class=\"attachment-large size-large\" alt=\"\" srcset=\"https:\/\/cunizab.edu.gt\/wp-content\/uploads\/2022\/11\/IMG_2771-768x1024.jpg 768w, https:\/\/cunizab.edu.gt\/wp-content\/uploads\/2022\/11\/IMG_2771-scaled-600x800.jpg 600w, https:\/\/cunizab.edu.gt\/wp-content\/uploads\/2022\/11\/IMG_2771-scaled-64x85.jpg 64w, https:\/\/cunizab.edu.gt\/wp-content\/uploads\/2022\/11\/IMG_2771-225x300.jpg 225w, https:\/\/cunizab.edu.gt\/wp-content\/uploads\/2022\/11\/IMG_2771-1152x1536.jpg 1152w, https:\/\/cunizab.edu.gt\/wp-content\/uploads\/2022\/11\/IMG_2771-1536x2048.jpg 1536w, https:\/\/cunizab.edu.gt\/wp-content\/uploads\/2022\/11\/IMG_2771-1320x1760.jpg 1320w, https:\/\/cunizab.edu.gt\/wp-content\/uploads\/2022\/11\/IMG_2771-scaled.jpg 1920w\" sizes=\"auto, (max-width: 768px) 100vw, 768px\" \/>\t\t\t\t\t\t\t\t\t\t\t\t\t\t<\/div>\n\t\t\t\t\t\t<\/div>\n\t\t\t\t<\/div>\n\t\t\t\t<div class=\"elementor-element elementor-element-c411814 elementor-widget elementor-widget-heading\" data-id=\"c411814\" data-element_type=\"widget\" data-widget_type=\"heading.default\">\n\t\t\t\t<div class=\"elementor-widget-container\">\n\t\t\t<h2 class=\"elementor-heading-title elementor-size-default\">M.A. Lcda. Karen Fernanda Chac\u00f3n Paiz<\/h2>\t\t<\/div>\n\t\t\t\t<\/div>\n\t\t\t\t<div class=\"elementor-element elementor-element-d0c15b8 elementor-widget elementor-widget-heading\" data-id=\"d0c15b8\" data-element_type=\"widget\" data-widget_type=\"heading.default\">\n\t\t\t\t<div class=\"elementor-widget-container\">\n\t\t\t<h5 class=\"elementor-heading-title elementor-size-default\">Docente en la sede de Puerto Barrios<\/h5>\t\t<\/div>\n\t\t\t\t<\/div>\n\t\t\t\t<div class=\"elementor-element elementor-element-1237a3e elementor-widget elementor-widget-text-editor\" data-id=\"1237a3e\" data-element_type=\"widget\" data-widget_type=\"text-editor.default\">\n\t\t\t\t<div class=\"elementor-widget-container\">\n\t\t\t\t\t\t\t\t<div class=\"elementor-text-editor elementor-clearfix\">\n\t\t\t\t\t<p>Profesional con experiencia en el \u00e1rea de recursos humanos, \u00e1reas financieras y conocimiento en el uso de herramientas digitales. Experiencia en la docencia y conocimiento de entornos virtuales.<\/p>\t\t\t\t\t<\/div>\n\t\t\t\t\t\t<\/div>\n\t\t\t\t<\/div>\n\t\t\t\t\t\t<\/div>\n\t\t\t\t\t<\/div>\n\t\t<\/div>\n\t\t\t\t<div class=\"elementor-column elementor-col-50 elementor-top-column elementor-element elementor-element-ea0aeda\" data-id=\"ea0aeda\" data-element_type=\"column\">\n\t\t\t<div class=\"elementor-column-wrap elementor-element-populated\">\n\t\t\t\t\t\t\t<div class=\"elementor-widget-wrap\">\n\t\t\t\t\t\t<div class=\"elementor-element elementor-element-db7cb0d elementor-tabs-view-horizontal elementor-widget elementor-widget-tabs\" data-id=\"db7cb0d\" data-element_type=\"widget\" data-widget_type=\"tabs.default\">\n\t\t\t\t<div class=\"elementor-widget-container\">\n\t\t\t\t\t<div class=\"elementor-tabs\">\n\t\t\t<div class=\"elementor-tabs-wrapper\" role=\"tablist\" >\n\t\t\t\t\t\t\t\t\t<div id=\"elementor-tab-title-2301\" class=\"elementor-tab-title elementor-tab-desktop-title\" aria-selected=\"true\" data-tab=\"1\" role=\"tab\" tabindex=\"0\" aria-controls=\"elementor-tab-content-2301\" aria-expanded=\"false\"><a href=\"\">Experiencia<\/a><\/div>\n\t\t\t\t\t\t\t\t\t<div id=\"elementor-tab-title-2302\" class=\"elementor-tab-title elementor-tab-desktop-title\" aria-selected=\"false\" data-tab=\"2\" role=\"tab\" tabindex=\"-1\" aria-controls=\"elementor-tab-content-2302\" aria-expanded=\"false\"><a href=\"\">Educaci\u00f3n<\/a><\/div>\n\t\t\t\t\t\t\t\t\t<div id=\"elementor-tab-title-2303\" class=\"elementor-tab-title elementor-tab-desktop-title\" aria-selected=\"false\" data-tab=\"3\" role=\"tab\" tabindex=\"-1\" aria-controls=\"elementor-tab-content-2303\" aria-expanded=\"false\"><a href=\"\">Publicaciones<\/a><\/div>\n\t\t\t\t\t\t\t\t\t<div id=\"elementor-tab-title-2304\" class=\"elementor-tab-title elementor-tab-desktop-title\" aria-selected=\"false\" data-tab=\"4\" role=\"tab\" tabindex=\"-1\" aria-controls=\"elementor-tab-content-2304\" aria-expanded=\"false\"><a href=\"\">Contacto<\/a><\/div>\n\t\t\t\t\t\t\t<\/div>\n\t\t\t<div class=\"elementor-tabs-content-wrapper\" role=\"tablist\" aria-orientation=\"vertical\">\n\t\t\t\t\t\t\t\t\t<div class=\"elementor-tab-title elementor-tab-mobile-title\" aria-selected=\"true\" data-tab=\"1\" role=\"tab\" tabindex=\"0\" aria-controls=\"elementor-tab-content-2301\" aria-expanded=\"false\">Experiencia<\/div>\n\t\t\t\t\t<div id=\"elementor-tab-content-2301\" class=\"elementor-tab-content elementor-clearfix\" data-tab=\"1\" role=\"tabpanel\" aria-labelledby=\"elementor-tab-title-2301\" tabindex=\"0\" hidden=\"false\"><p style=\"margin-top: 12pt; line-height: normal; border-width: initial; border-style: none;\"><span lang=\"ES\" style=\"font-size: 11.0pt; mso-fareast-font-family: 'Arial Nova'; mso-bidi-font-family: 'Arial Nova'; color: black;\">2020 &#8211; Actualidad <\/span><\/p>\n<p style=\"line-height: normal; border-width: initial; border-style: none;\"><font color=\"#000000\"><span style=\"font-size: 14.6667px;\"><b>Universidad de San Carlos de Guatemala &#8211; CUNIZAB<\/b><\/span><\/font><br><\/p>\n<p style=\"margin: 0cm 36pt 12pt 0cm; border-width: initial; border-style: none;\"><span lang=\"ES\" style=\"mso-bidi-font-size: 9.0pt; line-height: 130%; mso-fareast-font-family: 'Arial Nova'; mso-bidi-font-family: 'Arial Nova'; color: black;\">Docente en el \u00e1rea de Administraci\u00f3n Financiera.<\/span><\/p>\n<p style=\"margin-top: 12pt; line-height: normal; border-width: initial; border-style: none;\"><span lang=\"ES\" style=\"font-size: 11.0pt; mso-fareast-font-family: 'Arial Nova'; mso-bidi-font-family: 'Arial Nova'; color: black;\">2013 &#8211; Actualidad<\/span><\/p>\n<p style=\"line-height: normal; border-width: initial; border-style: none;\"><font color=\"#000000\" face=\"Arial Nova, sans-serif\"><span style=\"font-size: 14.6667px;\"><b>Colegio Particular Mixto Shaddai<\/b><\/span><\/font><br><\/p>\n<p style=\"margin: 0cm 36pt 12pt 0cm; border-width: initial; border-style: none;\"><span lang=\"ES\" style=\"mso-bidi-font-size: 9.0pt; line-height: 130%; mso-fareast-font-family: 'Arial Nova'; mso-bidi-font-family: 'Arial Nova'; color: black;\">Administraci\u00f3n y gesti\u00f3n educativa. Encargada de las actividades de planificaci\u00f3n, organizaci\u00f3n y coordinaci\u00f3n de entornos educativos y manejo de personal.<\/span><\/p>\n<p style=\"margin-top: 12pt; line-height: normal; border-width: initial; border-style: none;\"><span lang=\"ES\" style=\"font-size: 11.0pt; mso-fareast-font-family: 'Arial Nova'; mso-bidi-font-family: 'Arial Nova'; color: black;\">2012 &#8211; 2013<\/span><\/p>\n<p style=\"line-height: normal; border-width: initial; border-style: none;\"><b style=\"color: var( --e-global-color-text ); font-family: var( --e-global-typography-text-font-family ), Sans-serif; font-style: inherit;\"><span lang=\"ES\" style=\"font-size:11.0pt;line-height:130%;font-family:&quot;Arial Nova&quot;,sans-serif; mso-fareast-font-family:&quot;Arial Nova&quot;;mso-bidi-font-family:&quot;Arial Nova&quot;; color:black;mso-ansi-language:ES;mso-fareast-language:ES-GT;mso-bidi-language: EN-US\">Maderas Tropicales, S.A.<\/span><\/b><\/p>\n<p><font color=\"#000000\">Departamento de Recursos Humanos. Encargada de la planificaci\u00f3n, organizaci\u00f3n y coordinaci\u00f3n de los colaboradores.<\/font><\/p><\/div>\n\t\t\t\t\t\t\t\t\t<div class=\"elementor-tab-title elementor-tab-mobile-title\" aria-selected=\"false\" data-tab=\"2\" role=\"tab\" tabindex=\"-1\" aria-controls=\"elementor-tab-content-2302\" aria-expanded=\"false\">Educaci\u00f3n<\/div>\n\t\t\t\t\t<div id=\"elementor-tab-content-2302\" class=\"elementor-tab-content elementor-clearfix\" data-tab=\"2\" role=\"tabpanel\" aria-labelledby=\"elementor-tab-title-2302\" tabindex=\"0\" hidden=\"hidden\"><p style=\"border-width: initial; border-style: none; font-size: 15px; font-style: normal; font-weight: 400; margin-top: 12pt; line-height: normal;\"><span lang=\"ES\" style=\"font-size: 11pt; color: black;\">2016<\/span><\/p>\n<p style=\"border-width: initial; border-style: none; line-height: normal;\"><font color=\"#000000\"><span style=\"font-size: 14.6667px;\"><b>MA. en Administraci\u00f3n de Negocios con Especializaci\u00f3n en Negocios Internacionales<\/b><\/span><\/font><br><\/p>\n<p style=\"font-size: 15px; font-style: normal; font-weight: 400;\"><span lang=\"ES\" style=\"font-size: 15px;\">Universidad Mariano G\u00e1lvez de Guatemala<\/span><\/p>\n<p style=\"font-size: 15px; font-style: normal; font-weight: 400; line-height: normal;\"><span style=\"color: black; font-size: 11pt; font-family: var( --e-global-typography-text-font-family ), Sans-serif;\">2014<\/span><br><\/p>\n<p style=\"border-width: initial; border-style: none; font-size: 15px; font-style: normal; font-weight: 400; line-height: normal;\"><span style=\"font-weight: bold;\"><span lang=\"ES\" style=\"font-size: 11pt; color: black;\">Licenciatura en Administraci\u00f3n de Empresas<\/span><\/span><\/p>\n<p style=\"font-size: 15px; font-style: normal; font-weight: 400;\"><span style=\"font-size: 15px; font-style: normal; font-weight: 400;\">Universidad Mariano G\u00e1lvez de Guatemala<\/span><\/p><\/div>\n\t\t\t\t\t\t\t\t\t<div class=\"elementor-tab-title elementor-tab-mobile-title\" aria-selected=\"false\" data-tab=\"3\" role=\"tab\" tabindex=\"-1\" aria-controls=\"elementor-tab-content-2303\" aria-expanded=\"false\">Publicaciones<\/div>\n\t\t\t\t\t<div id=\"elementor-tab-content-2303\" class=\"elementor-tab-content elementor-clearfix\" data-tab=\"3\" role=\"tabpanel\" aria-labelledby=\"elementor-tab-title-2303\" tabindex=\"0\" hidden=\"hidden\"><p style=\"border-width: initial; border-style: none; font-size: 15px; font-style: normal; font-weight: 400; margin: 12pt 0cm 0.0001pt 14.4pt; text-indent: -14.4pt;\"><span style=\"font-size: 15px; font-style: normal; font-weight: 400; color: var( --e-global-color-text ); font-family: var( --e-global-typography-text-font-family ), Sans-serif;\">Por el momento, sin publicaciones.<\/span><\/p><\/div>\n\t\t\t\t\t\t\t\t\t<div class=\"elementor-tab-title elementor-tab-mobile-title\" aria-selected=\"false\" data-tab=\"4\" role=\"tab\" tabindex=\"-1\" aria-controls=\"elementor-tab-content-2304\" aria-expanded=\"false\">Contacto<\/div>\n\t\t\t\t\t<div id=\"elementor-tab-content-2304\" class=\"elementor-tab-content elementor-clearfix\" data-tab=\"4\" role=\"tabpanel\" aria-labelledby=\"elementor-tab-title-2304\" tabindex=\"0\" hidden=\"hidden\"><p><b style=\"color: var( --e-global-color-text ); font-family: var( --e-global-typography-text-font-family ), Sans-serif; font-style: inherit;\"><span lang=\"ES\" style=\"font-size: 11.0pt; mso-fareast-font-family: 'Arial Nova'; mso-bidi-font-family: 'Arial Nova'; color: black;\">M\u00e1s acerca de mi:<\/span><\/b><\/p>\n<div style=\"display: flex; justify-content: center; align-items: center;\"><i style=\"color: slategray;\"><\/i><\/div>\n<link rel=\"stylesheet\" href=\"https:\/\/cdnjs.cloudflare.com\/ajax\/libs\/font-awesome\/4.7.0\/css\/font-awesome.min.css\">\n\n<div class=\"list-group\" style=\"display: flex; justify-content: center; align-items: center;\">\n  <a href=\"https:\/\/wa.link\/zsbhpw\" class=\"list-group-item\" target=\"_blank\" title=\"WhatsApp\"><i class=\"fa fa-whatsapp fa-4x\" style=\"color: #00bb2d;\"><\/i><\/a>&nbsp;&nbsp;<br>  <a href=\"mailto:karen.chacon@cunizab.edu.gt\" class=\"list-group-item\" target=\"_blank\" title=\"E-mail\"><i class=\"fa fa-envelope fa-4x\" style=\"color: slategray;\"><\/i><\/a>\n<\/div><\/div>\n\t\t\t\t\t\t\t<\/div>\n\t\t<\/div>\n\t\t\t\t<\/div>\n\t\t\t\t<\/div>\n\t\t\t\t\t\t<\/div>\n\t\t\t\t\t<\/div>\n\t\t<\/div>\n\t\t\t\t\t\t\t\t<\/div>\n\t\t\t\t\t<\/div>\n\t\t<\/section>\n\t\t\t\t\t\t<\/div>\n\t\t\t\t\t\t<\/div>\n\t\t\t\t\t<\/div>\n\t\t ","protected":false},"excerpt":{"rendered":"<p>M.A. Lcda. Karen Fernanda Chac\u00f3n Paiz Docente en la sede de Puerto Barrios Profesional con experiencia en el \u00e1rea de recursos humanos, \u00e1reas financieras y conocimiento en el uso de herramientas digitales. Experiencia en la docencia y conocimiento de entornos virtuales. Experiencia Educaci\u00f3n Publicaciones Contacto Experiencia 2020 &#8211; Actualidad Universidad de San Carlos de Guatemala &hellip;<\/p>\n<p class=\"read-more\"> <a class=\"\" href=\"https:\/\/cunizab.edu.gt\/index.php\/docenteperfilkarenchacon\/\"> <span class=\"screen-reader-text\">DocentePerfilKarenChacon<\/span> Read More &raquo;<\/a><\/p>\n","protected":false},"author":1,"featured_media":0,"parent":0,"menu_order":0,"comment_status":"closed","ping_status":"closed","template":"","meta":{"footnotes":""},"class_list":["post-2948","page","type-page","status-publish","hentry"],"_links":{"self":[{"href":"https:\/\/cunizab.edu.gt\/index.php\/wp-json\/wp\/v2\/pages\/2948","targetHints":{"allow":["GET"]}}],"collection":[{"href":"https:\/\/cunizab.edu.gt\/index.php\/wp-json\/wp\/v2\/pages"}],"about":[{"href":"https:\/\/cunizab.edu.gt\/index.php\/wp-json\/wp\/v2\/types\/page"}],"author":[{"embeddable":true,"href":"https:\/\/cunizab.edu.gt\/index.php\/wp-json\/wp\/v2\/users\/1"}],"replies":[{"embeddable":true,"href":"https:\/\/cunizab.edu.gt\/index.php\/wp-json\/wp\/v2\/comments?post=2948"}],"version-history":[{"count":10,"href":"https:\/\/cunizab.edu.gt\/index.php\/wp-json\/wp\/v2\/pages\/2948\/revisions"}],"predecessor-version":[{"id":3715,"href":"https:\/\/cunizab.edu.gt\/index.php\/wp-json\/wp\/v2\/pages\/2948\/revisions\/3715"}],"wp:attachment":[{"href":"https:\/\/cunizab.edu.gt\/index.php\/wp-json\/wp\/v2\/media?parent=2948"}],"curies":[{"name":"wp","href":"https:\/\/api.w.org\/{rel}","templated":true}]}}