{"id":2922,"date":"2022-11-24T19:14:12","date_gmt":"2022-11-24T19:14:12","guid":{"rendered":"https:\/\/cunizab.edu.gt\/?page_id=2922"},"modified":"2024-03-06T19:47:30","modified_gmt":"2024-03-06T19:47:30","slug":"docenteperfilelvinramos","status":"publish","type":"page","link":"https:\/\/cunizab.edu.gt\/index.php\/docenteperfilelvinramos\/","title":{"rendered":"DocentePerfilElvinRamos"},"content":{"rendered":"\t\t<div data-elementor-type=\"wp-page\" data-elementor-id=\"2922\" class=\"elementor elementor-2922\" data-elementor-settings=\"[]\">\n\t\t\t\t\t\t<div class=\"elementor-inner\">\n\t\t\t\t\t\t\t<div class=\"elementor-section-wrap\">\n\t\t\t\t\t\t\t<section class=\"elementor-section elementor-top-section elementor-element elementor-element-9507655 elementor-section-boxed elementor-section-height-default elementor-section-height-default\" data-id=\"9507655\" data-element_type=\"section\">\n\t\t\t\t\t\t<div class=\"elementor-container elementor-column-gap-default\">\n\t\t\t\t\t\t\t<div class=\"elementor-row\">\n\t\t\t\t\t<div class=\"elementor-column elementor-col-50 elementor-top-column elementor-element elementor-element-af25f08\" data-id=\"af25f08\" data-element_type=\"column\">\n\t\t\t<div class=\"elementor-column-wrap elementor-element-populated\">\n\t\t\t\t\t\t\t<div class=\"elementor-widget-wrap\">\n\t\t\t\t\t\t<div class=\"elementor-element elementor-element-fed8fd5 elementor-widget elementor-widget-image\" data-id=\"fed8fd5\" data-element_type=\"widget\" data-widget_type=\"image.default\">\n\t\t\t\t<div class=\"elementor-widget-container\">\n\t\t\t\t\t\t\t\t<div class=\"elementor-image\">\n\t\t\t\t\t\t\t\t\t\t\t\t<img loading=\"lazy\" decoding=\"async\" width=\"768\" height=\"1024\" src=\"https:\/\/cunizab.edu.gt\/wp-content\/uploads\/2022\/11\/IMG_2766-768x1024.jpg\" class=\"attachment-large size-large\" alt=\"\" srcset=\"https:\/\/cunizab.edu.gt\/wp-content\/uploads\/2022\/11\/IMG_2766-768x1024.jpg 768w, https:\/\/cunizab.edu.gt\/wp-content\/uploads\/2022\/11\/IMG_2766-scaled-600x800.jpg 600w, https:\/\/cunizab.edu.gt\/wp-content\/uploads\/2022\/11\/IMG_2766-scaled-64x85.jpg 64w, https:\/\/cunizab.edu.gt\/wp-content\/uploads\/2022\/11\/IMG_2766-225x300.jpg 225w, https:\/\/cunizab.edu.gt\/wp-content\/uploads\/2022\/11\/IMG_2766-1152x1536.jpg 1152w, https:\/\/cunizab.edu.gt\/wp-content\/uploads\/2022\/11\/IMG_2766-1536x2048.jpg 1536w, https:\/\/cunizab.edu.gt\/wp-content\/uploads\/2022\/11\/IMG_2766-1320x1760.jpg 1320w, https:\/\/cunizab.edu.gt\/wp-content\/uploads\/2022\/11\/IMG_2766-scaled.jpg 1920w\" sizes=\"auto, (max-width: 768px) 100vw, 768px\" \/>\t\t\t\t\t\t\t\t\t\t\t\t\t\t<\/div>\n\t\t\t\t\t\t<\/div>\n\t\t\t\t<\/div>\n\t\t\t\t<div class=\"elementor-element elementor-element-c411814 elementor-widget elementor-widget-heading\" data-id=\"c411814\" data-element_type=\"widget\" data-widget_type=\"heading.default\">\n\t\t\t\t<div class=\"elementor-widget-container\">\n\t\t\t<h2 class=\"elementor-heading-title elementor-size-default\">Lic. Elvin Ramos<\/h2>\t\t<\/div>\n\t\t\t\t<\/div>\n\t\t\t\t<div class=\"elementor-element elementor-element-d0c15b8 elementor-widget elementor-widget-heading\" data-id=\"d0c15b8\" data-element_type=\"widget\" data-widget_type=\"heading.default\">\n\t\t\t\t<div class=\"elementor-widget-container\">\n\t\t\t<h5 class=\"elementor-heading-title elementor-size-default\">Docente en la extensi\u00f3n de Morales<\/h5>\t\t<\/div>\n\t\t\t\t<\/div>\n\t\t\t\t<div class=\"elementor-element elementor-element-1237a3e elementor-widget elementor-widget-text-editor\" data-id=\"1237a3e\" data-element_type=\"widget\" data-widget_type=\"text-editor.default\">\n\t\t\t\t<div class=\"elementor-widget-container\">\n\t\t\t\t\t\t\t\t<div class=\"elementor-text-editor elementor-clearfix\">\n\t\t\t\t\t<p>Abogado litigante y notario en ejercicio. Con experiencia en el ejercicio de la abogac\u00eda en ambitito p\u00fablico y privado. Docente universitario.<\/p>\t\t\t\t\t<\/div>\n\t\t\t\t\t\t<\/div>\n\t\t\t\t<\/div>\n\t\t\t\t\t\t<\/div>\n\t\t\t\t\t<\/div>\n\t\t<\/div>\n\t\t\t\t<div class=\"elementor-column elementor-col-50 elementor-top-column elementor-element elementor-element-ea0aeda\" data-id=\"ea0aeda\" data-element_type=\"column\">\n\t\t\t<div class=\"elementor-column-wrap elementor-element-populated\">\n\t\t\t\t\t\t\t<div class=\"elementor-widget-wrap\">\n\t\t\t\t\t\t<div class=\"elementor-element elementor-element-db7cb0d elementor-tabs-view-horizontal elementor-widget elementor-widget-tabs\" data-id=\"db7cb0d\" data-element_type=\"widget\" data-widget_type=\"tabs.default\">\n\t\t\t\t<div class=\"elementor-widget-container\">\n\t\t\t\t\t<div class=\"elementor-tabs\">\n\t\t\t<div class=\"elementor-tabs-wrapper\" role=\"tablist\" >\n\t\t\t\t\t\t\t\t\t<div id=\"elementor-tab-title-2301\" class=\"elementor-tab-title elementor-tab-desktop-title\" aria-selected=\"true\" data-tab=\"1\" role=\"tab\" tabindex=\"0\" aria-controls=\"elementor-tab-content-2301\" aria-expanded=\"false\"><a href=\"\">Experiencia<\/a><\/div>\n\t\t\t\t\t\t\t\t\t<div id=\"elementor-tab-title-2302\" class=\"elementor-tab-title elementor-tab-desktop-title\" aria-selected=\"false\" data-tab=\"2\" role=\"tab\" tabindex=\"-1\" aria-controls=\"elementor-tab-content-2302\" aria-expanded=\"false\"><a href=\"\">Educaci\u00f3n<\/a><\/div>\n\t\t\t\t\t\t\t\t\t<div id=\"elementor-tab-title-2303\" class=\"elementor-tab-title elementor-tab-desktop-title\" aria-selected=\"false\" data-tab=\"3\" role=\"tab\" tabindex=\"-1\" aria-controls=\"elementor-tab-content-2303\" aria-expanded=\"false\"><a href=\"\">Publicaciones<\/a><\/div>\n\t\t\t\t\t\t\t\t\t<div id=\"elementor-tab-title-2304\" class=\"elementor-tab-title elementor-tab-desktop-title\" aria-selected=\"false\" data-tab=\"4\" role=\"tab\" tabindex=\"-1\" aria-controls=\"elementor-tab-content-2304\" aria-expanded=\"false\"><a href=\"\">Contacto<\/a><\/div>\n\t\t\t\t\t\t\t<\/div>\n\t\t\t<div class=\"elementor-tabs-content-wrapper\" role=\"tablist\" aria-orientation=\"vertical\">\n\t\t\t\t\t\t\t\t\t<div class=\"elementor-tab-title elementor-tab-mobile-title\" aria-selected=\"true\" data-tab=\"1\" role=\"tab\" tabindex=\"0\" aria-controls=\"elementor-tab-content-2301\" aria-expanded=\"false\">Experiencia<\/div>\n\t\t\t\t\t<div id=\"elementor-tab-content-2301\" class=\"elementor-tab-content elementor-clearfix\" data-tab=\"1\" role=\"tabpanel\" aria-labelledby=\"elementor-tab-title-2301\" tabindex=\"0\" hidden=\"false\"><p style=\"margin-top: 12pt; line-height: normal; border-width: initial; border-style: none;\"><span lang=\"ES\" style=\"font-size: 11.0pt; mso-fareast-font-family: 'Arial Nova'; mso-bidi-font-family: 'Arial Nova'; color: black;\">2022 &#8211; Actualidad <\/span><\/p>\n<p style=\"line-height: normal; border-width: initial; border-style: none;\"><b><span lang=\"ES\" style=\"font-size: 11.0pt; mso-fareast-font-family: 'Arial Nova'; mso-bidi-font-family: 'Arial Nova'; color: black;\"><strong>Abogado litigante, notario en ejercicio y catedr\u00e1tico<\/strong><\/span><\/b><\/p>\n<p><span style=\"color: #000000; font-size: 15px; font-style: normal; font-weight: 400;\">Prestaci\u00f3n de servicios de abogac\u00eda en las diferentes \u00e1reas del derecho. En especial en el \u00e1rea del derecho laboral tanto del sector p\u00fablico como privado. Servicios notariales en general.<\/span><\/p>\n<p style=\"line-height: normal; border-width: initial; border-style: none;\"><b><span lang=\"ES\" style=\"font-size: 11.0pt; mso-fareast-font-family: 'Arial Nova'; mso-bidi-font-family: 'Arial Nova'; color: black;\"><strong>Docente universitario en la carrera de Licenciatura en Administraci\u00f3n de Empresas<\/strong><\/span><\/b><\/p>\n<p style=\"margin: 0cm 36pt 12pt 0cm; border-width: initial; border-style: none;\"><span lang=\"ES\" style=\"mso-bidi-font-size: 9.0pt; line-height: 130%; mso-fareast-font-family: 'Arial Nova'; mso-bidi-font-family: 'Arial Nova'; color: black;\">Extensi\u00f3n Morales del Centro Universitario de Izabal de la Universidad de San Carlos de Guatemala.<\/span><\/p>\n<p><span style=\"color: black; font-size: 11pt; font-family: var( --e-global-typography-text-font-family ), Sans-serif;\">2020 &#8211; 2022<\/span><\/p>\n<p style=\"line-height: normal; border-width: initial; border-style: none;\"><b><span lang=\"ES\" style=\"font-size: 11.0pt; mso-fareast-font-family: 'Arial Nova'; mso-bidi-font-family: 'Arial Nova'; color: black;\"><strong>Profesional Jur\u00eddico de la Procuradur\u00eda<\/strong><\/span><\/b><\/p>\n<p style=\"margin: 0cm 36pt 12pt 0cm; border-width: initial; border-style: none;\"><span lang=\"ES\" style=\"mso-bidi-font-size: 9.0pt; line-height: 130%; mso-fareast-font-family: 'Arial Nova'; mso-bidi-font-family: 'Arial Nova'; color: black;\">Representante legal del Estado de Guatemala en el Departamento de Izabal, otorgada por el se\u00f1or Procurador General de la Naci\u00f3n.<\/span><\/p>\n<p style=\"margin-top: 12pt; line-height: normal; border-width: initial; border-style: none;\"><span lang=\"ES\" style=\"font-size: 11.0pt; mso-fareast-font-family: 'Arial Nova'; mso-bidi-font-family: 'Arial Nova'; color: black;\">2018 &#8211; 2018<\/span><\/p>\n<p style=\"line-height: normal; border-width: initial; border-style: none;\"><b style=\"color: var( --e-global-color-text ); font-family: var( --e-global-typography-text-font-family ), Sans-serif; font-style: inherit;\"><span lang=\"ES\" style=\"font-size: 11.0pt; line-height: 130%; font-family: 'Arial Nova'; mso-fareast-font-family: 'Arial Nova'; mso-bidi-font-family: 'Arial Nova'; color: black; mso-ansi-language: ES; mso-fareast-language: ES-GT; mso-bidi-language: EN-US;\">Catedr\u00e1tico de la<br>Universidad Rural de Guatemala.<\/span><\/b><\/p>\n<p><span style=\"color: #000000; font-size: 15px; font-style: normal; font-weight: 400; font-family: var( --e-global-typography-text-font-family ), Sans-serif;\">Impartiendo cursos en las carreras de carreras de Derecho e Ingenier\u00eda Agron\u00f3mica.<\/span><\/p><\/div>\n\t\t\t\t\t\t\t\t\t<div class=\"elementor-tab-title elementor-tab-mobile-title\" aria-selected=\"false\" data-tab=\"2\" role=\"tab\" tabindex=\"-1\" aria-controls=\"elementor-tab-content-2302\" aria-expanded=\"false\">Educaci\u00f3n<\/div>\n\t\t\t\t\t<div id=\"elementor-tab-content-2302\" class=\"elementor-tab-content elementor-clearfix\" data-tab=\"2\" role=\"tabpanel\" aria-labelledby=\"elementor-tab-title-2302\" tabindex=\"0\" hidden=\"hidden\"><p style=\"border-width: initial; border-style: none; font-size: 15px; font-style: normal; font-weight: 400; margin-top: 12pt; line-height: normal;\"><span lang=\"ES\" style=\"font-size: 11pt; color: black;\">2017<\/span><\/p><p style=\"border-width: initial; border-style: none; font-size: 15px; font-style: normal; font-weight: 400; line-height: normal;\"><span style=\"font-weight: bold;\"><span lang=\"ES\" style=\"font-size: 11pt; color: black;\">Licenciatura en Ciencias Jur\u00eddicas y Sociales Abogado y Notario<\/span><\/span><\/p><p style=\"font-size: 15px; font-style: normal; font-weight: 400;\"><span lang=\"ES\" style=\"font-size: 15px;\">Universidad de San Carlos de Guatemala &#8211; CUNIZAB<\/span><\/p><\/div>\n\t\t\t\t\t\t\t\t\t<div class=\"elementor-tab-title elementor-tab-mobile-title\" aria-selected=\"false\" data-tab=\"3\" role=\"tab\" tabindex=\"-1\" aria-controls=\"elementor-tab-content-2303\" aria-expanded=\"false\">Publicaciones<\/div>\n\t\t\t\t\t<div id=\"elementor-tab-content-2303\" class=\"elementor-tab-content elementor-clearfix\" data-tab=\"3\" role=\"tabpanel\" aria-labelledby=\"elementor-tab-title-2303\" tabindex=\"0\" hidden=\"hidden\"><p>Por el momento, sin publicaciones.<\/p><\/div>\n\t\t\t\t\t\t\t\t\t<div class=\"elementor-tab-title elementor-tab-mobile-title\" aria-selected=\"false\" data-tab=\"4\" role=\"tab\" tabindex=\"-1\" aria-controls=\"elementor-tab-content-2304\" aria-expanded=\"false\">Contacto<\/div>\n\t\t\t\t\t<div id=\"elementor-tab-content-2304\" class=\"elementor-tab-content elementor-clearfix\" data-tab=\"4\" role=\"tabpanel\" aria-labelledby=\"elementor-tab-title-2304\" tabindex=\"0\" hidden=\"hidden\"><p><b style=\"color: var( --e-global-color-text ); font-family: var( --e-global-typography-text-font-family ), Sans-serif; font-style: inherit;\"><span lang=\"ES\" style=\"font-size: 11.0pt; mso-fareast-font-family: 'Arial Nova'; mso-bidi-font-family: 'Arial Nova'; color: black;\">M\u00e1s acerca de mi:<\/span><\/b><\/p>\n<div style=\"display: flex; justify-content: center; align-items: center;\"><i style=\"color: slategray;\"><\/i><\/div>\n<link rel=\"stylesheet\" href=\"https:\/\/cdnjs.cloudflare.com\/ajax\/libs\/font-awesome\/4.7.0\/css\/font-awesome.min.css\">\n\n<div class=\"list-group\" style=\"display: flex; justify-content: center; align-items: center;\">\n  <a href=\"https:\/\/www.instagram.com\/elvinramos.22\/\" class=\"list-group-item\" target=\"_blank\" title=\"Instagram\"><i style=\"color: #C13584;\" class=\"fa fa-4x\">&#xf16d;<\/i><\/a>&nbsp;&nbsp;<br>  <a href=\"https:\/\/www.youtube.com\/channel\/UChhBTzI5__ClCvaR4oo3qsg\" class=\"list-group-item\" target=\"_blank\" title=\"YouTube\"><i class=\"fa fa-youtube-play fa-4x\" style=\"color: #ff0000;\"><\/i><\/a>&nbsp;&nbsp;<br>  <a href=\"https:\/\/wa.link\/79rto1\" class=\"list-group-item\" target=\"_blank\" title=\"WhatsApp\"><i class=\"fa fa-whatsapp fa-4x\" style=\"color: #00bb2d;\"><\/i><\/a>&nbsp;&nbsp;<br>  <a href=\"https:\/\/www.facebook.com\/BufeteRamos.PB\" class=\"list-group-item\" target=\"_blank\" title=\"Facebook\"><i class=\"fa fa-facebook-official fa-4x\" style=\"color: #3b5998;\"><\/i><\/a>&nbsp;&nbsp;<br>  <a href=\"mailto:elvin.ramos@cunizab.edu.gt\" class=\"list-group-item\" target=\"_blank\" title=\"E-mail\"><i class=\"fa fa-envelope fa-4x\" style=\"color: slategray;\"><\/i><\/a>\n<\/div><\/div>\n\t\t\t\t\t\t\t<\/div>\n\t\t<\/div>\n\t\t\t\t<\/div>\n\t\t\t\t<\/div>\n\t\t\t\t\t\t<\/div>\n\t\t\t\t\t<\/div>\n\t\t<\/div>\n\t\t\t\t\t\t\t\t<\/div>\n\t\t\t\t\t<\/div>\n\t\t<\/section>\n\t\t\t\t\t\t<\/div>\n\t\t\t\t\t\t<\/div>\n\t\t\t\t\t<\/div>\n\t\t ","protected":false},"excerpt":{"rendered":"<p>Lic. Elvin Ramos Docente en la extensi\u00f3n de Morales Abogado litigante y notario en ejercicio. Con experiencia en el ejercicio de la abogac\u00eda en ambitito p\u00fablico y privado. Docente universitario. Experiencia Educaci\u00f3n Publicaciones Contacto Experiencia 2022 &#8211; Actualidad Abogado litigante, notario en ejercicio y catedr\u00e1tico Prestaci\u00f3n de servicios de abogac\u00eda en las diferentes \u00e1reas del &hellip;<\/p>\n<p class=\"read-more\"> <a class=\"\" href=\"https:\/\/cunizab.edu.gt\/index.php\/docenteperfilelvinramos\/\"> <span class=\"screen-reader-text\">DocentePerfilElvinRamos<\/span> Read More &raquo;<\/a><\/p>\n","protected":false},"author":1,"featured_media":0,"parent":0,"menu_order":0,"comment_status":"closed","ping_status":"closed","template":"","meta":{"footnotes":""},"class_list":["post-2922","page","type-page","status-publish","hentry"],"_links":{"self":[{"href":"https:\/\/cunizab.edu.gt\/index.php\/wp-json\/wp\/v2\/pages\/2922","targetHints":{"allow":["GET"]}}],"collection":[{"href":"https:\/\/cunizab.edu.gt\/index.php\/wp-json\/wp\/v2\/pages"}],"about":[{"href":"https:\/\/cunizab.edu.gt\/index.php\/wp-json\/wp\/v2\/types\/page"}],"author":[{"embeddable":true,"href":"https:\/\/cunizab.edu.gt\/index.php\/wp-json\/wp\/v2\/users\/1"}],"replies":[{"embeddable":true,"href":"https:\/\/cunizab.edu.gt\/index.php\/wp-json\/wp\/v2\/comments?post=2922"}],"version-history":[{"count":22,"href":"https:\/\/cunizab.edu.gt\/index.php\/wp-json\/wp\/v2\/pages\/2922\/revisions"}],"predecessor-version":[{"id":3786,"href":"https:\/\/cunizab.edu.gt\/index.php\/wp-json\/wp\/v2\/pages\/2922\/revisions\/3786"}],"wp:attachment":[{"href":"https:\/\/cunizab.edu.gt\/index.php\/wp-json\/wp\/v2\/media?parent=2922"}],"curies":[{"name":"wp","href":"https:\/\/api.w.org\/{rel}","templated":true}]}}