{"id":2759,"date":"2022-11-06T06:04:22","date_gmt":"2022-11-06T06:04:22","guid":{"rendered":"https:\/\/cunizab.edu.gt\/?page_id=2759"},"modified":"2024-02-12T20:26:03","modified_gmt":"2024-02-12T20:26:03","slug":"docenteperfilrafaelenriquegonzalezvalenzuela","status":"publish","type":"page","link":"https:\/\/cunizab.edu.gt\/index.php\/docenteperfilrafaelenriquegonzalezvalenzuela\/","title":{"rendered":"DocentePerfilRafaelEnriqueGonz\u00e1lezValenzuela"},"content":{"rendered":"\t\t<div data-elementor-type=\"wp-page\" data-elementor-id=\"2759\" class=\"elementor elementor-2759\" data-elementor-settings=\"[]\">\n\t\t\t\t\t\t<div class=\"elementor-inner\">\n\t\t\t\t\t\t\t<div class=\"elementor-section-wrap\">\n\t\t\t\t\t\t\t<section class=\"elementor-section elementor-top-section elementor-element elementor-element-9507655 elementor-section-boxed elementor-section-height-default elementor-section-height-default\" data-id=\"9507655\" data-element_type=\"section\">\n\t\t\t\t\t\t<div class=\"elementor-container elementor-column-gap-default\">\n\t\t\t\t\t\t\t<div class=\"elementor-row\">\n\t\t\t\t\t<div class=\"elementor-column elementor-col-50 elementor-top-column elementor-element elementor-element-af25f08\" data-id=\"af25f08\" data-element_type=\"column\">\n\t\t\t<div class=\"elementor-column-wrap elementor-element-populated\">\n\t\t\t\t\t\t\t<div class=\"elementor-widget-wrap\">\n\t\t\t\t\t\t<div class=\"elementor-element elementor-element-fed8fd5 elementor-widget elementor-widget-image\" data-id=\"fed8fd5\" data-element_type=\"widget\" data-widget_type=\"image.default\">\n\t\t\t\t<div class=\"elementor-widget-container\">\n\t\t\t\t\t\t\t\t<div class=\"elementor-image\">\n\t\t\t\t\t\t\t\t\t\t\t\t<img loading=\"lazy\" decoding=\"async\" width=\"768\" height=\"1024\" src=\"https:\/\/cunizab.edu.gt\/wp-content\/uploads\/2022\/11\/IMG_2793-768x1024.jpg\" class=\"attachment-large size-large\" alt=\"\" srcset=\"https:\/\/cunizab.edu.gt\/wp-content\/uploads\/2022\/11\/IMG_2793-768x1024.jpg 768w, https:\/\/cunizab.edu.gt\/wp-content\/uploads\/2022\/11\/IMG_2793-scaled-600x800.jpg 600w, https:\/\/cunizab.edu.gt\/wp-content\/uploads\/2022\/11\/IMG_2793-scaled-64x85.jpg 64w, https:\/\/cunizab.edu.gt\/wp-content\/uploads\/2022\/11\/IMG_2793-225x300.jpg 225w, https:\/\/cunizab.edu.gt\/wp-content\/uploads\/2022\/11\/IMG_2793-1152x1536.jpg 1152w, https:\/\/cunizab.edu.gt\/wp-content\/uploads\/2022\/11\/IMG_2793-1536x2048.jpg 1536w, https:\/\/cunizab.edu.gt\/wp-content\/uploads\/2022\/11\/IMG_2793-1320x1760.jpg 1320w, https:\/\/cunizab.edu.gt\/wp-content\/uploads\/2022\/11\/IMG_2793-scaled.jpg 1920w\" sizes=\"auto, (max-width: 768px) 100vw, 768px\" \/>\t\t\t\t\t\t\t\t\t\t\t\t\t\t<\/div>\n\t\t\t\t\t\t<\/div>\n\t\t\t\t<\/div>\n\t\t\t\t<div class=\"elementor-element elementor-element-c411814 elementor-widget elementor-widget-heading\" data-id=\"c411814\" data-element_type=\"widget\" data-widget_type=\"heading.default\">\n\t\t\t\t<div class=\"elementor-widget-container\">\n\t\t\t<h2 class=\"elementor-heading-title elementor-size-default\">Lic. Rafael Enrique Gonz\u00e1lez Valenzuela<\/h2>\t\t<\/div>\n\t\t\t\t<\/div>\n\t\t\t\t<div class=\"elementor-element elementor-element-d0c15b8 elementor-widget elementor-widget-heading\" data-id=\"d0c15b8\" data-element_type=\"widget\" data-widget_type=\"heading.default\">\n\t\t\t\t<div class=\"elementor-widget-container\">\n\t\t\t<h5 class=\"elementor-heading-title elementor-size-default\">Coordinador de la carrera de Administraci\u00f3n de Empresas<br> y docente en la sede de Puerto Barrios<\/h5>\t\t<\/div>\n\t\t\t\t<\/div>\n\t\t\t\t<div class=\"elementor-element elementor-element-1237a3e elementor-widget elementor-widget-text-editor\" data-id=\"1237a3e\" data-element_type=\"widget\" data-widget_type=\"text-editor.default\">\n\t\t\t\t<div class=\"elementor-widget-container\">\n\t\t\t\t\t\t\t\t<div class=\"elementor-text-editor elementor-clearfix\">\n\t\t\t\t\t<p>Profesional formado en administraci\u00f3n de empresas, con amplia experiencia en temas de liderazgo, capacitaci\u00f3n y desarrollo del talento humano, as\u00ed como tambi\u00e9n especializado en la creaci\u00f3n de sistemas automatizados de control y de comunicaci\u00f3n, entusiasta de la tecnolog\u00eda y amante de la innovaci\u00f3n.<\/p>\t\t\t\t\t<\/div>\n\t\t\t\t\t\t<\/div>\n\t\t\t\t<\/div>\n\t\t\t\t\t\t<\/div>\n\t\t\t\t\t<\/div>\n\t\t<\/div>\n\t\t\t\t<div class=\"elementor-column elementor-col-50 elementor-top-column elementor-element elementor-element-ea0aeda\" data-id=\"ea0aeda\" data-element_type=\"column\">\n\t\t\t<div class=\"elementor-column-wrap elementor-element-populated\">\n\t\t\t\t\t\t\t<div class=\"elementor-widget-wrap\">\n\t\t\t\t\t\t<div class=\"elementor-element elementor-element-db7cb0d elementor-tabs-view-horizontal elementor-widget elementor-widget-tabs\" data-id=\"db7cb0d\" data-element_type=\"widget\" data-widget_type=\"tabs.default\">\n\t\t\t\t<div class=\"elementor-widget-container\">\n\t\t\t\t\t<div class=\"elementor-tabs\">\n\t\t\t<div class=\"elementor-tabs-wrapper\" role=\"tablist\" >\n\t\t\t\t\t\t\t\t\t<div id=\"elementor-tab-title-2301\" class=\"elementor-tab-title elementor-tab-desktop-title\" aria-selected=\"true\" data-tab=\"1\" role=\"tab\" tabindex=\"0\" aria-controls=\"elementor-tab-content-2301\" aria-expanded=\"false\"><a href=\"\">Experiencia<\/a><\/div>\n\t\t\t\t\t\t\t\t\t<div id=\"elementor-tab-title-2302\" class=\"elementor-tab-title elementor-tab-desktop-title\" aria-selected=\"false\" data-tab=\"2\" role=\"tab\" tabindex=\"-1\" aria-controls=\"elementor-tab-content-2302\" aria-expanded=\"false\"><a href=\"\">Educaci\u00f3n<\/a><\/div>\n\t\t\t\t\t\t\t\t\t<div id=\"elementor-tab-title-2303\" class=\"elementor-tab-title elementor-tab-desktop-title\" aria-selected=\"false\" data-tab=\"3\" role=\"tab\" tabindex=\"-1\" aria-controls=\"elementor-tab-content-2303\" aria-expanded=\"false\"><a href=\"\">Publicaciones<\/a><\/div>\n\t\t\t\t\t\t\t\t\t<div id=\"elementor-tab-title-2304\" class=\"elementor-tab-title elementor-tab-desktop-title\" aria-selected=\"false\" data-tab=\"4\" role=\"tab\" tabindex=\"-1\" aria-controls=\"elementor-tab-content-2304\" aria-expanded=\"false\"><a href=\"\">Contacto<\/a><\/div>\n\t\t\t\t\t\t\t<\/div>\n\t\t\t<div class=\"elementor-tabs-content-wrapper\" role=\"tablist\" aria-orientation=\"vertical\">\n\t\t\t\t\t\t\t\t\t<div class=\"elementor-tab-title elementor-tab-mobile-title\" aria-selected=\"true\" data-tab=\"1\" role=\"tab\" tabindex=\"0\" aria-controls=\"elementor-tab-content-2301\" aria-expanded=\"false\">Experiencia<\/div>\n\t\t\t\t\t<div id=\"elementor-tab-content-2301\" class=\"elementor-tab-content elementor-clearfix\" data-tab=\"1\" role=\"tabpanel\" aria-labelledby=\"elementor-tab-title-2301\" tabindex=\"0\" hidden=\"false\"><p><span lang=\"ES\">2000 \u2013 actualidad<\/span><\/p>\n<p><strong><span style=\"color: black; font-size: 11pt; font-family: var( --e-global-typography-text-font-family ), Sans-serif;\">Gerente Administrativo<\/span><\/strong><\/p>\n<p><span style=\"color: #000000; font-size: 15px; font-style: normal; font-weight: 400; font-family: var( --e-global-typography-text-font-family ), Sans-serif;\">Encargado&nbsp;<\/span><span style=\"color: #000000;\">de la generaci\u00f3n de planes y estrategias y del soporte a las actividades de producci\u00f3n, en el tema de personal, asignaci\u00f3n de recursos y otros, encargado de la log\u00edstica de importaci\u00f3n y exportaci\u00f3n y de la automatizaci\u00f3n de los proceso.<\/span><\/p>\n<p><span lang=\"ES\">2002 \u2013 actualidad<\/span><\/p>\n<p><strong><span style=\"color: black; font-family: var( --e-global-typography-text-font-family ), Sans-serif; font-size: 11pt;\">Coordinador de Administraci\u00f3n de empresas y docente<\/span><\/strong><\/p>\n<p><span style=\"color: #000000; font-size: 15px; font-style: normal; font-weight: 400; font-family: var( --e-global-typography-text-font-family ), Sans-serif;\">Docente&nbsp;<\/span><span style=\"color: #000000;\">de cursos tales como, Administraci\u00f3n de empresas, Matem\u00e1ticas, matem\u00e1ticas financieras, administraci\u00f3n financiera, seminarios integrados y financieros. Desde el 2008 desempe\u00f1\u00e1ndome como coordinador de la carrera en las sedes de Puerto Barrios y a partir del 2018 tambi\u00e9n en la sede de Morales.<\/span><\/p><\/div>\n\t\t\t\t\t\t\t\t\t<div class=\"elementor-tab-title elementor-tab-mobile-title\" aria-selected=\"false\" data-tab=\"2\" role=\"tab\" tabindex=\"-1\" aria-controls=\"elementor-tab-content-2302\" aria-expanded=\"false\">Educaci\u00f3n<\/div>\n\t\t\t\t\t<div id=\"elementor-tab-content-2302\" class=\"elementor-tab-content elementor-clearfix\" data-tab=\"2\" role=\"tabpanel\" aria-labelledby=\"elementor-tab-title-2302\" tabindex=\"0\" hidden=\"hidden\"><p style=\"font-size: 15px; font-style: normal; font-weight: 400;\"><span lang=\"ES\" style=\"font-size: 15px;\">2008<\/span><\/p>\n<p style=\"font-size: 15px; font-style: normal; font-weight: 400;\"><strong><span style=\"color: black; font-family: var( --e-global-typography-text-font-family ), Sans-serif; font-size: 11pt;\">Maestr\u00eda en Finanzas<\/span><\/strong><\/p>\n<p style=\"font-size: 15px; font-style: normal; font-weight: 400;\"><span lang=\"ES\" style=\"font-size: 15px;\">Universidad Rafael Land\u00edvar.<\/span><\/p>\n<p style=\"font-size: 15px; font-style: normal; font-weight: 400;\"><span lang=\"ES\" style=\"font-size: 15px;\">2007<\/span><\/p>\n<p style=\"font-size: 15px; font-style: normal; font-weight: 400;\"><strong><span style=\"color: black; font-family: var( --e-global-typography-text-font-family ), Sans-serif; font-size: 11pt;\">Licenciatura en Administraci\u00f3n de Empresas<\/span><\/strong><\/p>\n<p style=\"font-size: 15px; font-style: normal; font-weight: 400;\"><span lang=\"ES\" style=\"font-size: 15px;\">Universidad de San Carlos de Guatemala.<\/span><\/p><\/div>\n\t\t\t\t\t\t\t\t\t<div class=\"elementor-tab-title elementor-tab-mobile-title\" aria-selected=\"false\" data-tab=\"3\" role=\"tab\" tabindex=\"-1\" aria-controls=\"elementor-tab-content-2303\" aria-expanded=\"false\">Publicaciones<\/div>\n\t\t\t\t\t<div id=\"elementor-tab-content-2303\" class=\"elementor-tab-content elementor-clearfix\" data-tab=\"3\" role=\"tabpanel\" aria-labelledby=\"elementor-tab-title-2303\" tabindex=\"0\" hidden=\"hidden\"><div>\n<ul>\n<li><span style=\"color: rgb(0, 0, 0); font-size: 15px; font-style: normal; font-weight: 400;\">La finalizaci\u00f3n de las cuotas en la industria textil, y su impacto en las empresas del sector, 2007.<\/span><\/li>\n<\/ul>\n<ul>\n<li><span style=\"color: rgb(0, 0, 0); font-size: 15px; font-style: normal; font-weight: 400;\">Estudios de demanda de diferentes carreras del Cunizab y postgrados.<\/span><\/li>\n<\/ul>\n<\/div><\/div>\n\t\t\t\t\t\t\t\t\t<div class=\"elementor-tab-title elementor-tab-mobile-title\" aria-selected=\"false\" data-tab=\"4\" role=\"tab\" tabindex=\"-1\" aria-controls=\"elementor-tab-content-2304\" aria-expanded=\"false\">Contacto<\/div>\n\t\t\t\t\t<div id=\"elementor-tab-content-2304\" class=\"elementor-tab-content elementor-clearfix\" data-tab=\"4\" role=\"tabpanel\" aria-labelledby=\"elementor-tab-title-2304\" tabindex=\"0\" hidden=\"hidden\"><p><b style=\"color: var( --e-global-color-text ); font-family: var( --e-global-typography-text-font-family ), Sans-serif; font-style: inherit;\"><span lang=\"ES\" style=\"font-size: 11.0pt; mso-fareast-font-family: 'Arial Nova'; mso-bidi-font-family: 'Arial Nova'; color: black;\">M\u00e1s acerca de mi:<\/span><\/b><\/p>\n<div style=\"display: flex; justify-content: center; align-items: center;\"><i style=\"color: slategray;\"><\/i><\/div>\n<link rel=\"stylesheet\" href=\"https:\/\/cdnjs.cloudflare.com\/ajax\/libs\/font-awesome\/4.7.0\/css\/font-awesome.min.css\">\n\n<div class=\"list-group\" style=\"display: flex; justify-content: center; align-items: center;\">\n  <a href=\"https:\/\/wa.link\/m8928z\" class=\"list-group-item\" target=\"_blank\" title=\"WhatsApp\"><i class=\"fa fa-whatsapp fa-4x\" style=\"color: #00bb2d;\"><\/i><\/a>&nbsp;&nbsp;<br>  <a href=\"mailto:rafael.gonzalez@cunizab.edu.gt\" class=\"list-group-item\" target=\"_blank\" title=\"E-mail\"><i class=\"fa fa-envelope fa-4x\" style=\"color: slategray;\"><\/i><\/a>\n<\/div><\/div>\n\t\t\t\t\t\t\t<\/div>\n\t\t<\/div>\n\t\t\t\t<\/div>\n\t\t\t\t<\/div>\n\t\t\t\t\t\t<\/div>\n\t\t\t\t\t<\/div>\n\t\t<\/div>\n\t\t\t\t\t\t\t\t<\/div>\n\t\t\t\t\t<\/div>\n\t\t<\/section>\n\t\t\t\t\t\t<\/div>\n\t\t\t\t\t\t<\/div>\n\t\t\t\t\t<\/div>\n\t\t ","protected":false},"excerpt":{"rendered":"<p>Lic. Rafael Enrique Gonz\u00e1lez Valenzuela Coordinador de la carrera de Administraci\u00f3n de Empresas y docente en la sede de Puerto Barrios Profesional formado en administraci\u00f3n de empresas, con amplia experiencia en temas de liderazgo, capacitaci\u00f3n y desarrollo del talento humano, as\u00ed como tambi\u00e9n especializado en la creaci\u00f3n de sistemas automatizados de control y de comunicaci\u00f3n, &hellip;<\/p>\n<p class=\"read-more\"> <a class=\"\" href=\"https:\/\/cunizab.edu.gt\/index.php\/docenteperfilrafaelenriquegonzalezvalenzuela\/\"> <span class=\"screen-reader-text\">DocentePerfilRafaelEnriqueGonz\u00e1lezValenzuela<\/span> Read More &raquo;<\/a><\/p>\n","protected":false},"author":1,"featured_media":0,"parent":0,"menu_order":0,"comment_status":"closed","ping_status":"closed","template":"","meta":{"footnotes":""},"class_list":["post-2759","page","type-page","status-publish","hentry"],"_links":{"self":[{"href":"https:\/\/cunizab.edu.gt\/index.php\/wp-json\/wp\/v2\/pages\/2759","targetHints":{"allow":["GET"]}}],"collection":[{"href":"https:\/\/cunizab.edu.gt\/index.php\/wp-json\/wp\/v2\/pages"}],"about":[{"href":"https:\/\/cunizab.edu.gt\/index.php\/wp-json\/wp\/v2\/types\/page"}],"author":[{"embeddable":true,"href":"https:\/\/cunizab.edu.gt\/index.php\/wp-json\/wp\/v2\/users\/1"}],"replies":[{"embeddable":true,"href":"https:\/\/cunizab.edu.gt\/index.php\/wp-json\/wp\/v2\/comments?post=2759"}],"version-history":[{"count":16,"href":"https:\/\/cunizab.edu.gt\/index.php\/wp-json\/wp\/v2\/pages\/2759\/revisions"}],"predecessor-version":[{"id":3697,"href":"https:\/\/cunizab.edu.gt\/index.php\/wp-json\/wp\/v2\/pages\/2759\/revisions\/3697"}],"wp:attachment":[{"href":"https:\/\/cunizab.edu.gt\/index.php\/wp-json\/wp\/v2\/media?parent=2759"}],"curies":[{"name":"wp","href":"https:\/\/api.w.org\/{rel}","templated":true}]}}