{"id":2501,"date":"2022-10-24T23:03:00","date_gmt":"2022-10-24T23:03:00","guid":{"rendered":"https:\/\/cunizab.edu.gt\/?page_id=2501"},"modified":"2024-02-12T20:27:16","modified_gmt":"2024-02-12T20:27:16","slug":"docenteperfilsilviavargas","status":"publish","type":"page","link":"https:\/\/cunizab.edu.gt\/index.php\/docenteperfilsilviavargas\/","title":{"rendered":"DocentePerfilSilviaVargas"},"content":{"rendered":"\t\t<div data-elementor-type=\"wp-page\" data-elementor-id=\"2501\" class=\"elementor elementor-2501\" data-elementor-settings=\"[]\">\n\t\t\t\t\t\t<div class=\"elementor-inner\">\n\t\t\t\t\t\t\t<div class=\"elementor-section-wrap\">\n\t\t\t\t\t\t\t<section class=\"elementor-section elementor-top-section elementor-element elementor-element-9507655 elementor-section-boxed elementor-section-height-default elementor-section-height-default\" data-id=\"9507655\" data-element_type=\"section\">\n\t\t\t\t\t\t<div class=\"elementor-container elementor-column-gap-default\">\n\t\t\t\t\t\t\t<div class=\"elementor-row\">\n\t\t\t\t\t<div class=\"elementor-column elementor-col-50 elementor-top-column elementor-element elementor-element-af25f08\" data-id=\"af25f08\" data-element_type=\"column\">\n\t\t\t<div class=\"elementor-column-wrap elementor-element-populated\">\n\t\t\t\t\t\t\t<div class=\"elementor-widget-wrap\">\n\t\t\t\t\t\t<div class=\"elementor-element elementor-element-fed8fd5 elementor-widget elementor-widget-image\" data-id=\"fed8fd5\" data-element_type=\"widget\" data-widget_type=\"image.default\">\n\t\t\t\t<div class=\"elementor-widget-container\">\n\t\t\t\t\t\t\t\t<div class=\"elementor-image\">\n\t\t\t\t\t\t\t\t\t\t\t\t<img loading=\"lazy\" decoding=\"async\" width=\"532\" height=\"720\" src=\"https:\/\/cunizab.edu.gt\/wp-content\/uploads\/2022\/11\/WhatsApp-Image-2022-11-07-at-11.51.05-PM.jpeg\" class=\"attachment-large size-large\" alt=\"\" srcset=\"https:\/\/cunizab.edu.gt\/wp-content\/uploads\/2022\/11\/WhatsApp-Image-2022-11-07-at-11.51.05-PM.jpeg 532w, https:\/\/cunizab.edu.gt\/wp-content\/uploads\/2022\/11\/WhatsApp-Image-2022-11-07-at-11.51.05-PM-64x87.jpeg 64w, https:\/\/cunizab.edu.gt\/wp-content\/uploads\/2022\/11\/WhatsApp-Image-2022-11-07-at-11.51.05-PM-222x300.jpeg 222w\" sizes=\"auto, (max-width: 532px) 100vw, 532px\" \/>\t\t\t\t\t\t\t\t\t\t\t\t\t\t<\/div>\n\t\t\t\t\t\t<\/div>\n\t\t\t\t<\/div>\n\t\t\t\t<div class=\"elementor-element elementor-element-c411814 elementor-widget elementor-widget-heading\" data-id=\"c411814\" data-element_type=\"widget\" data-widget_type=\"heading.default\">\n\t\t\t\t<div class=\"elementor-widget-container\">\n\t\t\t<h2 class=\"elementor-heading-title elementor-size-default\">MA. Lcda. Silvia Elizabeth Vargas Garc\u00eda de Morales<\/h2>\t\t<\/div>\n\t\t\t\t<\/div>\n\t\t\t\t<div class=\"elementor-element elementor-element-d0c15b8 elementor-widget elementor-widget-heading\" data-id=\"d0c15b8\" data-element_type=\"widget\" data-widget_type=\"heading.default\">\n\t\t\t\t<div class=\"elementor-widget-container\">\n\t\t\t<h5 class=\"elementor-heading-title elementor-size-default\">Docente en la sede de Puerto Barrios<\/h5>\t\t<\/div>\n\t\t\t\t<\/div>\n\t\t\t\t<div class=\"elementor-element elementor-element-1237a3e elementor-widget elementor-widget-text-editor\" data-id=\"1237a3e\" data-element_type=\"widget\" data-widget_type=\"text-editor.default\">\n\t\t\t\t<div class=\"elementor-widget-container\">\n\t\t\t\t\t\t\t\t<div class=\"elementor-text-editor elementor-clearfix\">\n\t\t\t\t\t<p>Profesional enfocada al negocio, con amplia experiencia en formaci\u00f3n, capacitaci\u00f3n y desarrollo de talento. Conocimiento y experiencia en uso de herramientas de tecnolog\u00eda de la informaci\u00f3n y la comunicaci\u00f3n.<\/p>\t\t\t\t\t<\/div>\n\t\t\t\t\t\t<\/div>\n\t\t\t\t<\/div>\n\t\t\t\t\t\t<\/div>\n\t\t\t\t\t<\/div>\n\t\t<\/div>\n\t\t\t\t<div class=\"elementor-column elementor-col-50 elementor-top-column elementor-element elementor-element-ea0aeda\" data-id=\"ea0aeda\" data-element_type=\"column\">\n\t\t\t<div class=\"elementor-column-wrap elementor-element-populated\">\n\t\t\t\t\t\t\t<div class=\"elementor-widget-wrap\">\n\t\t\t\t\t\t<div class=\"elementor-element elementor-element-db7cb0d elementor-tabs-view-horizontal elementor-widget elementor-widget-tabs\" data-id=\"db7cb0d\" data-element_type=\"widget\" data-widget_type=\"tabs.default\">\n\t\t\t\t<div class=\"elementor-widget-container\">\n\t\t\t\t\t<div class=\"elementor-tabs\">\n\t\t\t<div class=\"elementor-tabs-wrapper\" role=\"tablist\" >\n\t\t\t\t\t\t\t\t\t<div id=\"elementor-tab-title-2301\" class=\"elementor-tab-title elementor-tab-desktop-title\" aria-selected=\"true\" data-tab=\"1\" role=\"tab\" tabindex=\"0\" aria-controls=\"elementor-tab-content-2301\" aria-expanded=\"false\"><a href=\"\">Experiencia<\/a><\/div>\n\t\t\t\t\t\t\t\t\t<div id=\"elementor-tab-title-2302\" class=\"elementor-tab-title elementor-tab-desktop-title\" aria-selected=\"false\" data-tab=\"2\" role=\"tab\" tabindex=\"-1\" aria-controls=\"elementor-tab-content-2302\" aria-expanded=\"false\"><a href=\"\">Educaci\u00f3n<\/a><\/div>\n\t\t\t\t\t\t\t\t\t<div id=\"elementor-tab-title-2303\" class=\"elementor-tab-title elementor-tab-desktop-title\" aria-selected=\"false\" data-tab=\"3\" role=\"tab\" tabindex=\"-1\" aria-controls=\"elementor-tab-content-2303\" aria-expanded=\"false\"><a href=\"\">Publicaciones<\/a><\/div>\n\t\t\t\t\t\t\t\t\t<div id=\"elementor-tab-title-2304\" class=\"elementor-tab-title elementor-tab-desktop-title\" aria-selected=\"false\" data-tab=\"4\" role=\"tab\" tabindex=\"-1\" aria-controls=\"elementor-tab-content-2304\" aria-expanded=\"false\"><a href=\"\">Contacto<\/a><\/div>\n\t\t\t\t\t\t\t<\/div>\n\t\t\t<div class=\"elementor-tabs-content-wrapper\" role=\"tablist\" aria-orientation=\"vertical\">\n\t\t\t\t\t\t\t\t\t<div class=\"elementor-tab-title elementor-tab-mobile-title\" aria-selected=\"true\" data-tab=\"1\" role=\"tab\" tabindex=\"0\" aria-controls=\"elementor-tab-content-2301\" aria-expanded=\"false\">Experiencia<\/div>\n\t\t\t\t\t<div id=\"elementor-tab-content-2301\" class=\"elementor-tab-content elementor-clearfix\" data-tab=\"1\" role=\"tabpanel\" aria-labelledby=\"elementor-tab-title-2301\" tabindex=\"0\" hidden=\"false\"><p style=\"margin-top: 12pt; line-height: normal; border-width: initial; border-style: none;\"><span lang=\"ES\" style=\"font-size: 11.0pt; mso-fareast-font-family: 'Arial Nova'; mso-bidi-font-family: 'Arial Nova'; color: black;\">2019 &#8211; Actualidad <\/span><\/p><p style=\"line-height: normal; border-width: initial; border-style: none;\"><b><span lang=\"ES\" style=\"font-size: 11.0pt; mso-fareast-font-family: 'Arial Nova'; mso-bidi-font-family: 'Arial Nova'; color: black;\">Coordinadora de Entornos Virtuales del CUNIZAB<\/span><\/b><\/p><p style=\"margin: 0cm 36pt 12pt 0cm; border-width: initial; border-style: none;\"><span lang=\"ES\" style=\"mso-bidi-font-size: 9.0pt; line-height: 130%; mso-fareast-font-family: 'Arial Nova'; mso-bidi-font-family: 'Arial Nova'; color: black;\">Gesti\u00f3n y coordinaci\u00f3n de la red de comunicaci\u00f3n y plataformas virtuales del Centro Universitario de Izabal de la Universidad de San Carlos de Guatemala.<\/span><\/p><p style=\"margin-top: 12pt; line-height: normal; border-width: initial; border-style: none;\"><span lang=\"ES\" style=\"font-size: 11.0pt; mso-fareast-font-family: 'Arial Nova'; mso-bidi-font-family: 'Arial Nova'; color: black;\">2013 &#8211; 2016 <\/span><\/p><p style=\"line-height: normal; border-width: initial; border-style: none;\"><b><span lang=\"ES\" style=\"font-size: 11.0pt; mso-fareast-font-family: 'Arial Nova'; mso-bidi-font-family: 'Arial Nova'; color: black;\">Coordinaci\u00f3n de la carrera de Pedagog\u00eda<\/span><\/b><\/p><p style=\"margin: 0cm 36pt 12pt 0cm; border-width: initial; border-style: none;\"><span lang=\"ES\" style=\"mso-bidi-font-size: 9.0pt; line-height: 130%; mso-fareast-font-family: 'Arial Nova'; mso-bidi-font-family: 'Arial Nova'; color: black;\">Administraci\u00f3n de los recursos, gesti\u00f3n y coordinaci\u00f3n de las actividades acad\u00e9micas de la carrera de Licenciatura y T\u00e9cnicos en Pedagog\u00eda.<\/span><\/p><p style=\"margin-top: 12pt; line-height: normal; border-width: initial; border-style: none;\"><span lang=\"ES\" style=\"font-size: 11.0pt; mso-fareast-font-family: 'Arial Nova'; mso-bidi-font-family: 'Arial Nova'; color: black;\">1999 &#8211; 2005 <\/span><\/p><p style=\"line-height: normal; border-width: initial; border-style: none;\"><b><span lang=\"ES\" style=\"font-size: 11.0pt; mso-fareast-font-family: 'Arial Nova'; mso-bidi-font-family: 'Arial Nova'; color: black;\">Instructor de Inform\u00e1tica de INTECAP CST<\/span><\/b><\/p><p><span style=\"color: #000000; font-size: 15px; font-style: normal; font-weight: 400; font-family: var( --e-global-typography-text-font-family ), Sans-serif;\">Administrar y organizar las actividades t\u00e9cnicas en el \u00e1rea de Inform\u00e1tica del Centro Santo Tom\u00e1s de Castilla INTECAP.<\/span><\/p><\/div>\n\t\t\t\t\t\t\t\t\t<div class=\"elementor-tab-title elementor-tab-mobile-title\" aria-selected=\"false\" data-tab=\"2\" role=\"tab\" tabindex=\"-1\" aria-controls=\"elementor-tab-content-2302\" aria-expanded=\"false\">Educaci\u00f3n<\/div>\n\t\t\t\t\t<div id=\"elementor-tab-content-2302\" class=\"elementor-tab-content elementor-clearfix\" data-tab=\"2\" role=\"tabpanel\" aria-labelledby=\"elementor-tab-title-2302\" tabindex=\"0\" hidden=\"hidden\"><p style=\"border-width: initial; border-style: none; font-size: 15px; font-style: normal; font-weight: 400; margin-top: 12pt; line-height: normal;\"><span lang=\"ES\" style=\"font-size: 11pt; color: black;\">2019<\/span><\/p><p style=\"border-width: initial; border-style: none; font-size: 15px; font-style: normal; font-weight: 400; line-height: normal;\"><span style=\"font-weight: bold;\"><span lang=\"ES\" style=\"font-size: 11pt; color: black;\">MBA con menci\u00f3n en Finanzas de la Empresa<\/span><\/span><\/p><p style=\"font-size: 15px; font-style: normal; font-weight: 400;\"><span lang=\"ES\" style=\"font-size: 15px;\">Universidad Mariano G\u00e1lvez de Guatemala<\/span><\/p><p style=\"font-size: 15px; font-style: normal; font-weight: 400; line-height: normal;\"><span style=\"font-size: 15px; font-style: normal; font-weight: bold;\"><span lang=\"ES\" style=\"font-size: 11pt; color: black;\">Postgrado de Especializaci\u00f3n en Educaci\u00f3n Virtual para Nivel Superior<\/span><\/span><\/p><p style=\"font-size: 15px; font-style: normal; font-weight: 400; line-height: normal;\"><span style=\"color: var( --e-global-color-text ); font-size: 15px; font-style: normal; font-weight: 400; font-family: var( --e-global-typography-text-font-family ), Sans-serif;\">Escuela de Estudios de Postgrado, Facultad de Ingenier\u00eda, USAC<\/span><\/p><p style=\"border-width: initial; border-style: none; font-size: 15px; font-style: normal; font-weight: 400; margin-top: 12pt; line-height: normal;\"><span lang=\"ES\" style=\"font-size: 11pt; color: black;\">2010<\/span><\/p><p style=\"border-width: initial; border-style: none; font-size: 15px; font-style: normal; font-weight: 400; line-height: normal;\"><span style=\"font-weight: bold;\"><span lang=\"ES\" style=\"font-size: 11pt; color: black;\">Licenciatura en Administraci\u00f3n de Empresas<\/span><\/span><\/p><p style=\"font-size: 15px; font-style: normal; font-weight: 400;\"><span lang=\"ES\" style=\"font-size: 15px;\">Universidad de San Carlos de Guatemala \u2013 CUNIZAB<\/span><\/p><p style=\"border-width: initial; border-style: none; font-size: 15px; font-style: normal; font-weight: 400; margin-top: 12pt; line-height: normal;\"><span style=\"font-weight: bold;\"><span lang=\"ES\" style=\"font-size: 11pt; color: black;\">Cierre de pensum<\/span><\/span><\/p><p style=\"border-width: initial; border-style: none; font-size: 15px; font-style: normal; font-weight: 400; margin-top: 12pt; line-height: normal;\"><span lang=\"ES\" style=\"font-size: 11pt; color: black;\">2022<\/span><\/p><p style=\"border-width: initial; border-style: none; font-size: 15px; font-style: normal; font-weight: 400; line-height: normal;\"><span style=\"font-weight: bold;\"><span lang=\"ES\" style=\"font-size: 11pt; color: black;\">M.A. en Docencia universitaria con \u00e9nfasis en Andragog\u00eda<\/span><\/span><\/p><p style=\"font-size: 15px; font-style: normal; font-weight: 400;\"><span lang=\"ES\" style=\"font-size: 15px;\">USAC &#8211; CUNIZAB<\/span><\/p><p style=\"font-size: 15px; font-style: normal; font-weight: 400; line-height: normal;\"><span style=\"color: #000000; font-size: 14.6667px; font-style: normal; font-weight: bold;\">M.A. en Docencia universitaria\u00a0<\/span><span style=\"color: #000000; font-size: 14.6667px; font-style: normal; font-weight: bold;\">con \u00e9nfasis en tecnolog\u00edas innovadoras para la educaci\u00f3n<\/span><\/p><p style=\"font-size: 15px; font-style: normal; font-weight: 400;\"><span lang=\"ES\" style=\"font-size: 15px;\">USAC &#8211; Facultad de humanidades<\/span><span style=\"font-size: 15px; color: var( --e-global-color-text ); font-family: var( --e-global-typography-text-font-family ), Sans-serif;\">\u00a0<\/span><\/p><\/div>\n\t\t\t\t\t\t\t\t\t<div class=\"elementor-tab-title elementor-tab-mobile-title\" aria-selected=\"false\" data-tab=\"3\" role=\"tab\" tabindex=\"-1\" aria-controls=\"elementor-tab-content-2303\" aria-expanded=\"false\">Publicaciones<\/div>\n\t\t\t\t\t<div id=\"elementor-tab-content-2303\" class=\"elementor-tab-content elementor-clearfix\" data-tab=\"3\" role=\"tabpanel\" aria-labelledby=\"elementor-tab-title-2303\" tabindex=\"0\" hidden=\"hidden\"><p style=\"border-width: initial; border-style: none; font-size: 15px; font-style: normal; font-weight: 400; margin: 12pt 0cm 0.0001pt 14.4pt; text-indent: -14.4pt;\"><span lang=\"ES\" style=\"font-size: 15px; line-height: 19.5px; font-family: 'Noto Sans', sans-serif; color: black;\">\u25cf<span style=\"font-size: 7pt; font-style: normal; font-weight: normal; font-variant-numeric: normal; font-variant-east-asian: normal; font-stretch: normal; line-height: normal; font-family: 'Times New Roman';\">\u00a0\u00a0\u00a0\u00a0\u00a0\u00a0<\/span><\/span><span lang=\"ES\" style=\"font-size: 15px; line-height: 19.5px; color: black;\">Modalidad de aprendizaje h\u00edbrido: propuesta para la carrera de Administraci\u00f3n de empresas, del Centro Universitario de Izabal \u2013 CUNIZAB, sede Puerto Barrios. (2022)<\/span><\/p><p style=\"border-width: initial; border-style: none; font-size: 15px; font-style: normal; font-weight: 400; margin: 12pt 0cm 0.0001pt 14.4pt; text-indent: -14.4pt;\"><span lang=\"ES\" style=\"font-size: 15px; line-height: 19.5px; font-family: 'Noto Sans', sans-serif; color: black;\">\u25cf<span style=\"font-size: 7pt; font-style: normal; font-weight: normal; font-variant-numeric: normal; font-variant-east-asian: normal; font-stretch: normal; line-height: normal; font-family: 'Times New Roman';\">\u00a0\u00a0\u00a0\u00a0\u00a0\u00a0<\/span><\/span><span lang=\"ES\" style=\"font-size: 15px; line-height: 19.5px; color: black;\">Formaci\u00f3n docente en mediaci\u00f3n y elaboraci\u00f3n de materiales did\u00e1cticos para mejorar el proceso de ense\u00f1anza-aprendizaje significativo<\/span><\/p><\/div>\n\t\t\t\t\t\t\t\t\t<div class=\"elementor-tab-title elementor-tab-mobile-title\" aria-selected=\"false\" data-tab=\"4\" role=\"tab\" tabindex=\"-1\" aria-controls=\"elementor-tab-content-2304\" aria-expanded=\"false\">Contacto<\/div>\n\t\t\t\t\t<div id=\"elementor-tab-content-2304\" class=\"elementor-tab-content elementor-clearfix\" data-tab=\"4\" role=\"tabpanel\" aria-labelledby=\"elementor-tab-title-2304\" tabindex=\"0\" hidden=\"hidden\"><p><b style=\"color: var( --e-global-color-text ); font-family: var( --e-global-typography-text-font-family ), Sans-serif; font-style: inherit;\"><span lang=\"ES\" style=\"font-size: 11.0pt; mso-fareast-font-family: 'Arial Nova'; mso-bidi-font-family: 'Arial Nova'; color: black;\">M\u00e1s acerca de mi:<\/span><\/b><\/p>\n<div style=\"display: flex; justify-content: center; align-items: center;\"><i style=\"color: slategray;\"><\/i><\/div>\n<link rel=\"stylesheet\" href=\"https:\/\/cdnjs.cloudflare.com\/ajax\/libs\/font-awesome\/4.7.0\/css\/font-awesome.min.css\">\n<div class=\"list-group\" style=\"display: flex; justify-content: center; align-items: center;\">\n  <a href=\"https:\/\/gt.linkedin.com\/in\/silviavargasdemorales\" class=\"list-group-item\" target=\"_blank\" title=\"LinkedIn\"><i class=\"fa fa-linkedin-square fa-4x\"><\/i><\/a>&nbsp;&nbsp;<br>  <a href=\"https:\/\/wa.link\/77r9wm\" class=\"list-group-item\" target=\"_blank\" title=\"WhatsApp\"><i class=\"fa fa-whatsapp fa-4x\" style=\"color: #00bb2d;\"><\/i><\/a>&nbsp;&nbsp;<br>  <a href=\"https:\/\/www.youtube.com\/channel\/UCjZMSLnN9KfjGUkRRLEmjmg\" class=\"list-group-item\" target=\"_blank\" title=\"YouTube\"><i class=\"fa fa-youtube-play fa-4x\" style=\"color: #ff0000;\"><\/i><\/a>&nbsp;&nbsp;<br>  <a href=\"https:\/\/es-la.facebook.com\/silviaelizabeth.vargasgarciademorales\/\" class=\"list-group-item\" target=\"_blank\" title=\"Facebook\"><i class=\"fa fa-facebook-official fa-4x\" style=\"color: #3b5998;\"><\/i><\/a>&nbsp;&nbsp;<a href=\"mailto:silvia.vargas@cunizab.edu.gt\" class=\"list-group-item\" target=\"_blank\" title=\"E-mail\"><i class=\"fa fa-envelope fa-4x\" style=\"color: slategray;\"><\/i><\/a>\n<\/div><\/div>\n\t\t\t\t\t\t\t<\/div>\n\t\t<\/div>\n\t\t\t\t<\/div>\n\t\t\t\t<\/div>\n\t\t\t\t\t\t<\/div>\n\t\t\t\t\t<\/div>\n\t\t<\/div>\n\t\t\t\t\t\t\t\t<\/div>\n\t\t\t\t\t<\/div>\n\t\t<\/section>\n\t\t\t\t\t\t<\/div>\n\t\t\t\t\t\t<\/div>\n\t\t\t\t\t<\/div>\n\t\t ","protected":false},"excerpt":{"rendered":"<p>MA. Lcda. Silvia Elizabeth Vargas Garc\u00eda de Morales Docente en la sede de Puerto Barrios Profesional enfocada al negocio, con amplia experiencia en formaci\u00f3n, capacitaci\u00f3n y desarrollo de talento. Conocimiento y experiencia en uso de herramientas de tecnolog\u00eda de la informaci\u00f3n y la comunicaci\u00f3n. Experiencia Educaci\u00f3n Publicaciones Contacto Experiencia 2019 &#8211; Actualidad Coordinadora de Entornos &hellip;<\/p>\n<p class=\"read-more\"> <a class=\"\" href=\"https:\/\/cunizab.edu.gt\/index.php\/docenteperfilsilviavargas\/\"> <span class=\"screen-reader-text\">DocentePerfilSilviaVargas<\/span> Read More &raquo;<\/a><\/p>\n","protected":false},"author":1,"featured_media":0,"parent":0,"menu_order":0,"comment_status":"closed","ping_status":"closed","template":"","meta":{"footnotes":""},"class_list":["post-2501","page","type-page","status-publish","hentry"],"_links":{"self":[{"href":"https:\/\/cunizab.edu.gt\/index.php\/wp-json\/wp\/v2\/pages\/2501","targetHints":{"allow":["GET"]}}],"collection":[{"href":"https:\/\/cunizab.edu.gt\/index.php\/wp-json\/wp\/v2\/pages"}],"about":[{"href":"https:\/\/cunizab.edu.gt\/index.php\/wp-json\/wp\/v2\/types\/page"}],"author":[{"embeddable":true,"href":"https:\/\/cunizab.edu.gt\/index.php\/wp-json\/wp\/v2\/users\/1"}],"replies":[{"embeddable":true,"href":"https:\/\/cunizab.edu.gt\/index.php\/wp-json\/wp\/v2\/comments?post=2501"}],"version-history":[{"count":188,"href":"https:\/\/cunizab.edu.gt\/index.php\/wp-json\/wp\/v2\/pages\/2501\/revisions"}],"predecessor-version":[{"id":3700,"href":"https:\/\/cunizab.edu.gt\/index.php\/wp-json\/wp\/v2\/pages\/2501\/revisions\/3700"}],"wp:attachment":[{"href":"https:\/\/cunizab.edu.gt\/index.php\/wp-json\/wp\/v2\/media?parent=2501"}],"curies":[{"name":"wp","href":"https:\/\/api.w.org\/{rel}","templated":true}]}}