{"id":2247,"date":"2022-10-14T03:05:03","date_gmt":"2022-10-14T03:05:03","guid":{"rendered":"https:\/\/cunizab.edu.gt\/?page_id=2247"},"modified":"2024-03-12T13:32:12","modified_gmt":"2024-03-12T13:32:12","slug":"infoderecho","status":"publish","type":"page","link":"https:\/\/cunizab.edu.gt\/index.php\/infoderecho\/","title":{"rendered":"InfoDerecho"},"content":{"rendered":"\t\t<div data-elementor-type=\"wp-page\" data-elementor-id=\"2247\" class=\"elementor elementor-2247\" data-elementor-settings=\"[]\">\n\t\t\t\t\t\t<div class=\"elementor-inner\">\n\t\t\t\t\t\t\t<div class=\"elementor-section-wrap\">\n\t\t\t\t\t\t\t<section class=\"elementor-section elementor-top-section elementor-element elementor-element-4a3bc2d elementor-section-height-min-height elementor-section-boxed elementor-section-height-default elementor-section-items-middle\" data-id=\"4a3bc2d\" data-element_type=\"section\" data-settings=\"{&quot;background_background&quot;:&quot;classic&quot;}\">\n\t\t\t\t\t\t\t<div class=\"elementor-background-overlay\"><\/div>\n\t\t\t\t\t\t\t<div class=\"elementor-container elementor-column-gap-default\">\n\t\t\t\t\t\t\t<div class=\"elementor-row\">\n\t\t\t\t\t<div class=\"elementor-column elementor-col-100 elementor-top-column elementor-element elementor-element-abfbce3 elementor-invisible\" data-id=\"abfbce3\" data-element_type=\"column\" data-settings=\"{&quot;animation&quot;:&quot;fadeInUp&quot;}\">\n\t\t\t<div class=\"elementor-column-wrap elementor-element-populated\">\n\t\t\t\t\t\t\t<div class=\"elementor-widget-wrap\">\n\t\t\t\t\t\t<div class=\"elementor-element elementor-element-52c7476 elementor-widget elementor-widget-heading\" data-id=\"52c7476\" data-element_type=\"widget\" data-widget_type=\"heading.default\">\n\t\t\t\t<div class=\"elementor-widget-container\">\n\t\t\t<h1 class=\"elementor-heading-title elementor-size-xl\">Licenciatura en ciencias jur\u00eddicas y sociales abogado y notario<\/h1>\t\t<\/div>\n\t\t\t\t<\/div>\n\t\t\t\t<div class=\"elementor-element elementor-element-d473c45 elementor-widget-divider--view-line elementor-widget elementor-widget-divider\" data-id=\"d473c45\" data-element_type=\"widget\" data-widget_type=\"divider.default\">\n\t\t\t\t<div class=\"elementor-widget-container\">\n\t\t\t\t\t<div class=\"elementor-divider\">\n\t\t\t<span class=\"elementor-divider-separator\">\n\t\t\t\t\t\t<\/span>\n\t\t<\/div>\n\t\t\t\t<\/div>\n\t\t\t\t<\/div>\n\t\t\t\t\t\t<\/div>\n\t\t\t\t\t<\/div>\n\t\t<\/div>\n\t\t\t\t\t\t\t\t<\/div>\n\t\t\t\t\t<\/div>\n\t\t<\/section>\n\t\t\t\t<section class=\"elementor-section elementor-top-section elementor-element elementor-element-9c9c1d1 elementor-section-boxed elementor-section-height-default elementor-section-height-default\" data-id=\"9c9c1d1\" data-element_type=\"section\">\n\t\t\t\t\t\t<div class=\"elementor-container elementor-column-gap-default\">\n\t\t\t\t\t\t\t<div class=\"elementor-row\">\n\t\t\t\t\t<div class=\"elementor-column elementor-col-100 elementor-top-column elementor-element elementor-element-8e7f294\" data-id=\"8e7f294\" data-element_type=\"column\">\n\t\t\t<div class=\"elementor-column-wrap elementor-element-populated\">\n\t\t\t\t\t\t\t<div class=\"elementor-widget-wrap\">\n\t\t\t\t\t\t<div class=\"elementor-element elementor-element-fccc0dd elementor-widget elementor-widget-heading\" data-id=\"fccc0dd\" data-element_type=\"widget\" data-widget_type=\"heading.default\">\n\t\t\t\t<div class=\"elementor-widget-container\">\n\t\t\t<h2 class=\"elementor-heading-title elementor-size-default\">Perfil del estudiante<\/h2>\t\t<\/div>\n\t\t\t\t<\/div>\n\t\t\t\t\t\t<\/div>\n\t\t\t\t\t<\/div>\n\t\t<\/div>\n\t\t\t\t\t\t\t\t<\/div>\n\t\t\t\t\t<\/div>\n\t\t<\/section>\n\t\t\t\t<section class=\"elementor-section elementor-top-section elementor-element elementor-element-707a7a0 elementor-section-boxed elementor-section-height-default elementor-section-height-default\" data-id=\"707a7a0\" data-element_type=\"section\">\n\t\t\t\t\t\t<div class=\"elementor-container elementor-column-gap-default\">\n\t\t\t\t\t\t\t<div class=\"elementor-row\">\n\t\t\t\t\t<div class=\"elementor-column elementor-col-50 elementor-top-column elementor-element elementor-element-184bd92\" data-id=\"184bd92\" data-element_type=\"column\" data-settings=\"{&quot;background_background&quot;:&quot;classic&quot;}\">\n\t\t\t<div class=\"elementor-column-wrap elementor-element-populated\">\n\t\t\t\t\t\t\t<div class=\"elementor-widget-wrap\">\n\t\t\t\t\t\t<div class=\"elementor-element elementor-element-4afc88e elementor-widget elementor-widget-image\" data-id=\"4afc88e\" data-element_type=\"widget\" data-widget_type=\"image.default\">\n\t\t\t\t<div class=\"elementor-widget-container\">\n\t\t\t\t\t\t\t\t<div class=\"elementor-image\">\n\t\t\t\t\t\t\t\t\t\t\t\t<img loading=\"lazy\" decoding=\"async\" width=\"920\" height=\"686\" src=\"https:\/\/cunizab.edu.gt\/wp-content\/uploads\/2024\/03\/PerfilIngreso-Derecho.jpg\" class=\"attachment-large size-large\" alt=\"\" srcset=\"https:\/\/cunizab.edu.gt\/wp-content\/uploads\/2024\/03\/PerfilIngreso-Derecho.jpg 920w, https:\/\/cunizab.edu.gt\/wp-content\/uploads\/2024\/03\/PerfilIngreso-Derecho-300x224.jpg 300w, https:\/\/cunizab.edu.gt\/wp-content\/uploads\/2024\/03\/PerfilIngreso-Derecho-768x573.jpg 768w, https:\/\/cunizab.edu.gt\/wp-content\/uploads\/2024\/03\/PerfilIngreso-Derecho-600x447.jpg 600w, https:\/\/cunizab.edu.gt\/wp-content\/uploads\/2024\/03\/PerfilIngreso-Derecho-64x48.jpg 64w\" sizes=\"auto, (max-width: 920px) 100vw, 920px\" \/>\t\t\t\t\t\t\t\t\t\t\t\t\t\t<\/div>\n\t\t\t\t\t\t<\/div>\n\t\t\t\t<\/div>\n\t\t\t\t<div class=\"elementor-element elementor-element-0c76c46 elementor-widget elementor-widget-heading\" data-id=\"0c76c46\" data-element_type=\"widget\" data-widget_type=\"heading.default\">\n\t\t\t\t<div class=\"elementor-widget-container\">\n\t\t\t<h2 class=\"elementor-heading-title elementor-size-default\">Perfil de ingreso<\/h2>\t\t<\/div>\n\t\t\t\t<\/div>\n\t\t\t\t<div class=\"elementor-element elementor-element-aad4977 elementor-widget elementor-widget-text-editor\" data-id=\"aad4977\" data-element_type=\"widget\" data-widget_type=\"text-editor.default\">\n\t\t\t\t<div class=\"elementor-widget-container\">\n\t\t\t\t\t\t\t\t<div class=\"elementor-text-editor elementor-clearfix\">\n\t\t\t\t\t<ul><li>Estudiante egresado de las carreras de nivel medio.<\/li><li>Le debe gustar la lectura.<\/li><li>Que le guste defender sus derechos y el de los dem\u00e1s.<\/li><li>Practicar buenas relaciones interpersonales.<\/li><li>Debe tener sensibilidad ante la problem\u00e1tica social del pa\u00eds.<\/li><li>Debe gustarle la realizaci\u00f3n de la justicia.<\/li><\/ul>\t\t\t\t\t<\/div>\n\t\t\t\t\t\t<\/div>\n\t\t\t\t<\/div>\n\t\t\t\t\t\t<\/div>\n\t\t\t\t\t<\/div>\n\t\t<\/div>\n\t\t\t\t<div class=\"elementor-column elementor-col-50 elementor-top-column elementor-element elementor-element-a9674e4\" data-id=\"a9674e4\" data-element_type=\"column\" data-settings=\"{&quot;background_background&quot;:&quot;classic&quot;}\">\n\t\t\t<div class=\"elementor-column-wrap elementor-element-populated\">\n\t\t\t\t\t\t\t<div class=\"elementor-widget-wrap\">\n\t\t\t\t\t\t<div class=\"elementor-element elementor-element-e4e03c9 elementor-widget elementor-widget-heading\" data-id=\"e4e03c9\" data-element_type=\"widget\" data-widget_type=\"heading.default\">\n\t\t\t\t<div class=\"elementor-widget-container\">\n\t\t\t<h2 class=\"elementor-heading-title elementor-size-default\">Perfil de egreso<\/h2>\t\t<\/div>\n\t\t\t\t<\/div>\n\t\t\t\t<div class=\"elementor-element elementor-element-1deb2df elementor-widget elementor-widget-text-editor\" data-id=\"1deb2df\" data-element_type=\"widget\" data-widget_type=\"text-editor.default\">\n\t\t\t\t<div class=\"elementor-widget-container\">\n\t\t\t\t\t\t\t\t<div class=\"elementor-text-editor elementor-clearfix\">\n\t\t\t\t\t<ul><li>Profesional con capacidad para ejercer la profesi\u00f3n como abogado en litigios, como asesor de entidades publicas o privadas, prestando servicios a la administraci\u00f3n de justicia en calidad de Juez, prestando servicios en la entidad encargada de la persecuci\u00f3n penal en calidad de fiscal del Ministerio Publico, prestando servicios en calidad de defensor publico, a personas de escasos recursos econ\u00f3micos.<span style=\"font-size: 15px; font-style: normal; font-weight: 400;\"><br \/><\/span><\/li><li>Profesional sensibilizado en los problemas nacionales.<\/li><li>Profesional concientizado que el derecho es diverso y se manifiesta de diferentes formas, seg\u00fan sus escuelas filos\u00f3ficas.<\/li><li>Profesionales aut\u00f3nomos y libres para el ejercicio de la profesional.<\/li><li>Profesional que aporta a la soluci\u00f3n de los problemas sociales de su comunidad.<\/li><li>Profesional que en el ejercicio de la profesi\u00f3n debe fortalecer el estado de derecho y la democracia en su pa\u00eds.<\/li><\/ul>\t\t\t\t\t<\/div>\n\t\t\t\t\t\t<\/div>\n\t\t\t\t<\/div>\n\t\t\t\t<div class=\"elementor-element elementor-element-9114ced elementor-widget elementor-widget-image\" data-id=\"9114ced\" data-element_type=\"widget\" data-widget_type=\"image.default\">\n\t\t\t\t<div class=\"elementor-widget-container\">\n\t\t\t\t\t\t\t\t<div class=\"elementor-image\">\n\t\t\t\t\t\t\t\t\t\t\t\t<img loading=\"lazy\" decoding=\"async\" width=\"920\" height=\"614\" src=\"https:\/\/cunizab.edu.gt\/wp-content\/uploads\/2024\/03\/PerfilEgreso-Derecho.jpg\" class=\"attachment-large size-large\" alt=\"\" srcset=\"https:\/\/cunizab.edu.gt\/wp-content\/uploads\/2024\/03\/PerfilEgreso-Derecho.jpg 920w, https:\/\/cunizab.edu.gt\/wp-content\/uploads\/2024\/03\/PerfilEgreso-Derecho-300x200.jpg 300w, https:\/\/cunizab.edu.gt\/wp-content\/uploads\/2024\/03\/PerfilEgreso-Derecho-768x513.jpg 768w, https:\/\/cunizab.edu.gt\/wp-content\/uploads\/2024\/03\/PerfilEgreso-Derecho-600x400.jpg 600w, https:\/\/cunizab.edu.gt\/wp-content\/uploads\/2024\/03\/PerfilEgreso-Derecho-64x43.jpg 64w\" sizes=\"auto, (max-width: 920px) 100vw, 920px\" \/>\t\t\t\t\t\t\t\t\t\t\t\t\t\t<\/div>\n\t\t\t\t\t\t<\/div>\n\t\t\t\t<\/div>\n\t\t\t\t\t\t<\/div>\n\t\t\t\t\t<\/div>\n\t\t<\/div>\n\t\t\t\t\t\t\t\t<\/div>\n\t\t\t\t\t<\/div>\n\t\t<\/section>\n\t\t\t\t<section class=\"elementor-section elementor-top-section elementor-element elementor-element-1c8a647 elementor-section-boxed elementor-section-height-default elementor-section-height-default\" data-id=\"1c8a647\" data-element_type=\"section\">\n\t\t\t\t\t\t<div class=\"elementor-container elementor-column-gap-default\">\n\t\t\t\t\t\t\t<div class=\"elementor-row\">\n\t\t\t\t\t<div class=\"elementor-column elementor-col-100 elementor-top-column elementor-element elementor-element-8a69ffe\" data-id=\"8a69ffe\" data-element_type=\"column\">\n\t\t\t<div class=\"elementor-column-wrap elementor-element-populated\">\n\t\t\t\t\t\t\t<div class=\"elementor-widget-wrap\">\n\t\t\t\t\t\t<div class=\"elementor-element elementor-element-3574774 elementor-widget elementor-widget-heading\" data-id=\"3574774\" data-element_type=\"widget\" data-widget_type=\"heading.default\">\n\t\t\t\t<div class=\"elementor-widget-container\">\n\t\t\t<h2 class=\"elementor-heading-title elementor-size-default\">Competencias<\/h2>\t\t<\/div>\n\t\t\t\t<\/div>\n\t\t\t\t\t\t<\/div>\n\t\t\t\t\t<\/div>\n\t\t<\/div>\n\t\t\t\t\t\t\t\t<\/div>\n\t\t\t\t\t<\/div>\n\t\t<\/section>\n\t\t\t\t\t\t<\/div>\n\t\t\t\t\t\t<\/div>\n\t\t\t\t\t<\/div>\n\t\t ","protected":false},"excerpt":{"rendered":"<p>Licenciatura en ciencias jur\u00eddicas y sociales abogado y notario Perfil del estudiante Perfil de ingreso Estudiante egresado de las carreras de nivel medio. Le debe gustar la lectura. Que le guste defender sus derechos y el de los dem\u00e1s. Practicar buenas relaciones interpersonales. Debe tener sensibilidad ante la problem\u00e1tica social del pa\u00eds. Debe gustarle la &hellip;<\/p>\n<p class=\"read-more\"> <a class=\"\" href=\"https:\/\/cunizab.edu.gt\/index.php\/infoderecho\/\"> <span class=\"screen-reader-text\">InfoDerecho<\/span> Read More &raquo;<\/a><\/p>\n","protected":false},"author":2,"featured_media":0,"parent":0,"menu_order":0,"comment_status":"closed","ping_status":"closed","template":"","meta":{"footnotes":""},"class_list":["post-2247","page","type-page","status-publish","hentry"],"_links":{"self":[{"href":"https:\/\/cunizab.edu.gt\/index.php\/wp-json\/wp\/v2\/pages\/2247","targetHints":{"allow":["GET"]}}],"collection":[{"href":"https:\/\/cunizab.edu.gt\/index.php\/wp-json\/wp\/v2\/pages"}],"about":[{"href":"https:\/\/cunizab.edu.gt\/index.php\/wp-json\/wp\/v2\/types\/page"}],"author":[{"embeddable":true,"href":"https:\/\/cunizab.edu.gt\/index.php\/wp-json\/wp\/v2\/users\/2"}],"replies":[{"embeddable":true,"href":"https:\/\/cunizab.edu.gt\/index.php\/wp-json\/wp\/v2\/comments?post=2247"}],"version-history":[{"count":108,"href":"https:\/\/cunizab.edu.gt\/index.php\/wp-json\/wp\/v2\/pages\/2247\/revisions"}],"predecessor-version":[{"id":4214,"href":"https:\/\/cunizab.edu.gt\/index.php\/wp-json\/wp\/v2\/pages\/2247\/revisions\/4214"}],"wp:attachment":[{"href":"https:\/\/cunizab.edu.gt\/index.php\/wp-json\/wp\/v2\/media?parent=2247"}],"curies":[{"name":"wp","href":"https:\/\/api.w.org\/{rel}","templated":true}]}}